{"id":17027,"date":"2025-09-25T15:23:55","date_gmt":"2025-09-25T13:23:55","guid":{"rendered":"https:\/\/www.lebens-qi.at\/qishop\/?post_type=product&#038;p=17027"},"modified":"2026-01-26T19:09:17","modified_gmt":"2026-01-26T18:09:17","slug":"blume-des-lebens-untersetzer-mit-steinen-in-chakra-farben","status":"publish","type":"product","link":"https:\/\/www.lebens-qi.at\/qishop\/produkt\/blume-des-lebens-untersetzer-mit-steinen-in-chakra-farben\/","title":{"rendered":"Blume des Lebens Untersetzer mit Steinen in Chakra-Farben"},"content":{"rendered":"<p><b>Blume des Lebens Untersetzer aus Mangoholz<\/b><\/p>\n<p>Der Untersetzer mit einem Au\u00dfenrand aus Mangoholz ist mit Halbedelsteinen und einem runden esoterischen Symbol aus leitf\u00e4higem Kupfer gef\u00fcllt. Dadurch wird die Energie der Steine verst\u00e4rkt, \u00e4hnlich wie bei Orgonit. Gegossen in Polyesterharz.<\/p>\n<p>Dieser Untersetzer hat<strong> f\u00fcr alle 7 Chakren<\/strong> Steinchen und ist mit einer wundersch\u00f6nen Blume des Lebens aus Kupfer versehen. <strong>Folgende Steine sind enthalten:<\/strong> Amethyst, Sodalith, Angelit, gr\u00fcner Aventurin, Citrin (gebrannter Amethyst), Karneol und Granat.<\/p>\n<p>Der Untersetzer eignet sich nicht nur als sch\u00f6ne Dekoration auf einem Tisch oder einer Fensterbank, sondern kann <strong>zur Belebung von Wasser verwendet werden:<\/strong> einfach ein Glas oder eine (vorzugsweise Glas-) Flasche Wasser auf den Untersetzer stellen, die Steine vitalisieren\/energetisieren das Wasser. Dazu am besten 15 bis 30 Minuten stehen lassen.<\/p>\n<p><strong>Symbol der Blume des Lebens<\/strong><br \/>\nDie Blume des Lebens ist eines der Standard- und m\u00e4chtigsten Symbole in der Natur, in der heiligen Geometrie. Es ist eine alte Metapher f\u00fcr die Verbindung allen Lebens im Universum. In vielen Kulturen ist dieses Symbol bekannt; Es wird h\u00e4ufig zur Vitalisierung und Energetisierung von Nahrungsmitteln und Fl\u00fcssigkeiten eingesetzt. Seine Form- und Symbolkraft wird \u00fcbertragen und schwingt in Fl\u00fcssigkeiten mit.<\/p>\n<p>Gr\u00f6\u00dfe: \u00d8 10 cm im Karton verpackt<br \/>\nSt\u00e4rke: 1,7 cm<br \/>\nMaterial: Holz, Stein, Kupfer, Polyesterharz<br \/>\nFarbe: bunt<b><\/b><\/p>\n","protected":false},"excerpt":{"rendered":"<p>aus Mangoholz und Amethyst, Sodalith, Angelit, Aventurin, Citrin, Karneol und Granat<\/p>\n","protected":false},"featured_media":17028,"comment_status":"open","ping_status":"closed","template":"","meta":{"_links_to":"","_links_to_target":""},"pwb-brand":[276],"product_brand":[],"product_cat":[582,1487],"product_tag":[308,2261,446,1510,1007,583],"class_list":{"0":"post-17027","1":"product","2":"type-product","3":"status-publish","4":"has-post-thumbnail","6":"pwb-brand-mani-bhadra-phoenix-import","7":"product_cat-blume-des-lebens-produkte","8":"product_cat-kleine-geschenke-fuer-grosse-freude","9":"product_tag-blume-des-lebens","10":"product_tag-chakras","11":"product_tag-chakren","12":"product_tag-mangoholz","13":"product_tag-orgonit","14":"product_tag-untersetzer","15":"pa_herkunft-indien","17":"first","18":"outofstock","19":"taxable","20":"shipping-taxable","21":"purchasable","22":"product-type-simple"},"blog_post_layout_featured_media_urls":{"thumbnail":["https:\/\/www.lebens-qi.at\/qishop\/wp-content\/uploads\/6289-untersetzer-chakra-blumedeslebens-150x150.jpg",150,150,true],"full":["https:\/\/www.lebens-qi.at\/qishop\/wp-content\/uploads\/6289-untersetzer-chakra-blumedeslebens.jpg",800,800,false]},"categories":["276"],"categories_names":{"276":{"name":"Mani Bhadra - Phoenix Import","link":"https:\/\/www.lebens-qi.at\/qishop\/brand\/mani-bhadra-phoenix-import\/"}},"comments_number":"0","brands":[{"id":276,"name":"Mani Bhadra - Phoenix Import","slug":"mani-bhadra-phoenix-import"}],"_links":{"self":[{"href":"https:\/\/www.lebens-qi.at\/qishop\/wp-json\/wp\/v2\/product\/17027","targetHints":{"allow":["GET"]}}],"collection":[{"href":"https:\/\/www.lebens-qi.at\/qishop\/wp-json\/wp\/v2\/product"}],"about":[{"href":"https:\/\/www.lebens-qi.at\/qishop\/wp-json\/wp\/v2\/types\/product"}],"replies":[{"embeddable":true,"href":"https:\/\/www.lebens-qi.at\/qishop\/wp-json\/wp\/v2\/comments?post=17027"}],"wp:featuredmedia":[{"embeddable":true,"href":"https:\/\/www.lebens-qi.at\/qishop\/wp-json\/wp\/v2\/media\/17028"}],"wp:attachment":[{"href":"https:\/\/www.lebens-qi.at\/qishop\/wp-json\/wp\/v2\/media?parent=17027"}],"wp:term":[{"taxonomy":"pwb-brand","embeddable":true,"href":"https:\/\/www.lebens-qi.at\/qishop\/wp-json\/wp\/v2\/pwb-brand?post=17027"},{"taxonomy":"product_brand","embeddable":true,"href":"https:\/\/www.lebens-qi.at\/qishop\/wp-json\/wp\/v2\/product_brand?post=17027"},{"taxonomy":"product_cat","embeddable":true,"href":"https:\/\/www.lebens-qi.at\/qishop\/wp-json\/wp\/v2\/product_cat?post=17027"},{"taxonomy":"product_tag","embeddable":true,"href":"https:\/\/www.lebens-qi.at\/qishop\/wp-json\/wp\/v2\/product_tag?post=17027"}],"curies":[{"name":"wp","href":"https:\/\/api.w.org\/{rel}","templated":true}]}}