{"id":1703,"date":"2024-02-19T11:53:03","date_gmt":"2024-02-19T10:53:03","guid":{"rendered":"https:\/\/www.lebens-qi.at\/qishop\/produkt\/halswaermer-ayurvedischer-tee\/"},"modified":"2025-05-07T15:46:04","modified_gmt":"2025-05-07T13:46:04","slug":"halswaermer-ayurvedischer-tee","status":"publish","type":"product","link":"https:\/\/www.lebens-qi.at\/qishop\/produkt\/halswaermer-ayurvedischer-tee\/","title":{"rendered":"Halsw\u00e4rmer &#8211; Ayurvedischer Tee"},"content":{"rendered":"<p><b>HALSW\u00c4RMER<br \/>\nAyurvedische Kr\u00e4uterteemischung<br \/>\nmit S\u00fc\u00dfholz, Fenchel, Thymian<\/b><\/p>\n<p>S\u00fc\u00df, samtig, verw\u00f6hnend.<br \/>\nSchenke Deinem Hals W\u00e4rme! Verw\u00f6hnen Dich\u00a0mit der Samtigkeit und W\u00e4rme dieser leckeren Kombination aus S\u00fc\u00dfholz und Fenchel mit Orangenschalen, Ingwer und Thymian. Einfach ein wunderbares Geschmackserlebnis.<b><\/b><\/p>\n<p>Der Tee f\u00fcr alle, die genie\u00dfen wollen.<\/p>\n<p>Zutaten: S\u00fc\u00dfholz*, Fenchel*, Zimt*, Orangenschalen*, Ingwer*, Thymian*<br \/>\nEnth\u00e4lt S\u00fc\u00dfholz \u2013 bei hohem Blutdruck sollte ein \u00fcberm\u00e4\u00dfiger Verzehr dieses Erzeugnisses vermieden werden.<br \/>\n* = kontrolliert \u00f6kologischer Anbau<\/p>\n<p><b>Inhalt:<\/b> 17 Teebeutel, Gewicht 32,3 g (17 x 1,9 g)<\/p>\n<p><b><em>\u00dcber Yogi Tees:<\/em><\/b><br \/>\nSeit \u00fcber 40 Jahren steht YOGI TEA\u00ae f\u00fcr k\u00f6stliche Kr\u00e4uter- und Gew\u00fcrztees, die auf einzigartigen ayurvedischen Teerezepturen basieren, deren Wurzeln in der 3.000 Jahre alten indischen Philosophie des Ayurveda liegen.<\/p>\n","protected":false},"excerpt":{"rendered":"<p>mit S\u00fc\u00dfholz, Fenchel, Thymian<\/p>\n","protected":false},"featured_media":14782,"comment_status":"closed","ping_status":"closed","template":"","meta":{"_links_to":"","_links_to_target":""},"pwb-brand":[433],"product_brand":[],"product_cat":[430],"product_tag":[460,443,459],"class_list":{"0":"post-1703","1":"product","2":"type-product","3":"status-publish","4":"has-post-thumbnail","6":"pwb-brand-yogi-tea","7":"product_cat-yogi-tea","8":"product_tag-ayurvedischer-tee","9":"product_tag-tee","10":"product_tag-yogitee","12":"first","13":"instock","14":"taxable","15":"shipping-taxable","16":"purchasable","17":"product-type-simple"},"blog_post_layout_featured_media_urls":{"thumbnail":["https:\/\/www.lebens-qi.at\/qishop\/wp-content\/uploads\/Halswaermer-150x150.png",150,150,true],"full":["https:\/\/www.lebens-qi.at\/qishop\/wp-content\/uploads\/Halswaermer.png",800,800,false]},"categories":["433"],"categories_names":{"433":{"name":"Yogi Tea","link":"https:\/\/www.lebens-qi.at\/qishop\/brand\/yogi-tea\/"}},"comments_number":"0","brands":[{"id":433,"name":"Yogi Tea","slug":"yogi-tea"}],"_links":{"self":[{"href":"https:\/\/www.lebens-qi.at\/qishop\/wp-json\/wp\/v2\/product\/1703","targetHints":{"allow":["GET"]}}],"collection":[{"href":"https:\/\/www.lebens-qi.at\/qishop\/wp-json\/wp\/v2\/product"}],"about":[{"href":"https:\/\/www.lebens-qi.at\/qishop\/wp-json\/wp\/v2\/types\/product"}],"replies":[{"embeddable":true,"href":"https:\/\/www.lebens-qi.at\/qishop\/wp-json\/wp\/v2\/comments?post=1703"}],"wp:featuredmedia":[{"embeddable":true,"href":"https:\/\/www.lebens-qi.at\/qishop\/wp-json\/wp\/v2\/media\/14782"}],"wp:attachment":[{"href":"https:\/\/www.lebens-qi.at\/qishop\/wp-json\/wp\/v2\/media?parent=1703"}],"wp:term":[{"taxonomy":"pwb-brand","embeddable":true,"href":"https:\/\/www.lebens-qi.at\/qishop\/wp-json\/wp\/v2\/pwb-brand?post=1703"},{"taxonomy":"product_brand","embeddable":true,"href":"https:\/\/www.lebens-qi.at\/qishop\/wp-json\/wp\/v2\/product_brand?post=1703"},{"taxonomy":"product_cat","embeddable":true,"href":"https:\/\/www.lebens-qi.at\/qishop\/wp-json\/wp\/v2\/product_cat?post=1703"},{"taxonomy":"product_tag","embeddable":true,"href":"https:\/\/www.lebens-qi.at\/qishop\/wp-json\/wp\/v2\/product_tag?post=1703"}],"curies":[{"name":"wp","href":"https:\/\/api.w.org\/{rel}","templated":true}]}}