{"id":17030,"date":"2025-09-25T15:42:30","date_gmt":"2025-09-25T13:42:30","guid":{"rendered":"https:\/\/www.lebens-qi.at\/qishop\/?post_type=product&#038;p=17030"},"modified":"2025-09-25T17:18:12","modified_gmt":"2025-09-25T15:18:12","slug":"baum-des-lebens-untersetzer-mit-steinen","status":"publish","type":"product","link":"https:\/\/www.lebens-qi.at\/qishop\/produkt\/baum-des-lebens-untersetzer-mit-steinen\/","title":{"rendered":"Baum des Lebens Untersetzer mit Steinen"},"content":{"rendered":"<p><b>Baum des Lebens Untersetzer aus Mangoholz<\/b><\/p>\n<p>Der Untersetzer mit einem Au\u00dfenrand aus Mangoholz ist mit Halbedelsteinen und einem runden esoterischen Symbol gef\u00fcllt. Dadurch wird die Energie der Steine verst\u00e4rkt, \u00e4hnlich wie bei Orgonit. Gegossen in Polyesterharz.<\/p>\n<p>Diese Untersetzer enth\u00e4lt\u00a0<strong>Tigerauge- und gr\u00fcne Aventurin-<\/strong>Steinchen und ist mit einem wundersch\u00f6nen Baum des Lebens aus Messing versehen.<\/p>\n<p>Der Untersetzer eignet sich nicht nur als sch\u00f6ne Dekoration auf einem Tisch oder einer Fensterbank, sondern kann <strong>zur Belebung von Wasser verwendet werden:<\/strong> einfach ein Glas oder eine (vorzugsweise Glas-) Flasche Wasser auf den Untersetzer stellen, die Steine vitalisieren\/energetisieren das Wasser. Dazu am besten 15 bis 30 Minuten stehen lassen.<\/p>\n<p><strong>Symbol der Baum des Lebens<\/strong><br \/>\n<span lang=\"EN-GB\">Der Baum des Lebens ist ein kraftvolles Symbol, das seit Jahrhunderten weltweit in verschiedenen religi\u00f6sen und spirituellen Traditionen existiert. Auch bekannt als Yggdrasil, der Weltbaum, der sich \u00fcber 9 Bereiche erstreckt und die 3 magischen Quellen allen Lebens enth\u00e4lt: die Quelle der Weisheit und des Wissens, die Quelle der Vergangenheit, der Gegenwart und der Zukunft und die Quelle des Raums, der Kosmos selbst.<\/span><\/p>\n<p>Gr\u00f6\u00dfe: \u00d8 10 cm im Karton verpackt<br \/>\nSt\u00e4rke: 1,7 cm<br \/>\nMaterial: Holz, Stein, Messing, Polyesterharz<br \/>\nFarbe: gr\u00fcn und etwas goldbraun<b><\/b><\/p>\n","protected":false},"excerpt":{"rendered":"<p>aus Mangoholz, Aventurin und Tigerauge<\/p>\n","protected":false},"featured_media":17032,"comment_status":"open","ping_status":"closed","template":"","meta":{"_links_to":"","_links_to_target":""},"pwb-brand":[276],"product_brand":[],"product_cat":[1487],"product_tag":[194,2960,312,1510,1007,568,583],"class_list":{"0":"post-17030","1":"product","2":"type-product","3":"status-publish","4":"has-post-thumbnail","6":"pwb-brand-mani-bhadra-phoenix-import","7":"product_cat-kleine-geschenke-fuer-grosse-freude","8":"product_tag-aventurin","9":"product_tag-baum-des-lebens","10":"product_tag-lebensbaum","11":"product_tag-mangoholz","12":"product_tag-orgonit","13":"product_tag-tigerauge","14":"product_tag-untersetzer","15":"pa_herkunft-indien","17":"first","18":"instock","19":"taxable","20":"shipping-taxable","21":"purchasable","22":"product-type-simple"},"blog_post_layout_featured_media_urls":{"thumbnail":["https:\/\/www.lebens-qi.at\/qishop\/wp-content\/uploads\/6290-untersetzer-lebensbaum-aventurin-150x150.jpg",150,150,true],"full":["https:\/\/www.lebens-qi.at\/qishop\/wp-content\/uploads\/6290-untersetzer-lebensbaum-aventurin.jpg",800,800,false]},"categories":["276"],"categories_names":{"276":{"name":"Mani Bhadra - Phoenix Import","link":"https:\/\/www.lebens-qi.at\/qishop\/brand\/mani-bhadra-phoenix-import\/"}},"comments_number":"0","brands":[{"id":276,"name":"Mani Bhadra - Phoenix Import","slug":"mani-bhadra-phoenix-import"}],"_links":{"self":[{"href":"https:\/\/www.lebens-qi.at\/qishop\/wp-json\/wp\/v2\/product\/17030","targetHints":{"allow":["GET"]}}],"collection":[{"href":"https:\/\/www.lebens-qi.at\/qishop\/wp-json\/wp\/v2\/product"}],"about":[{"href":"https:\/\/www.lebens-qi.at\/qishop\/wp-json\/wp\/v2\/types\/product"}],"replies":[{"embeddable":true,"href":"https:\/\/www.lebens-qi.at\/qishop\/wp-json\/wp\/v2\/comments?post=17030"}],"wp:featuredmedia":[{"embeddable":true,"href":"https:\/\/www.lebens-qi.at\/qishop\/wp-json\/wp\/v2\/media\/17032"}],"wp:attachment":[{"href":"https:\/\/www.lebens-qi.at\/qishop\/wp-json\/wp\/v2\/media?parent=17030"}],"wp:term":[{"taxonomy":"pwb-brand","embeddable":true,"href":"https:\/\/www.lebens-qi.at\/qishop\/wp-json\/wp\/v2\/pwb-brand?post=17030"},{"taxonomy":"product_brand","embeddable":true,"href":"https:\/\/www.lebens-qi.at\/qishop\/wp-json\/wp\/v2\/product_brand?post=17030"},{"taxonomy":"product_cat","embeddable":true,"href":"https:\/\/www.lebens-qi.at\/qishop\/wp-json\/wp\/v2\/product_cat?post=17030"},{"taxonomy":"product_tag","embeddable":true,"href":"https:\/\/www.lebens-qi.at\/qishop\/wp-json\/wp\/v2\/product_tag?post=17030"}],"curies":[{"name":"wp","href":"https:\/\/api.w.org\/{rel}","templated":true}]}}