{"id":17105,"date":"2025-10-09T15:54:47","date_gmt":"2025-10-09T13:54:47","guid":{"rendered":"https:\/\/www.lebens-qi.at\/qishop\/?post_type=product&#038;p=17105"},"modified":"2025-10-13T09:34:44","modified_gmt":"2025-10-13T07:34:44","slug":"yin-yang-anhaenger-aus-silber","status":"publish","type":"product","link":"https:\/\/www.lebens-qi.at\/qishop\/produkt\/yin-yang-anhaenger-aus-silber\/","title":{"rendered":"Yin Yang Anh\u00e4nger aus Silber"},"content":{"rendered":"<p><b>Yin Yang Symbol-Anh\u00e4nger\u00a0<\/b><\/p>\n<p>Im Licht ist der Samen der Dunkelheit und in der Dunkelheit der Samen des Lichts &#8211; Yin Yang ist ein Symbol f\u00fcr Gegens\u00e4tze und die noch herrschende Dualit\u00e4t und gleichzeitig das Zeichen daf\u00fcr, dass beides notwendig ist f\u00fcr Balance und ein harmonsiches Gleichgewicht. Yin kann ohne Yang nicht existieren und umgekehrt, sie gleichen sich aus und bilden gemeinsam das gro\u00dfe Ganze.<\/p>\n<p><b>Material:<\/b> Silber mit Einlegearbeit<br \/>\n<b>Farbe: <\/b>Silber, Schwarz, Wei\u00df<br \/>\n<b>Gr\u00f6\u00dfe:<\/b> Durchmesser ca. 14 mm<\/p>\n","protected":false},"excerpt":{"rendered":"<p>mit Einlegearbeit in Schwarz-Wei\u00df<\/p>\n","protected":false},"featured_media":17107,"comment_status":"open","ping_status":"closed","template":"","meta":{"_links_to":"","_links_to_target":""},"pwb-brand":[617],"product_brand":[],"product_cat":[1011],"product_tag":[117,118,1241,606],"class_list":{"0":"post-17105","1":"product","2":"type-product","3":"status-publish","4":"has-post-thumbnail","6":"pwb-brand-yantra","7":"product_cat-symbolschmuck","8":"product_tag-anhaenger","9":"product_tag-schmuck","10":"product_tag-silber","11":"product_tag-yin-yang","13":"first","14":"instock","15":"taxable","16":"shipping-taxable","17":"purchasable","18":"product-type-simple"},"blog_post_layout_featured_media_urls":{"thumbnail":["https:\/\/www.lebens-qi.at\/qishop\/wp-content\/uploads\/yinyang-silber-150x150.png",150,150,true],"full":["https:\/\/www.lebens-qi.at\/qishop\/wp-content\/uploads\/yinyang-silber.png",800,800,false]},"categories":["617"],"categories_names":{"617":{"name":"Yantra","link":"https:\/\/www.lebens-qi.at\/qishop\/brand\/yantra\/"}},"comments_number":"0","brands":[{"id":617,"name":"Yantra","slug":"yantra"}],"_links":{"self":[{"href":"https:\/\/www.lebens-qi.at\/qishop\/wp-json\/wp\/v2\/product\/17105","targetHints":{"allow":["GET"]}}],"collection":[{"href":"https:\/\/www.lebens-qi.at\/qishop\/wp-json\/wp\/v2\/product"}],"about":[{"href":"https:\/\/www.lebens-qi.at\/qishop\/wp-json\/wp\/v2\/types\/product"}],"replies":[{"embeddable":true,"href":"https:\/\/www.lebens-qi.at\/qishop\/wp-json\/wp\/v2\/comments?post=17105"}],"wp:featuredmedia":[{"embeddable":true,"href":"https:\/\/www.lebens-qi.at\/qishop\/wp-json\/wp\/v2\/media\/17107"}],"wp:attachment":[{"href":"https:\/\/www.lebens-qi.at\/qishop\/wp-json\/wp\/v2\/media?parent=17105"}],"wp:term":[{"taxonomy":"pwb-brand","embeddable":true,"href":"https:\/\/www.lebens-qi.at\/qishop\/wp-json\/wp\/v2\/pwb-brand?post=17105"},{"taxonomy":"product_brand","embeddable":true,"href":"https:\/\/www.lebens-qi.at\/qishop\/wp-json\/wp\/v2\/product_brand?post=17105"},{"taxonomy":"product_cat","embeddable":true,"href":"https:\/\/www.lebens-qi.at\/qishop\/wp-json\/wp\/v2\/product_cat?post=17105"},{"taxonomy":"product_tag","embeddable":true,"href":"https:\/\/www.lebens-qi.at\/qishop\/wp-json\/wp\/v2\/product_tag?post=17105"}],"curies":[{"name":"wp","href":"https:\/\/api.w.org\/{rel}","templated":true}]}}