{"id":1711,"date":"2024-02-19T11:53:11","date_gmt":"2024-02-19T10:53:11","guid":{"rendered":"https:\/\/www.lebens-qi.at\/qishop\/produkt\/basische-kraeuter-ayurvedischer-tee\/"},"modified":"2026-02-14T23:03:33","modified_gmt":"2026-02-14T22:03:33","slug":"basische-kraeuter-ayurvedischer-tee","status":"publish","type":"product","link":"https:\/\/www.lebens-qi.at\/qishop\/produkt\/basische-kraeuter-ayurvedischer-tee\/","title":{"rendered":"Basische Kr\u00e4uter &#8211; Ayurvedischer Tee"},"content":{"rendered":"<p><b>BASISCHE KR\u00c4UTER<br \/>\nAyurvedische Kr\u00e4uterteemischung<br \/>\nmit Hafergras, L\u00f6wenzahn, Lavendel<\/b><\/p>\n<p>Mild, ausgeglichen, liebenswert.<br \/>\nAllein die bewusste Zubereitung dieses Tees mit seinem Kr\u00e4uterduft und der sonnengleichen Farbe hilft dabei, die eigene Ausgeglichenheit wiederzufinden. Die sorgf\u00e4ltige Auswahl basischer Kr\u00e4uter aus kontrolliert \u00f6kologischem Anbau schmeckt einfach so lecker, dass man gern eine Tasse mehr trinkt!<br \/>\n<b><br \/>\nDer Tee f\u00fcr alle, die es ausbalanciert m\u00f6gen.<\/b><\/p>\n<p>Zutaten: Zitronengras*, Zitronenmelisse*, L\u00f6wenzahn*, Brennnessel*, Krauseminze*, Himbeerbl\u00e4tter*, <b>Hafergras*<\/b>, Lavendelbl\u00fcten*, Fenchel*, Karotte*, Lindenbl\u00fcten*, Birkenbl\u00e4tter*, Luzerne*, Petersilie*<br \/>\n* = kontrolliert \u00f6kologischer Anbau<\/p>\n<p><b>Inhalt:<\/b> 17 Teebeutel, Gewicht 35,7 g (17 x 2,1 g)<\/p>\n<p><b><em>\u00dcber Yogi Tees:<\/em><\/b><br \/>\nSeit \u00fcber 40 Jahren steht YOGI TEA\u00ae f\u00fcr k\u00f6stliche Kr\u00e4uter- und Gew\u00fcrztees, die auf einzigartigen ayurvedischen Teerezepturen basieren, deren Wurzeln in der 3.000 Jahre alten indischen Philosophie des Ayurveda liegen.<\/p>\n","protected":false},"excerpt":{"rendered":"<p>mit Hafergras, L\u00f6wenzahn, Lavendel<\/p>\n","protected":false},"featured_media":14786,"comment_status":"closed","ping_status":"closed","template":"","meta":{"_links_to":"","_links_to_target":""},"pwb-brand":[433],"product_brand":[],"product_cat":[3019,3075,430],"product_tag":[460,443,459],"class_list":{"0":"post-1711","1":"product","2":"type-product","3":"status-publish","4":"has-post-thumbnail","6":"pwb-brand-yogi-tea","7":"product_cat-ostern","8":"product_cat-imbolc-lichtmess-brigid","9":"product_cat-yogi-tea","10":"product_tag-ayurvedischer-tee","11":"product_tag-tee","12":"product_tag-yogitee","14":"first","15":"instock","16":"taxable","17":"shipping-taxable","18":"purchasable","19":"product-type-simple"},"blog_post_layout_featured_media_urls":{"thumbnail":["https:\/\/www.lebens-qi.at\/qishop\/wp-content\/uploads\/Basische-Kraeuter-150x150.png",150,150,true],"full":["https:\/\/www.lebens-qi.at\/qishop\/wp-content\/uploads\/Basische-Kraeuter.png",800,800,false]},"categories":["433"],"categories_names":{"433":{"name":"Yogi Tea","link":"https:\/\/www.lebens-qi.at\/qishop\/brand\/yogi-tea\/"}},"comments_number":"0","brands":[{"id":433,"name":"Yogi Tea","slug":"yogi-tea"}],"_links":{"self":[{"href":"https:\/\/www.lebens-qi.at\/qishop\/wp-json\/wp\/v2\/product\/1711","targetHints":{"allow":["GET"]}}],"collection":[{"href":"https:\/\/www.lebens-qi.at\/qishop\/wp-json\/wp\/v2\/product"}],"about":[{"href":"https:\/\/www.lebens-qi.at\/qishop\/wp-json\/wp\/v2\/types\/product"}],"replies":[{"embeddable":true,"href":"https:\/\/www.lebens-qi.at\/qishop\/wp-json\/wp\/v2\/comments?post=1711"}],"wp:featuredmedia":[{"embeddable":true,"href":"https:\/\/www.lebens-qi.at\/qishop\/wp-json\/wp\/v2\/media\/14786"}],"wp:attachment":[{"href":"https:\/\/www.lebens-qi.at\/qishop\/wp-json\/wp\/v2\/media?parent=1711"}],"wp:term":[{"taxonomy":"pwb-brand","embeddable":true,"href":"https:\/\/www.lebens-qi.at\/qishop\/wp-json\/wp\/v2\/pwb-brand?post=1711"},{"taxonomy":"product_brand","embeddable":true,"href":"https:\/\/www.lebens-qi.at\/qishop\/wp-json\/wp\/v2\/product_brand?post=1711"},{"taxonomy":"product_cat","embeddable":true,"href":"https:\/\/www.lebens-qi.at\/qishop\/wp-json\/wp\/v2\/product_cat?post=1711"},{"taxonomy":"product_tag","embeddable":true,"href":"https:\/\/www.lebens-qi.at\/qishop\/wp-json\/wp\/v2\/product_tag?post=1711"}],"curies":[{"name":"wp","href":"https:\/\/api.w.org\/{rel}","templated":true}]}}