{"id":17128,"date":"2025-10-15T16:48:52","date_gmt":"2025-10-15T14:48:52","guid":{"rendered":"https:\/\/www.lebens-qi.at\/qishop\/?post_type=product&#038;p=17128"},"modified":"2025-10-15T18:05:17","modified_gmt":"2025-10-15T16:05:17","slug":"labradorit-freiform-poliert-unikat-2","status":"publish","type":"product","link":"https:\/\/www.lebens-qi.at\/qishop\/produkt\/labradorit-freiform-poliert-unikat-2\/","title":{"rendered":"Labradorit &#8211; Freiform &#8211; poliert (Unikat)"},"content":{"rendered":"<h2>Labradorit &#8211; Freiform poliert<\/h2>\n<p>Dieser Labradorit wurde von allen Seiten poliert.<\/p>\n<p>Dadurch hat der Stein einen unverwechselbaren Schimmer und wird somit zum Unikat!<\/p>\n<p>Damit der Labradorit gut steht, hat der Stein eine Standfl\u00e4che &#8211; so kommt er besonders gut zur Geltung.<\/p>\n<p>Die Gr\u00f6\u00dfe des St\u00fcckes ist ca. B 10,5 cm \/ H 9 cm \/ T 5 cm,<\/p>\n<p>Gewicht: 555 Gramm<\/p>\n<p>Herkunft: Madagaskar<\/p>\n<p>&nbsp;<\/p>\n<p><em>Hinweis: Sie erhalten exakt dieses St\u00fcck, zwischenzeitlicher Verkauf vorbehalten!<\/em><\/p>\n","protected":false},"excerpt":{"rendered":"<p>Stein der Gef\u00fchlstiefe, energetischer Raumstaubsauger \ud83d\ude42<\/p>\n","protected":false},"featured_media":17131,"comment_status":"open","ping_status":"closed","template":"","meta":{"_links_to":"","_links_to_target":""},"pwb-brand":[114],"product_brand":[],"product_cat":[1013],"product_tag":[3027,120,1586,1518,1736,2249,1769],"class_list":{"0":"post-17128","1":"product","2":"type-product","3":"status-publish","4":"has-post-thumbnail","6":"pwb-brand-lebens-qi-kraft-der-steine","7":"product_cat-mineralien-raritaeten","8":"product_tag-freiform","9":"product_tag-kristall","10":"product_tag-labradorit","11":"product_tag-mineralien","12":"product_tag-raumharmonisierung","13":"product_tag-standort-gaenserndorf","14":"product_tag-steindeko","15":"pa_herkunft-madagaskar","17":"first","18":"instock","19":"taxable","20":"shipping-taxable","21":"purchasable","22":"product-type-simple"},"blog_post_layout_featured_media_urls":{"thumbnail":["https:\/\/www.lebens-qi.at\/qishop\/wp-content\/uploads\/Labradorit-frontal-150x150.png",150,150,true],"full":["https:\/\/www.lebens-qi.at\/qishop\/wp-content\/uploads\/Labradorit-frontal.png",800,800,false]},"categories":["114"],"categories_names":{"114":{"name":"Lebens-Qi Kraft der Steine","link":"https:\/\/www.lebens-qi.at\/qishop\/brand\/lebens-qi-kraft-der-steine\/"}},"comments_number":"0","brands":[{"id":114,"name":"Lebens-Qi Kraft der Steine","slug":"lebens-qi-kraft-der-steine"}],"_links":{"self":[{"href":"https:\/\/www.lebens-qi.at\/qishop\/wp-json\/wp\/v2\/product\/17128","targetHints":{"allow":["GET"]}}],"collection":[{"href":"https:\/\/www.lebens-qi.at\/qishop\/wp-json\/wp\/v2\/product"}],"about":[{"href":"https:\/\/www.lebens-qi.at\/qishop\/wp-json\/wp\/v2\/types\/product"}],"replies":[{"embeddable":true,"href":"https:\/\/www.lebens-qi.at\/qishop\/wp-json\/wp\/v2\/comments?post=17128"}],"wp:featuredmedia":[{"embeddable":true,"href":"https:\/\/www.lebens-qi.at\/qishop\/wp-json\/wp\/v2\/media\/17131"}],"wp:attachment":[{"href":"https:\/\/www.lebens-qi.at\/qishop\/wp-json\/wp\/v2\/media?parent=17128"}],"wp:term":[{"taxonomy":"pwb-brand","embeddable":true,"href":"https:\/\/www.lebens-qi.at\/qishop\/wp-json\/wp\/v2\/pwb-brand?post=17128"},{"taxonomy":"product_brand","embeddable":true,"href":"https:\/\/www.lebens-qi.at\/qishop\/wp-json\/wp\/v2\/product_brand?post=17128"},{"taxonomy":"product_cat","embeddable":true,"href":"https:\/\/www.lebens-qi.at\/qishop\/wp-json\/wp\/v2\/product_cat?post=17128"},{"taxonomy":"product_tag","embeddable":true,"href":"https:\/\/www.lebens-qi.at\/qishop\/wp-json\/wp\/v2\/product_tag?post=17128"}],"curies":[{"name":"wp","href":"https:\/\/api.w.org\/{rel}","templated":true}]}}