{"id":17135,"date":"2025-10-15T20:12:07","date_gmt":"2025-10-15T18:12:07","guid":{"rendered":"https:\/\/www.lebens-qi.at\/qishop\/?post_type=product&#038;p=17135"},"modified":"2025-10-15T20:14:48","modified_gmt":"2025-10-15T18:14:48","slug":"bernstein-suncatcher-sonne-und-mond-gross","status":"publish","type":"product","link":"https:\/\/www.lebens-qi.at\/qishop\/produkt\/bernstein-suncatcher-sonne-und-mond-gross\/","title":{"rendered":"Bernstein Suncatcher Sonne und Mond gro\u00df"},"content":{"rendered":"<p><b>Sonne und Mond<\/b><\/p>\n<p>aus Birkenholz gefertigt, mit echtem Natur-Bernstein gef\u00fcllt<\/p>\n<p>Kunsthandwerk &#8211; Suncatcher zum Aufh\u00e4ngen<br \/>\nGr\u00f6\u00dfe: ca. 20 cm<\/p>\n<p><em>&#8222;Naturbernstein ist der Wohlf\u00fchl- und Gesundheitsstein. Er schenkt uns innere Ruhe, Frieden und Gelassenheit. Von jeher wird Naturbernstein als inspirierender Sonnenstein gesehen, welcher in uns besondere Lebensfreude weckt. Er bringt Licht und W\u00e4rme ins Gem\u00fct und schenkt uns eine frischere und fr\u00f6hlichere Ausstrahlung. Naturbernstein kr\u00e4ftigt die Entscheidungsf\u00e4higkeit und hellt unsere Stimmung auf.&#8220;<\/em><br \/>\n&#8212; Fa. Raduly<\/p>\n","protected":false},"excerpt":{"rendered":"<p>aus Birkenholz mit echtem Bernstein<\/p>\n","protected":false},"featured_media":17136,"comment_status":"open","ping_status":"closed","template":"","meta":{"_links_to":"","_links_to_target":""},"pwb-brand":[3028],"product_brand":[],"product_cat":[1224],"product_tag":[196,1226,747,742,1225],"class_list":{"0":"post-17135","1":"product","2":"type-product","3":"status-publish","4":"has-post-thumbnail","6":"pwb-brand-raduly","7":"product_cat-suncatcher","8":"product_tag-bernstein","9":"product_tag-birkenholz","10":"product_tag-mond","11":"product_tag-sonne","12":"product_tag-suncatcher","14":"first","15":"instock","16":"taxable","17":"shipping-taxable","18":"purchasable","19":"product-type-simple"},"blog_post_layout_featured_media_urls":{"thumbnail":["https:\/\/www.lebens-qi.at\/qishop\/wp-content\/uploads\/hm-112-sonne-mond-150x150.jpg",150,150,true],"full":["https:\/\/www.lebens-qi.at\/qishop\/wp-content\/uploads\/hm-112-sonne-mond.jpg",600,600,false]},"categories":["3028"],"categories_names":{"3028":{"name":"Raduly","link":"https:\/\/www.lebens-qi.at\/qishop\/brand\/raduly\/"}},"comments_number":"0","brands":[{"id":3028,"name":"Raduly","slug":"raduly"}],"_links":{"self":[{"href":"https:\/\/www.lebens-qi.at\/qishop\/wp-json\/wp\/v2\/product\/17135","targetHints":{"allow":["GET"]}}],"collection":[{"href":"https:\/\/www.lebens-qi.at\/qishop\/wp-json\/wp\/v2\/product"}],"about":[{"href":"https:\/\/www.lebens-qi.at\/qishop\/wp-json\/wp\/v2\/types\/product"}],"replies":[{"embeddable":true,"href":"https:\/\/www.lebens-qi.at\/qishop\/wp-json\/wp\/v2\/comments?post=17135"}],"wp:featuredmedia":[{"embeddable":true,"href":"https:\/\/www.lebens-qi.at\/qishop\/wp-json\/wp\/v2\/media\/17136"}],"wp:attachment":[{"href":"https:\/\/www.lebens-qi.at\/qishop\/wp-json\/wp\/v2\/media?parent=17135"}],"wp:term":[{"taxonomy":"pwb-brand","embeddable":true,"href":"https:\/\/www.lebens-qi.at\/qishop\/wp-json\/wp\/v2\/pwb-brand?post=17135"},{"taxonomy":"product_brand","embeddable":true,"href":"https:\/\/www.lebens-qi.at\/qishop\/wp-json\/wp\/v2\/product_brand?post=17135"},{"taxonomy":"product_cat","embeddable":true,"href":"https:\/\/www.lebens-qi.at\/qishop\/wp-json\/wp\/v2\/product_cat?post=17135"},{"taxonomy":"product_tag","embeddable":true,"href":"https:\/\/www.lebens-qi.at\/qishop\/wp-json\/wp\/v2\/product_tag?post=17135"}],"curies":[{"name":"wp","href":"https:\/\/api.w.org\/{rel}","templated":true}]}}