{"id":17153,"date":"2025-10-20T15:38:18","date_gmt":"2025-10-20T13:38:18","guid":{"rendered":"https:\/\/www.lebens-qi.at\/qishop\/?post_type=product&#038;p=17153"},"modified":"2025-10-16T15:59:46","modified_gmt":"2025-10-16T13:59:46","slug":"mehrzweckgefaess-mit-blaetterranken","status":"publish","type":"product","link":"https:\/\/www.lebens-qi.at\/qishop\/produkt\/mehrzweckgefaess-mit-blaetterranken\/","title":{"rendered":"Mehrzweckgef\u00e4\u00df mit Bl\u00e4tterranken"},"content":{"rendered":"<p><b>Eines f\u00fcr alles! R\u00e4ucherst\u00f6vchen, Duftlampe &amp; Co<br \/>\n<\/b><\/p>\n<p>Praktischer, multifunktionaler Teelichthalter, Aromalampe, Siebgef\u00e4\u00df (R\u00e4ucherst\u00f6vchen), R\u00e4ucherst\u00e4bchen- und Kegelhalter in einem. Wunderbar geeignet auch f\u00fcr Smudge Bombs.<\/p>\n<p>Dieses Speckstein-Brenner-Set besteht aus mehreren Teilen, so dass Sie es auf verschiedene Weise verwenden k\u00f6nnen.<\/p>\n<p>Mit dem Specksteindeckel ist es der ideale Brenner f\u00fcr R\u00e4ucherkegel und R\u00e4ucherbomben, wobei der Rauch anmutig durch die L\u00f6cher im Deckel austritt. Wenn Sie den Deckel durch die Specksteinschale ersetzen, eignet sich das Gef\u00e4\u00df hervorragend zum Verdampfen von \u00e4therischen \u00d6len. Wenn Sie das Edelstahlsieb anstelle der Schale verwenden, k\u00f6nnen Sie auch loses R\u00e4ucherwerk verbrennen. Bevorzugen Sie trotzdem R\u00e4ucherst\u00e4bchen? Dank der vier kleinen L\u00f6cher im Boden eignet sich der Brenner auch f\u00fcr diese.<\/p>\n<p>Gr\u00f6\u00dfe: ca. 11 x 12 cm<br \/>\nLieferumfang: St\u00f6vchen plus Edelstahl-Sieb, Deckel und Schale<br \/>\nFarbe: Natur\/Beige<br \/>\nMaterial: Speckstein<\/p>\n<p><em><b>Hinweis:<\/b> Da es sich bei Speckstein um ein Naturprodukt handelt, kann es Abweichungen in Farbe und Maserung geben!<\/em><\/p>\n","protected":false},"excerpt":{"rendered":"<p>All in One &#8211; R\u00e4ucherst\u00f6vchen, Duftlampe, R\u00e4ucherst\u00e4bchen- &amp; Kegelhalter<\/p>\n","protected":false},"featured_media":17159,"comment_status":"open","ping_status":"closed","template":"","meta":{"_links_to":"","_links_to_target":""},"pwb-brand":[276],"product_brand":[],"product_cat":[612,603,728],"product_tag":[1621,1620,608,466,607,592,604],"class_list":{"0":"post-17153","1":"product","2":"type-product","3":"status-publish","4":"has-post-thumbnail","6":"pwb-brand-mani-bhadra-phoenix-import","7":"product_cat-aromalampen","8":"product_cat-raeucherstoevchen","9":"product_cat-staebchen-und-kegelhalter","10":"product_tag-aromalampe","11":"product_tag-duftlampe","12":"product_tag-raeucherlampe","13":"product_tag-raeuchern","14":"product_tag-siebgefaess","15":"product_tag-speckstein","16":"product_tag-stoevchen","18":"first","19":"instock","20":"taxable","21":"shipping-taxable","22":"purchasable","23":"product-type-simple"},"blog_post_layout_featured_media_urls":{"thumbnail":["https:\/\/www.lebens-qi.at\/qishop\/wp-content\/uploads\/15021-mehrzweckstoevchen-150x150.jpg",150,150,true],"full":["https:\/\/www.lebens-qi.at\/qishop\/wp-content\/uploads\/15021-mehrzweckstoevchen.jpg",800,800,false]},"categories":["276"],"categories_names":{"276":{"name":"Mani Bhadra - Phoenix Import","link":"https:\/\/www.lebens-qi.at\/qishop\/brand\/mani-bhadra-phoenix-import\/"}},"comments_number":"0","brands":[{"id":276,"name":"Mani Bhadra - Phoenix Import","slug":"mani-bhadra-phoenix-import"}],"_links":{"self":[{"href":"https:\/\/www.lebens-qi.at\/qishop\/wp-json\/wp\/v2\/product\/17153","targetHints":{"allow":["GET"]}}],"collection":[{"href":"https:\/\/www.lebens-qi.at\/qishop\/wp-json\/wp\/v2\/product"}],"about":[{"href":"https:\/\/www.lebens-qi.at\/qishop\/wp-json\/wp\/v2\/types\/product"}],"replies":[{"embeddable":true,"href":"https:\/\/www.lebens-qi.at\/qishop\/wp-json\/wp\/v2\/comments?post=17153"}],"wp:featuredmedia":[{"embeddable":true,"href":"https:\/\/www.lebens-qi.at\/qishop\/wp-json\/wp\/v2\/media\/17159"}],"wp:attachment":[{"href":"https:\/\/www.lebens-qi.at\/qishop\/wp-json\/wp\/v2\/media?parent=17153"}],"wp:term":[{"taxonomy":"pwb-brand","embeddable":true,"href":"https:\/\/www.lebens-qi.at\/qishop\/wp-json\/wp\/v2\/pwb-brand?post=17153"},{"taxonomy":"product_brand","embeddable":true,"href":"https:\/\/www.lebens-qi.at\/qishop\/wp-json\/wp\/v2\/product_brand?post=17153"},{"taxonomy":"product_cat","embeddable":true,"href":"https:\/\/www.lebens-qi.at\/qishop\/wp-json\/wp\/v2\/product_cat?post=17153"},{"taxonomy":"product_tag","embeddable":true,"href":"https:\/\/www.lebens-qi.at\/qishop\/wp-json\/wp\/v2\/product_tag?post=17153"}],"curies":[{"name":"wp","href":"https:\/\/api.w.org\/{rel}","templated":true}]}}