{"id":1719,"date":"2024-02-19T11:53:17","date_gmt":"2024-02-19T10:53:17","guid":{"rendered":"https:\/\/www.lebens-qi.at\/qishop\/produkt\/einhornmagie-fruechteteemischung\/"},"modified":"2026-01-07T13:52:29","modified_gmt":"2026-01-07T12:52:29","slug":"einhornmagie-fruechteteemischung","status":"publish","type":"product","link":"https:\/\/www.lebens-qi.at\/qishop\/produkt\/einhornmagie-fruechteteemischung\/","title":{"rendered":"Einhornmagie &#8211; Fr\u00fcchteteemischung"},"content":{"rendered":"<p><b>Einhornmagie<\/b><br \/>\nbunter Obstsalat<\/p>\n<p>S\u00fc\u00dfer Apfel, fruchtige Beeren, exotische Fr\u00fcchte und farbintensive Bl\u00fcten &#8211; unsere Einhornmagie verzaubert Kinder gleicherma\u00dfen wie Erwachsene. F\u00fcr alle die Fr\u00fcchtetee lieben ein harmonischer Genuss!<\/p>\n<p>10-12 Minuten Ziehzeit<br \/>\n100\u00b0 C Wassertemperatur<br \/>\n4-5 geh\u00e4ufte Teel\u00f6ffel\/1 Liter<\/p>\n<p><em><b>Zutaten:<\/b><br \/>\nApfelst\u00fccke, Hagebuttenschalen, Orangenspalten, nat\u00fcrliches Aroma, Hibiskusbl\u00fcten, schwarze Johannisbeeren, gefr.-getr. Ananasflocken, gefr.-getr. Erdbeerst\u00fccke, gefr.-getr. Mangow\u00fcrfel, gefr.-getr. rote Johannisbeeren, Ringelblumenbl\u00fcten, Orangenschalen<\/em><\/p>\n<p><em><b>Wichtig: <\/b>Immer mit sprudelnd kochendem Wasser aufgie\u00dfen, mindestens 5-10 Minuten ziehen lassen! Nur so erhalten Sie ein sicheres Lebensmittel.<\/em><\/p>\n<p><b>Inhalt:<\/b><br \/>\n100 g loser Tee in versiegelter Aromat\u00fcte<\/p>\n<p>Zeichnung auf der Etikette von Jassi Bis<\/p>\n","protected":false},"excerpt":{"rendered":"<p>Obstsalat<\/p>\n","protected":false},"featured_media":18226,"comment_status":"open","ping_status":"closed","template":"","meta":{"_links_to":"","_links_to_target":""},"pwb-brand":[434],"product_brand":[],"product_cat":[2815,431],"product_tag":[2091,1913,1918,1115,1911,1919,1912,1910,1730,443,2315,458],"class_list":{"0":"post-1719","1":"product","2":"type-product","3":"status-publish","4":"has-post-thumbnail","6":"pwb-brand-lebens-qi-teehaus-qualitaet","7":"product_cat-fruechtetee","8":"product_cat-teehaus-qualitaet","9":"product_tag-ananas","10":"product_tag-apfel","11":"product_tag-beeren","12":"product_tag-einhorn","13":"product_tag-erdbeer","14":"product_tag-fruechtetee","15":"product_tag-johannisbeere","16":"product_tag-mango","17":"product_tag-ringelblume","18":"product_tag-tee","19":"product_tag-teehaus-qualitaet","20":"product_tag-teemischung","22":"first","23":"instock","24":"taxable","25":"shipping-taxable","26":"purchasable","27":"product-type-simple"},"blog_post_layout_featured_media_urls":{"thumbnail":["https:\/\/www.lebens-qi.at\/qishop\/wp-content\/uploads\/einhornmagie-fruechtetee-150x150.png",150,150,true],"full":["https:\/\/www.lebens-qi.at\/qishop\/wp-content\/uploads\/einhornmagie-fruechtetee.png",800,800,false]},"categories":["434"],"categories_names":{"434":{"name":"Teehaus-Qualit\u00e4t vom LEBENS-QI","link":"https:\/\/www.lebens-qi.at\/qishop\/brand\/lebens-qi-teehaus-qualitaet\/"}},"comments_number":"0","brands":[{"id":434,"name":"Teehaus-Qualit\u00e4t vom LEBENS-QI","slug":"lebens-qi-teehaus-qualitaet"}],"_links":{"self":[{"href":"https:\/\/www.lebens-qi.at\/qishop\/wp-json\/wp\/v2\/product\/1719","targetHints":{"allow":["GET"]}}],"collection":[{"href":"https:\/\/www.lebens-qi.at\/qishop\/wp-json\/wp\/v2\/product"}],"about":[{"href":"https:\/\/www.lebens-qi.at\/qishop\/wp-json\/wp\/v2\/types\/product"}],"replies":[{"embeddable":true,"href":"https:\/\/www.lebens-qi.at\/qishop\/wp-json\/wp\/v2\/comments?post=1719"}],"wp:featuredmedia":[{"embeddable":true,"href":"https:\/\/www.lebens-qi.at\/qishop\/wp-json\/wp\/v2\/media\/18226"}],"wp:attachment":[{"href":"https:\/\/www.lebens-qi.at\/qishop\/wp-json\/wp\/v2\/media?parent=1719"}],"wp:term":[{"taxonomy":"pwb-brand","embeddable":true,"href":"https:\/\/www.lebens-qi.at\/qishop\/wp-json\/wp\/v2\/pwb-brand?post=1719"},{"taxonomy":"product_brand","embeddable":true,"href":"https:\/\/www.lebens-qi.at\/qishop\/wp-json\/wp\/v2\/product_brand?post=1719"},{"taxonomy":"product_cat","embeddable":true,"href":"https:\/\/www.lebens-qi.at\/qishop\/wp-json\/wp\/v2\/product_cat?post=1719"},{"taxonomy":"product_tag","embeddable":true,"href":"https:\/\/www.lebens-qi.at\/qishop\/wp-json\/wp\/v2\/product_tag?post=1719"}],"curies":[{"name":"wp","href":"https:\/\/api.w.org\/{rel}","templated":true}]}}