{"id":17224,"date":"2025-10-23T14:44:22","date_gmt":"2025-10-23T12:44:22","guid":{"rendered":"https:\/\/www.lebens-qi.at\/qishop\/?post_type=product&#038;p=17224"},"modified":"2025-10-23T14:49:11","modified_gmt":"2025-10-23T12:49:11","slug":"blume-des-lebens-bunt-meditationskissen","status":"publish","type":"product","link":"https:\/\/www.lebens-qi.at\/qishop\/produkt\/blume-des-lebens-bunt-meditationskissen\/","title":{"rendered":"Blume des Lebens bunt Meditationskissen"},"content":{"rendered":"<div class=\"content--description\">\n<div class=\"product--description\">\n<p><strong>Mystisches Meditationskissen mit starker Symbolkraft f\u00fcr besondere spirituelle Erlebnisse &#8211; Blume des Lebens<\/strong><\/p>\n<p>Der Bezug ist aus 100% rei\u00dffester Baumwolle und mit Rei\u00dfverschluss versehen. Dadurch ist er leicht abnehmbar und bei 30\u00b0 waschbar. Der Innenbezug ist<br \/>\naus leichter Naturbaumwolle.<br \/>\nDas Kissen ist mit Buchweizenspelz gef\u00fcllt und erm\u00f6glicht so einen \u00e4u\u00dferst komfortablen Sitz.<\/p>\n<p><strong>Material Au\u00dfenkissen:<\/strong> rei\u00dffeste Baumwolle<br \/>\n<strong>Material Innenkissen:<\/strong> Naturbaumwolle<br \/>\n<strong>F\u00fcllung:<\/strong> Buchweizenspelz<br \/>\n<strong>Ma\u00dfe:<\/strong> Durchmesser 36 cm, H\u00f6he 15 cm<br \/>\nDie H\u00f6he des Meditationskissens kann angepasst werden, indem ein Teil der F\u00fcllung heraus genommen wird.<\/p>\n<\/div>\n<\/div>\n","protected":false},"excerpt":{"rendered":"<p>mit mystischem Lebensblumen-Motiv<\/p>\n","protected":false},"featured_media":17226,"comment_status":"open","ping_status":"closed","template":"","meta":{"_links_to":"","_links_to_target":""},"pwb-brand":[307],"product_brand":[],"product_cat":[582,963],"product_tag":[308,1204,831,964,969,966,967,158,965],"class_list":{"0":"post-17224","1":"product","2":"type-product","3":"status-publish","4":"has-post-thumbnail","6":"pwb-brand-berk","7":"product_cat-blume-des-lebens-produkte","8":"product_cat-meditationssitze","9":"product_tag-blume-des-lebens","10":"product_tag-lebensblume","11":"product_tag-meditation","12":"product_tag-meditationskissen","13":"product_tag-polster","14":"product_tag-sitzkissen","15":"product_tag-sitzpolster","16":"product_tag-yoga","17":"product_tag-yogakissen","19":"first","20":"instock","21":"sold-individually","22":"taxable","23":"shipping-taxable","24":"purchasable","25":"product-type-simple"},"blog_post_layout_featured_media_urls":{"thumbnail":["https:\/\/www.lebens-qi.at\/qishop\/wp-content\/uploads\/YO-26_1-blumedeslebens-meditationskissen-150x150.jpg",150,150,true],"full":["https:\/\/www.lebens-qi.at\/qishop\/wp-content\/uploads\/YO-26_1-blumedeslebens-meditationskissen.jpg",800,800,false]},"categories":["307"],"categories_names":{"307":{"name":"Berk","link":"https:\/\/www.lebens-qi.at\/qishop\/brand\/berk\/"}},"comments_number":"0","brands":[{"id":307,"name":"Berk","slug":"berk"}],"_links":{"self":[{"href":"https:\/\/www.lebens-qi.at\/qishop\/wp-json\/wp\/v2\/product\/17224","targetHints":{"allow":["GET"]}}],"collection":[{"href":"https:\/\/www.lebens-qi.at\/qishop\/wp-json\/wp\/v2\/product"}],"about":[{"href":"https:\/\/www.lebens-qi.at\/qishop\/wp-json\/wp\/v2\/types\/product"}],"replies":[{"embeddable":true,"href":"https:\/\/www.lebens-qi.at\/qishop\/wp-json\/wp\/v2\/comments?post=17224"}],"wp:featuredmedia":[{"embeddable":true,"href":"https:\/\/www.lebens-qi.at\/qishop\/wp-json\/wp\/v2\/media\/17226"}],"wp:attachment":[{"href":"https:\/\/www.lebens-qi.at\/qishop\/wp-json\/wp\/v2\/media?parent=17224"}],"wp:term":[{"taxonomy":"pwb-brand","embeddable":true,"href":"https:\/\/www.lebens-qi.at\/qishop\/wp-json\/wp\/v2\/pwb-brand?post=17224"},{"taxonomy":"product_brand","embeddable":true,"href":"https:\/\/www.lebens-qi.at\/qishop\/wp-json\/wp\/v2\/product_brand?post=17224"},{"taxonomy":"product_cat","embeddable":true,"href":"https:\/\/www.lebens-qi.at\/qishop\/wp-json\/wp\/v2\/product_cat?post=17224"},{"taxonomy":"product_tag","embeddable":true,"href":"https:\/\/www.lebens-qi.at\/qishop\/wp-json\/wp\/v2\/product_tag?post=17224"}],"curies":[{"name":"wp","href":"https:\/\/api.w.org\/{rel}","templated":true}]}}