{"id":17244,"date":"2025-10-23T21:22:14","date_gmt":"2025-10-23T19:22:14","guid":{"rendered":"https:\/\/www.lebens-qi.at\/qishop\/?post_type=product&#038;p=17244"},"modified":"2025-10-23T21:31:51","modified_gmt":"2025-10-23T19:31:51","slug":"ganesha-sitzend-2","status":"publish","type":"product","link":"https:\/\/www.lebens-qi.at\/qishop\/produkt\/ganesha-sitzend-2\/","title":{"rendered":"Ganesha sitzend"},"content":{"rendered":"<p><strong>Ganesha sitzend<\/strong><\/p>\n<p>Ganesha ist vielleicht der popul\u00e4rste aller hinduistischen G\u00f6tter. Er repr\u00e4sentiert die <strong>Weisheit<\/strong> und ist mit Siddhi (Vollendung) und Buddhi (spirituelle Kraft) verm\u00e4hlt.<\/p>\n<p>Er gilt als Sohn von Parvati und Shiva. Der Legende nach zog sich Shiva zur Meditation zur\u00fcck und Parvati schuf sich vor Einsamkeit einen Sohn. Als Shiva zur\u00fcckkehrte schlug er aus Zorn dessen Kopf ab. Nachdem er erkannte, was er getan hatte, befahl er den Kopf des Ersten, der vorbeikam auf Ganeshas K\u00f6rper zu setzen, um ihn wiederzubeleben. Dies war ein Elefant &#8211; ein neuer Gott war geboren, welcher die Kraft von Shiva und Parvati vereinte.<\/p>\n<p>Man sagt, er r\u00e4ume alle Hindernisse aus dem Weg. So wird er oft vor jeglicher Art von Unternehmungen angerufen. Er sorgt <strong>f\u00fcr materiellen und geistigen Wohlstand<\/strong> und gilt damit als Schutzpatron f\u00fcr Gesch\u00e4ftsleute. Aber auch bei jedem <strong>Neubeginn<\/strong>, sei es ein Umzug oder eine neue Arbeitsstelle, darf Ganesha nicht fehlen, da er die neue Situation segnet und Gl\u00fcck verhei\u00dft. Ganesha hat vier Arme. Sie repr\u00e4sentieren die vier Aspekte des feinstofflichen K\u00f6rpers: Verstand, Ego, Geist und Bewusstsein.<\/p>\n<p>Material: Messing<br \/>\nGr\u00f6\u00dfe: ca. 6 cm<br \/>\nGewicht: ca. 260 g<\/p>\n<p>&nbsp;<\/p>\n","protected":false},"excerpt":{"rendered":"<p><span class=\"entry--content\">Symbol der Weisheit<\/span><\/p>\n","protected":false},"featured_media":17245,"comment_status":"open","ping_status":"closed","template":"","meta":{"_links_to":"","_links_to_target":""},"pwb-brand":[307],"product_brand":[],"product_cat":[1236],"product_tag":[1237,736,595,1239,752,550,854,1267],"class_list":{"0":"post-17244","1":"product","2":"type-product","3":"status-publish","4":"has-post-thumbnail","6":"pwb-brand-berk","7":"product_cat-spirituelle-figuren","8":"product_tag-figur","9":"product_tag-ganesha","10":"product_tag-glueck","11":"product_tag-hinduismus","12":"product_tag-messing","13":"product_tag-neubeginn","14":"product_tag-weisheit","15":"product_tag-wohlstand","17":"first","18":"instock","19":"taxable","20":"shipping-taxable","21":"purchasable","22":"product-type-simple"},"blog_post_layout_featured_media_urls":{"thumbnail":["https:\/\/www.lebens-qi.at\/qishop\/wp-content\/uploads\/FI-129_1ganesha-150x150.jpg",150,150,true],"full":["https:\/\/www.lebens-qi.at\/qishop\/wp-content\/uploads\/FI-129_1ganesha.jpg",800,800,false]},"categories":["307"],"categories_names":{"307":{"name":"Berk","link":"https:\/\/www.lebens-qi.at\/qishop\/brand\/berk\/"}},"comments_number":"0","brands":[{"id":307,"name":"Berk","slug":"berk"}],"_links":{"self":[{"href":"https:\/\/www.lebens-qi.at\/qishop\/wp-json\/wp\/v2\/product\/17244","targetHints":{"allow":["GET"]}}],"collection":[{"href":"https:\/\/www.lebens-qi.at\/qishop\/wp-json\/wp\/v2\/product"}],"about":[{"href":"https:\/\/www.lebens-qi.at\/qishop\/wp-json\/wp\/v2\/types\/product"}],"replies":[{"embeddable":true,"href":"https:\/\/www.lebens-qi.at\/qishop\/wp-json\/wp\/v2\/comments?post=17244"}],"wp:featuredmedia":[{"embeddable":true,"href":"https:\/\/www.lebens-qi.at\/qishop\/wp-json\/wp\/v2\/media\/17245"}],"wp:attachment":[{"href":"https:\/\/www.lebens-qi.at\/qishop\/wp-json\/wp\/v2\/media?parent=17244"}],"wp:term":[{"taxonomy":"pwb-brand","embeddable":true,"href":"https:\/\/www.lebens-qi.at\/qishop\/wp-json\/wp\/v2\/pwb-brand?post=17244"},{"taxonomy":"product_brand","embeddable":true,"href":"https:\/\/www.lebens-qi.at\/qishop\/wp-json\/wp\/v2\/product_brand?post=17244"},{"taxonomy":"product_cat","embeddable":true,"href":"https:\/\/www.lebens-qi.at\/qishop\/wp-json\/wp\/v2\/product_cat?post=17244"},{"taxonomy":"product_tag","embeddable":true,"href":"https:\/\/www.lebens-qi.at\/qishop\/wp-json\/wp\/v2\/product_tag?post=17244"}],"curies":[{"name":"wp","href":"https:\/\/api.w.org\/{rel}","templated":true}]}}