{"id":17264,"date":"2025-10-27T18:52:08","date_gmt":"2025-10-27T17:52:08","guid":{"rendered":"https:\/\/www.lebens-qi.at\/qishop\/?post_type=product&#038;p=17264"},"modified":"2025-10-27T19:00:35","modified_gmt":"2025-10-27T18:00:35","slug":"energiebild-mandala","status":"publish","type":"product","link":"https:\/\/www.lebens-qi.at\/qishop\/produkt\/energiebild-mandala\/","title":{"rendered":"Energiebild Mandala"},"content":{"rendered":"<p><strong>Energiebild Mandala<\/strong><\/p>\n<p>Dieses ausdrucksstarke Bild ist nicht nur ein toller Blickfang, sondern erf\u00fcllen jeden Raum zus\u00e4tzlich mit harmonischer, positiver Energie. Durch das starke Symbol strahlt es hohe Schwingungen in seine Umgebung.<br \/>\nDie Platte hat auf der R\u00fcckseite eine Vorrichtung zum Aufh\u00e4ngen.<\/p>\n<p>Das Wort <strong>Mandala<\/strong> entstammt dem Sanskrit und es bedeutet \u201eKreisbild\u201c oder \u201eKreis\u201c, um dessen Kern sich alles dreht. In immer wiederkehrenden Formen entwickelt sich das Mandala in geheimnisvoller Magie rund um den Kern. Das Betrachten kann tiefe seelische Entwicklungsprozesse ausl\u00f6sen, da man in meditativer, heilender Weise zum eigenen Ursprung zur\u00fcckgef\u00fchrt wird. Mandalas kommunizieren in zauberhafter Weise mit unserem Unterbewusstsein.<\/p>\n<p>Gr\u00f6\u00dfe: ca. 40 x 40 cm<br \/>\nMaterial: MDF mit Goldverzierung<\/p>\n<p><em>Hinweis: leichte Abweichungen in Form und Farbe sind m\u00f6glich!<\/em><\/p>\n","protected":false},"excerpt":{"rendered":"<p>mit Goldverzierung<\/p>\n","protected":false},"featured_media":17265,"comment_status":"open","ping_status":"closed","template":"","meta":{"_links_to":"","_links_to_target":""},"pwb-brand":[307],"product_brand":[],"product_cat":[1600],"product_tag":[3034,170,749,831,587,1601,1481],"class_list":{"0":"post-17264","1":"product","2":"type-product","3":"status-publish","4":"has-post-thumbnail","6":"pwb-brand-berk","7":"product_cat-symbole-ritualgegenstaende","8":"product_tag-energiebild","9":"product_tag-gold","10":"product_tag-mandala","11":"product_tag-meditation","12":"product_tag-symbol","13":"product_tag-wanddeko","14":"product_tag-yogazubehoer","16":"first","17":"instock","18":"taxable","19":"shipping-taxable","20":"purchasable","21":"product-type-simple"},"blog_post_layout_featured_media_urls":{"thumbnail":["https:\/\/www.lebens-qi.at\/qishop\/wp-content\/uploads\/energiebild-mandala-150x150.png",150,150,true],"full":["https:\/\/www.lebens-qi.at\/qishop\/wp-content\/uploads\/energiebild-mandala.png",800,800,false]},"categories":["307"],"categories_names":{"307":{"name":"Berk","link":"https:\/\/www.lebens-qi.at\/qishop\/brand\/berk\/"}},"comments_number":"0","brands":[{"id":307,"name":"Berk","slug":"berk"}],"_links":{"self":[{"href":"https:\/\/www.lebens-qi.at\/qishop\/wp-json\/wp\/v2\/product\/17264","targetHints":{"allow":["GET"]}}],"collection":[{"href":"https:\/\/www.lebens-qi.at\/qishop\/wp-json\/wp\/v2\/product"}],"about":[{"href":"https:\/\/www.lebens-qi.at\/qishop\/wp-json\/wp\/v2\/types\/product"}],"replies":[{"embeddable":true,"href":"https:\/\/www.lebens-qi.at\/qishop\/wp-json\/wp\/v2\/comments?post=17264"}],"wp:featuredmedia":[{"embeddable":true,"href":"https:\/\/www.lebens-qi.at\/qishop\/wp-json\/wp\/v2\/media\/17265"}],"wp:attachment":[{"href":"https:\/\/www.lebens-qi.at\/qishop\/wp-json\/wp\/v2\/media?parent=17264"}],"wp:term":[{"taxonomy":"pwb-brand","embeddable":true,"href":"https:\/\/www.lebens-qi.at\/qishop\/wp-json\/wp\/v2\/pwb-brand?post=17264"},{"taxonomy":"product_brand","embeddable":true,"href":"https:\/\/www.lebens-qi.at\/qishop\/wp-json\/wp\/v2\/product_brand?post=17264"},{"taxonomy":"product_cat","embeddable":true,"href":"https:\/\/www.lebens-qi.at\/qishop\/wp-json\/wp\/v2\/product_cat?post=17264"},{"taxonomy":"product_tag","embeddable":true,"href":"https:\/\/www.lebens-qi.at\/qishop\/wp-json\/wp\/v2\/product_tag?post=17264"}],"curies":[{"name":"wp","href":"https:\/\/api.w.org\/{rel}","templated":true}]}}