{"id":1728,"date":"2024-02-19T11:53:22","date_gmt":"2024-02-19T10:53:22","guid":{"rendered":"https:\/\/www.lebens-qi.at\/qishop\/produkt\/cherry-lady-fruechteteemischung\/"},"modified":"2025-09-10T16:33:22","modified_gmt":"2025-09-10T14:33:22","slug":"cherry-lady-fruechteteemischung","status":"publish","type":"product","link":"https:\/\/www.lebens-qi.at\/qishop\/produkt\/cherry-lady-fruechteteemischung\/","title":{"rendered":"Waldfr\u00fcchte &#8211; Fr\u00fcchteteemischung"},"content":{"rendered":"<p><b>Waldfr\u00fcchte<\/b><br \/>\nHeidelbeer &#8211; mit Himbeer-Note<\/p>\n<p>Eine Mischung wie ein gef\u00fclltes K\u00f6rbchen nach dem Waldspaziergang:<br \/>\nmit Heidelbeeren, Holunderbeeren, Ebereschen, Hagebutten verfeinert mit nat\u00fcrlichem Himbeer-Aroma<\/p>\n<p>10-12 Minuten Ziehzeit<br \/>\n100\u00b0 C Wassertemperatur<br \/>\n4-5 geh\u00e4ufte Teel\u00f6ffel\/1 Liter<\/p>\n<p><em><b>Zutaten:<\/b><br \/>\nHibiskusbl\u00fcten, Apfelst\u00fccke s\u00fc\u00df, Holunderbeeren, Hagebuttenschalen, Ebereschenbeeren, Himbeer &#8211; Aroma nat\u00fcrlich, Heidelbeeren<\/em><\/p>\n<p><b>Wichtig: <\/b>Immer mit sprudelnd kochendem Wasser aufgie\u00dfen, mindestens 10 Minuten ziehen lassen! Nur so erhalten Sie ein sicheres Lebensmittel.<\/p>\n<p><b>Inhalt:<\/b><br \/>\n100 g loser Tee in versiegelter Aromat\u00fcte<\/p>\n<p>Zeichnung auf der Etikette von Jassi Bis<\/p>\n","protected":false},"excerpt":{"rendered":"<p>Heidelbeer &#8211; mit Himbeer-Note<\/p>\n","protected":false},"featured_media":16869,"comment_status":"open","ping_status":"closed","template":"","meta":{"_links_to":"","_links_to_target":""},"pwb-brand":[434],"product_brand":[],"product_cat":[2815,431],"product_tag":[1913,1919,2312,2092,1714,443,2315,458,2327],"class_list":{"0":"post-1728","1":"product","2":"type-product","3":"status-publish","4":"has-post-thumbnail","6":"pwb-brand-lebens-qi-teehaus-qualitaet","7":"product_cat-fruechtetee","8":"product_cat-teehaus-qualitaet","9":"product_tag-apfel","10":"product_tag-fruechtetee","11":"product_tag-heidelbeere","12":"product_tag-hibiskus","13":"product_tag-himbeere","14":"product_tag-tee","15":"product_tag-teehaus-qualitaet","16":"product_tag-teemischung","17":"product_tag-waldfruechte","19":"first","20":"instock","21":"taxable","22":"shipping-taxable","23":"purchasable","24":"product-type-simple"},"blog_post_layout_featured_media_urls":{"thumbnail":["https:\/\/www.lebens-qi.at\/qishop\/wp-content\/uploads\/waldfruechte-tee-150x150.png",150,150,true],"full":["https:\/\/www.lebens-qi.at\/qishop\/wp-content\/uploads\/waldfruechte-tee.png",800,800,false]},"categories":["434"],"categories_names":{"434":{"name":"Teehaus-Qualit\u00e4t vom LEBENS-QI","link":"https:\/\/www.lebens-qi.at\/qishop\/brand\/lebens-qi-teehaus-qualitaet\/"}},"comments_number":"0","brands":[{"id":434,"name":"Teehaus-Qualit\u00e4t vom LEBENS-QI","slug":"lebens-qi-teehaus-qualitaet"}],"_links":{"self":[{"href":"https:\/\/www.lebens-qi.at\/qishop\/wp-json\/wp\/v2\/product\/1728","targetHints":{"allow":["GET"]}}],"collection":[{"href":"https:\/\/www.lebens-qi.at\/qishop\/wp-json\/wp\/v2\/product"}],"about":[{"href":"https:\/\/www.lebens-qi.at\/qishop\/wp-json\/wp\/v2\/types\/product"}],"replies":[{"embeddable":true,"href":"https:\/\/www.lebens-qi.at\/qishop\/wp-json\/wp\/v2\/comments?post=1728"}],"wp:featuredmedia":[{"embeddable":true,"href":"https:\/\/www.lebens-qi.at\/qishop\/wp-json\/wp\/v2\/media\/16869"}],"wp:attachment":[{"href":"https:\/\/www.lebens-qi.at\/qishop\/wp-json\/wp\/v2\/media?parent=1728"}],"wp:term":[{"taxonomy":"pwb-brand","embeddable":true,"href":"https:\/\/www.lebens-qi.at\/qishop\/wp-json\/wp\/v2\/pwb-brand?post=1728"},{"taxonomy":"product_brand","embeddable":true,"href":"https:\/\/www.lebens-qi.at\/qishop\/wp-json\/wp\/v2\/product_brand?post=1728"},{"taxonomy":"product_cat","embeddable":true,"href":"https:\/\/www.lebens-qi.at\/qishop\/wp-json\/wp\/v2\/product_cat?post=1728"},{"taxonomy":"product_tag","embeddable":true,"href":"https:\/\/www.lebens-qi.at\/qishop\/wp-json\/wp\/v2\/product_tag?post=1728"}],"curies":[{"name":"wp","href":"https:\/\/api.w.org\/{rel}","templated":true}]}}