{"id":17284,"date":"2025-10-30T17:27:04","date_gmt":"2025-10-30T16:27:04","guid":{"rendered":"https:\/\/www.lebens-qi.at\/qishop\/?post_type=product&#038;p=17284"},"modified":"2025-10-30T17:27:05","modified_gmt":"2025-10-30T16:27:05","slug":"kupferflasche-gehaemmert","status":"publish","type":"product","link":"https:\/\/www.lebens-qi.at\/qishop\/produkt\/kupferflasche-gehaemmert\/","title":{"rendered":"Kupferflasche geh\u00e4mmert"},"content":{"rendered":"<p><strong>Trinkflasche aus Kupfer<\/strong><\/p>\n<p>In Indien werden traditionellerweise Trink\u00adgef\u00e4sse aus Kupfer verwendet, da sie auf das Wasser einwirken und die Gesundheit f\u00f6rdern sollen. Durch das Kupfer\u00adwasser k\u00f6nnen wir einen Teil des t\u00e4glich ben\u00f6tigten, essentiellen Spuren\u00adelements Kupfer aufnehmen. Mit dieser Flasche ist das nicht nur zu Hause m\u00f6glich, sondern auch unterwegs. Kein Plastik (BPA!), Alu oder sonstige Beschichtung im inneren der Flasche. Auch der Verschluss ist aus Kupfer, versehen mit einer au\u00dfen liegenden Kunststoffdichtung. Der Boden ist au\u00dfen f\u00fcr einen besseren Stand beschichtet.<\/p>\n<p>Material: Kupfer<br \/>\nFassungsverm\u00f6gen: ca. 850 ml<br \/>\nGr\u00f6\u00dfe: 28 cm hoch<\/p>\n<p><strong>Hinweis:<\/strong> Nur f\u00fcr kaltes Wasser geeignet! Nicht f\u00fcr Milch, Zitrusfr\u00fcchte und saure Fl\u00fcssigkeiten verwenden. Nicht in der Sp\u00fclmaschine reinigen, sondern mit nat\u00fcrlichem Sp\u00fclmittel, warmen Wasser und weichem Schwamm waschen.<\/p>\n","protected":false},"excerpt":{"rendered":"<p>die praktische Wasserflasche f\u00fcr unterwegs<\/p>\n","protected":false},"featured_media":17285,"comment_status":"open","ping_status":"closed","template":"","meta":{"_links_to":"","_links_to_target":""},"pwb-brand":[617],"product_brand":[],"product_cat":[581],"product_tag":[1203,567,3037,717],"class_list":{"0":"post-17284","1":"product","2":"type-product","3":"status-publish","4":"has-post-thumbnail","6":"pwb-brand-yantra","7":"product_cat-geschenkideen","8":"product_tag-flasche","9":"product_tag-kupfer","10":"product_tag-trinkflasche","11":"product_tag-wasser","13":"first","14":"instock","15":"taxable","16":"shipping-taxable","17":"purchasable","18":"product-type-simple"},"blog_post_layout_featured_media_urls":{"thumbnail":["https:\/\/www.lebens-qi.at\/qishop\/wp-content\/uploads\/tk-62-kupferflasche-gehaemmert-150x150.jpg",150,150,true],"full":["https:\/\/www.lebens-qi.at\/qishop\/wp-content\/uploads\/tk-62-kupferflasche-gehaemmert.jpg",600,600,false]},"categories":["617"],"categories_names":{"617":{"name":"Yantra","link":"https:\/\/www.lebens-qi.at\/qishop\/brand\/yantra\/"}},"comments_number":"0","brands":[{"id":617,"name":"Yantra","slug":"yantra"}],"_links":{"self":[{"href":"https:\/\/www.lebens-qi.at\/qishop\/wp-json\/wp\/v2\/product\/17284","targetHints":{"allow":["GET"]}}],"collection":[{"href":"https:\/\/www.lebens-qi.at\/qishop\/wp-json\/wp\/v2\/product"}],"about":[{"href":"https:\/\/www.lebens-qi.at\/qishop\/wp-json\/wp\/v2\/types\/product"}],"replies":[{"embeddable":true,"href":"https:\/\/www.lebens-qi.at\/qishop\/wp-json\/wp\/v2\/comments?post=17284"}],"wp:featuredmedia":[{"embeddable":true,"href":"https:\/\/www.lebens-qi.at\/qishop\/wp-json\/wp\/v2\/media\/17285"}],"wp:attachment":[{"href":"https:\/\/www.lebens-qi.at\/qishop\/wp-json\/wp\/v2\/media?parent=17284"}],"wp:term":[{"taxonomy":"pwb-brand","embeddable":true,"href":"https:\/\/www.lebens-qi.at\/qishop\/wp-json\/wp\/v2\/pwb-brand?post=17284"},{"taxonomy":"product_brand","embeddable":true,"href":"https:\/\/www.lebens-qi.at\/qishop\/wp-json\/wp\/v2\/product_brand?post=17284"},{"taxonomy":"product_cat","embeddable":true,"href":"https:\/\/www.lebens-qi.at\/qishop\/wp-json\/wp\/v2\/product_cat?post=17284"},{"taxonomy":"product_tag","embeddable":true,"href":"https:\/\/www.lebens-qi.at\/qishop\/wp-json\/wp\/v2\/product_tag?post=17284"}],"curies":[{"name":"wp","href":"https:\/\/api.w.org\/{rel}","templated":true}]}}