{"id":1731,"date":"2024-02-19T11:53:24","date_gmt":"2024-02-19T10:53:24","guid":{"rendered":"https:\/\/www.lebens-qi.at\/qishop\/produkt\/wellness-tee-kraeuterteemischung\/"},"modified":"2025-09-17T17:26:38","modified_gmt":"2025-09-17T15:26:38","slug":"wellness-tee-kraeuterteemischung","status":"publish","type":"product","link":"https:\/\/www.lebens-qi.at\/qishop\/produkt\/wellness-tee-kraeuterteemischung\/","title":{"rendered":"Wellness-Tee &#8211; Kr\u00e4uterteemischung"},"content":{"rendered":"<p><b>Wellness-Tee<\/b><br \/>\nKr\u00e4uterteemischung mit Bl\u00fcten sorgt f\u00fcr Entspannung aus der Tasse:<br \/>\nHopfen, Melisse, Kamille und Lavendel entstressen, Johanniskraut sorgt f\u00fcr gute Laune, Minze und Verbene sorgt f\u00fcr Frische und rosa Rosenbl\u00fcten erfreuen das Herz \u2665<br \/>\nF\u00fcr einen gelassenen Start am Morgen oder gechillten Ausklang am Abend.<\/p>\n<p>5-10 Minuten Ziehzeit<br \/>\n100\u00b0 C Wassertemperatur<br \/>\n4-5 geh\u00e4ufte Teel\u00f6ffel\/1 Liter<\/p>\n<p><em><b>Zutaten:<\/b><br \/>\nHopfenbl\u00fcten, Johanniskraut, Kamillenbl\u00fcten europ\u00e4isch, Lavendelbl\u00fcten Lavandin blau, Melissenbl\u00e4tter, Orangenbl\u00fctenbl\u00e4tter s\u00fc\u00df, Pfefferminzbl\u00e4tter, Zitronenverbenenbl\u00e4tter, Rosenbl\u00fctenbl\u00e4tter rosa<\/em><\/p>\n<p><b>Wichtig: <\/b>Immer mit sprudelnd kochendem Wasser aufgie\u00dfen, mindestens 5-10 Minuten ziehen lassen! Nur so erhalten Sie ein sicheres Lebensmittel.<\/p>\n<p><b>Inhalt:<\/b><br \/>\n50 g loser Tee in versiegelter Aromat\u00fcte<\/p>\n<p>Zeichnung auf der Etikette von Jassi Bis<\/p>\n","protected":false},"excerpt":{"rendered":"<p>mit Bl\u00fcten<\/p>\n","protected":false},"featured_media":13716,"comment_status":"open","ping_status":"closed","template":"","meta":{"_links_to":"","_links_to_target":""},"pwb-brand":[434],"product_brand":[],"product_cat":[2813,431],"product_tag":[2325,1695,336,1840,225,2326,382,410,407,443,2315,458],"class_list":{"0":"post-1731","1":"product","2":"type-product","3":"status-publish","4":"has-post-thumbnail","6":"pwb-brand-lebens-qi-teehaus-qualitaet","7":"product_cat-kraeutertee","8":"product_cat-teehaus-qualitaet","9":"product_tag-hopfen","10":"product_tag-johanniskraut","11":"product_tag-kamille","12":"product_tag-kraeutertee","13":"product_tag-lavendel","14":"product_tag-melisse","15":"product_tag-orangenblueten","16":"product_tag-pfefferminze","17":"product_tag-rosenblueten","18":"product_tag-tee","19":"product_tag-teehaus-qualitaet","20":"product_tag-teemischung","22":"first","23":"instock","24":"taxable","25":"shipping-taxable","26":"purchasable","27":"product-type-simple"},"blog_post_layout_featured_media_urls":{"thumbnail":["https:\/\/www.lebens-qi.at\/qishop\/wp-content\/uploads\/wellness-tee-150x150.png",150,150,true],"full":["https:\/\/www.lebens-qi.at\/qishop\/wp-content\/uploads\/wellness-tee.png",800,800,false]},"categories":["434"],"categories_names":{"434":{"name":"Teehaus-Qualit\u00e4t vom LEBENS-QI","link":"https:\/\/www.lebens-qi.at\/qishop\/brand\/lebens-qi-teehaus-qualitaet\/"}},"comments_number":"0","brands":[{"id":434,"name":"Teehaus-Qualit\u00e4t vom LEBENS-QI","slug":"lebens-qi-teehaus-qualitaet"}],"_links":{"self":[{"href":"https:\/\/www.lebens-qi.at\/qishop\/wp-json\/wp\/v2\/product\/1731","targetHints":{"allow":["GET"]}}],"collection":[{"href":"https:\/\/www.lebens-qi.at\/qishop\/wp-json\/wp\/v2\/product"}],"about":[{"href":"https:\/\/www.lebens-qi.at\/qishop\/wp-json\/wp\/v2\/types\/product"}],"replies":[{"embeddable":true,"href":"https:\/\/www.lebens-qi.at\/qishop\/wp-json\/wp\/v2\/comments?post=1731"}],"wp:featuredmedia":[{"embeddable":true,"href":"https:\/\/www.lebens-qi.at\/qishop\/wp-json\/wp\/v2\/media\/13716"}],"wp:attachment":[{"href":"https:\/\/www.lebens-qi.at\/qishop\/wp-json\/wp\/v2\/media?parent=1731"}],"wp:term":[{"taxonomy":"pwb-brand","embeddable":true,"href":"https:\/\/www.lebens-qi.at\/qishop\/wp-json\/wp\/v2\/pwb-brand?post=1731"},{"taxonomy":"product_brand","embeddable":true,"href":"https:\/\/www.lebens-qi.at\/qishop\/wp-json\/wp\/v2\/product_brand?post=1731"},{"taxonomy":"product_cat","embeddable":true,"href":"https:\/\/www.lebens-qi.at\/qishop\/wp-json\/wp\/v2\/product_cat?post=1731"},{"taxonomy":"product_tag","embeddable":true,"href":"https:\/\/www.lebens-qi.at\/qishop\/wp-json\/wp\/v2\/product_tag?post=1731"}],"curies":[{"name":"wp","href":"https:\/\/api.w.org\/{rel}","templated":true}]}}