{"id":17355,"date":"2025-11-05T10:33:29","date_gmt":"2025-11-05T09:33:29","guid":{"rendered":"https:\/\/www.lebens-qi.at\/qishop\/?post_type=product&#038;p=17355"},"modified":"2025-11-07T14:48:18","modified_gmt":"2025-11-07T13:48:18","slug":"buddha-sitzend-tuerkis-gold-gross","status":"publish","type":"product","link":"https:\/\/www.lebens-qi.at\/qishop\/produkt\/buddha-sitzend-tuerkis-gold-gross\/","title":{"rendered":"Buddha sitzend t\u00fcrkis-gold gro\u00df"},"content":{"rendered":"<p><strong>Buddha t\u00fcrkis-gold<\/strong><\/p>\n<p>Antik gold-t\u00fcrkise Buddha-Figur aus Kunstharz. Anmutiger Buddha mit Erdber\u00fchrungsgeste. Die Bord\u00fcren am Rande des t\u00fcrkisfarbenen Tuchs sind magentarot gemustert, das Tuch mit zart goldenen Ornamenten verziert. Der K\u00f6rper hat einen kupfergoldenen Farbton, die Flamme oberhalb der Krone ist goldfarben.<\/p>\n<p><b>Buddha Figur, sitzend<\/b><br \/>\nMaterial: Kunstharz<br \/>\nGr\u00f6\u00dfe: (B\/H\/T) 17 x 26 x 10 cm<\/p>\n","protected":false},"excerpt":{"rendered":"<p>mit Erdber\u00fchrungsgeste<\/p>\n","protected":false},"featured_media":17356,"comment_status":"open","ping_status":"closed","template":"","meta":{"_links_to":"","_links_to_target":""},"pwb-brand":[617],"product_brand":[],"product_cat":[1236],"product_tag":[734,1237,170,1238,1247],"class_list":{"0":"post-17355","1":"product","2":"type-product","3":"status-publish","4":"has-post-thumbnail","6":"pwb-brand-yantra","7":"product_cat-spirituelle-figuren","8":"product_tag-buddha","9":"product_tag-figur","10":"product_tag-gold","11":"product_tag-gottheit","12":"product_tag-tuerkis","14":"first","15":"instock","16":"taxable","17":"shipping-taxable","18":"purchasable","19":"product-type-simple"},"blog_post_layout_featured_media_urls":{"thumbnail":["https:\/\/www.lebens-qi.at\/qishop\/wp-content\/uploads\/fg-65-buddha-150x150.jpg",150,150,true],"full":["https:\/\/www.lebens-qi.at\/qishop\/wp-content\/uploads\/fg-65-buddha.jpg",600,600,false]},"categories":["617"],"categories_names":{"617":{"name":"Yantra","link":"https:\/\/www.lebens-qi.at\/qishop\/brand\/yantra\/"}},"comments_number":"0","brands":[{"id":617,"name":"Yantra","slug":"yantra"}],"_links":{"self":[{"href":"https:\/\/www.lebens-qi.at\/qishop\/wp-json\/wp\/v2\/product\/17355","targetHints":{"allow":["GET"]}}],"collection":[{"href":"https:\/\/www.lebens-qi.at\/qishop\/wp-json\/wp\/v2\/product"}],"about":[{"href":"https:\/\/www.lebens-qi.at\/qishop\/wp-json\/wp\/v2\/types\/product"}],"replies":[{"embeddable":true,"href":"https:\/\/www.lebens-qi.at\/qishop\/wp-json\/wp\/v2\/comments?post=17355"}],"wp:featuredmedia":[{"embeddable":true,"href":"https:\/\/www.lebens-qi.at\/qishop\/wp-json\/wp\/v2\/media\/17356"}],"wp:attachment":[{"href":"https:\/\/www.lebens-qi.at\/qishop\/wp-json\/wp\/v2\/media?parent=17355"}],"wp:term":[{"taxonomy":"pwb-brand","embeddable":true,"href":"https:\/\/www.lebens-qi.at\/qishop\/wp-json\/wp\/v2\/pwb-brand?post=17355"},{"taxonomy":"product_brand","embeddable":true,"href":"https:\/\/www.lebens-qi.at\/qishop\/wp-json\/wp\/v2\/product_brand?post=17355"},{"taxonomy":"product_cat","embeddable":true,"href":"https:\/\/www.lebens-qi.at\/qishop\/wp-json\/wp\/v2\/product_cat?post=17355"},{"taxonomy":"product_tag","embeddable":true,"href":"https:\/\/www.lebens-qi.at\/qishop\/wp-json\/wp\/v2\/product_tag?post=17355"}],"curies":[{"name":"wp","href":"https:\/\/api.w.org\/{rel}","templated":true}]}}