{"id":17392,"date":"2025-11-06T11:30:03","date_gmt":"2025-11-06T10:30:03","guid":{"rendered":"https:\/\/www.lebens-qi.at\/qishop\/?post_type=product&#038;p=17392"},"modified":"2025-11-06T11:39:59","modified_gmt":"2025-11-06T10:39:59","slug":"traumfaenger-bunt-mit-5-netzen","status":"publish","type":"product","link":"https:\/\/www.lebens-qi.at\/qishop\/produkt\/traumfaenger-bunt-mit-5-netzen\/","title":{"rendered":"Traumf\u00e4nger bunt mit 5 Netzen"},"content":{"rendered":"<p><b>Traumf\u00e4nger bunt mit 5 Netzen<\/b><br \/>\nDekoriert mit bunten Federn und silbernen Perlen<\/p>\n<p>L\u00e4nge ca. 54 cm<br \/>\nGr\u00f6\u00dfe vom gro\u00dfen Netz ca. 12 cm<br \/>\nGr\u00f6\u00dfe von den kleinen Netzen ca. 5 cm<\/p>\n<p><b>Traumf\u00e4nger<\/b><br \/>\nDie Geschichte der Dreamcatcher (Traumf\u00e4nger) stammt aus der indianischen Mythologie. Sie besagt, dass schlechte Tr\u00e4ume sich im Dreamcatcher verfangen, w\u00e4hrend gute Tr\u00e4ume zum Schlafenden gelangen k\u00f6nnen. Ein inspirierender Raumschmuck.<\/p>\n","protected":false},"excerpt":{"rendered":"<p>mit bunten Federn und silbernen Perlen dekoriert<\/p>\n","protected":false},"featured_media":17393,"comment_status":"open","ping_status":"closed","template":"","meta":{"_links_to":"","_links_to_target":""},"pwb-brand":[617],"product_brand":[],"product_cat":[1215],"product_tag":[1216,994],"class_list":{"0":"post-17392","1":"product","2":"type-product","3":"status-publish","4":"has-post-thumbnail","6":"pwb-brand-yantra","7":"product_cat-traumfaenger","8":"product_tag-bunt","9":"product_tag-traumfaenger","11":"first","12":"instock","13":"taxable","14":"shipping-taxable","15":"purchasable","16":"product-type-simple"},"blog_post_layout_featured_media_urls":{"thumbnail":["https:\/\/www.lebens-qi.at\/qishop\/wp-content\/uploads\/Traumfaenger-bunt-150x150.png",150,150,true],"full":["https:\/\/www.lebens-qi.at\/qishop\/wp-content\/uploads\/Traumfaenger-bunt.png",800,800,false]},"categories":["617"],"categories_names":{"617":{"name":"Yantra","link":"https:\/\/www.lebens-qi.at\/qishop\/brand\/yantra\/"}},"comments_number":"0","brands":[{"id":617,"name":"Yantra","slug":"yantra"}],"_links":{"self":[{"href":"https:\/\/www.lebens-qi.at\/qishop\/wp-json\/wp\/v2\/product\/17392","targetHints":{"allow":["GET"]}}],"collection":[{"href":"https:\/\/www.lebens-qi.at\/qishop\/wp-json\/wp\/v2\/product"}],"about":[{"href":"https:\/\/www.lebens-qi.at\/qishop\/wp-json\/wp\/v2\/types\/product"}],"replies":[{"embeddable":true,"href":"https:\/\/www.lebens-qi.at\/qishop\/wp-json\/wp\/v2\/comments?post=17392"}],"wp:featuredmedia":[{"embeddable":true,"href":"https:\/\/www.lebens-qi.at\/qishop\/wp-json\/wp\/v2\/media\/17393"}],"wp:attachment":[{"href":"https:\/\/www.lebens-qi.at\/qishop\/wp-json\/wp\/v2\/media?parent=17392"}],"wp:term":[{"taxonomy":"pwb-brand","embeddable":true,"href":"https:\/\/www.lebens-qi.at\/qishop\/wp-json\/wp\/v2\/pwb-brand?post=17392"},{"taxonomy":"product_brand","embeddable":true,"href":"https:\/\/www.lebens-qi.at\/qishop\/wp-json\/wp\/v2\/product_brand?post=17392"},{"taxonomy":"product_cat","embeddable":true,"href":"https:\/\/www.lebens-qi.at\/qishop\/wp-json\/wp\/v2\/product_cat?post=17392"},{"taxonomy":"product_tag","embeddable":true,"href":"https:\/\/www.lebens-qi.at\/qishop\/wp-json\/wp\/v2\/product_tag?post=17392"}],"curies":[{"name":"wp","href":"https:\/\/api.w.org\/{rel}","templated":true}]}}