{"id":17398,"date":"2025-11-06T12:18:13","date_gmt":"2025-11-06T11:18:13","guid":{"rendered":"https:\/\/www.lebens-qi.at\/qishop\/?post_type=product&#038;p=17398"},"modified":"2025-11-06T17:15:02","modified_gmt":"2025-11-06T16:15:02","slug":"pfau-ohrhaken","status":"publish","type":"product","link":"https:\/\/www.lebens-qi.at\/qishop\/produkt\/pfau-ohrhaken\/","title":{"rendered":"Pfau &#8211; Ohrhaken"},"content":{"rendered":"<div class=\"content--description\">\n<div class=\"product--description\">\n<p><strong>Pfau<\/strong><br \/>\nOhrhaken mit Pfau, Relief<\/p>\n<p><em>Das Krafttier Pfau steht symbolisch f\u00fcr Selbstbewusstsein, Spiritualit\u00e4t, Unsterblichkeit, Sch\u00f6nheit und Stolz.<\/em><\/p>\n<p><b>Material:<\/b> Haken Edelstahl, Pfau Metall-Legierung<br \/>\n<b>Farbe: <\/b>silber-antik<br \/>\n<b>Gr\u00f6\u00dfe:<\/b> vom Pfau ca. 25 x 35 mm, Gesamtl\u00e4nge ca. 58 mm<br \/>\ninkl. Silikonstopper<\/p>\n<p><em><strong>Hinweis:<\/strong> Lieferumfang ein Paar in Schmuckbox<\/em><\/p>\n<\/div>\n<\/div>\n","protected":false},"excerpt":{"rendered":"<p>in der Farbe Silber antik<\/p>\n","protected":false},"featured_media":17400,"comment_status":"open","ping_status":"closed","template":"","meta":{"_links_to":"","_links_to_target":""},"pwb-brand":[2128],"product_brand":[],"product_cat":[1012,1746],"product_tag":[1057,1741,1136,118],"class_list":{"0":"post-17398","1":"product","2":"type-product","3":"status-publish","4":"has-post-thumbnail","6":"pwb-brand-snowfall","7":"product_cat-krafttierschmuck","8":"product_cat-ohrschmuck","9":"product_tag-krafttier","10":"product_tag-ohrringe","11":"product_tag-pfau","12":"product_tag-schmuck","14":"first","15":"instock","16":"taxable","17":"shipping-taxable","18":"purchasable","19":"product-type-simple"},"blog_post_layout_featured_media_urls":{"thumbnail":["https:\/\/www.lebens-qi.at\/qishop\/wp-content\/uploads\/pfau-ohrringe-150x150.png",150,150,true],"full":["https:\/\/www.lebens-qi.at\/qishop\/wp-content\/uploads\/pfau-ohrringe.png",800,800,false]},"categories":["2128"],"categories_names":{"2128":{"name":"Snowfall","link":"https:\/\/www.lebens-qi.at\/qishop\/brand\/snowfall\/"}},"comments_number":"0","brands":[{"id":2128,"name":"Snowfall","slug":"snowfall"}],"_links":{"self":[{"href":"https:\/\/www.lebens-qi.at\/qishop\/wp-json\/wp\/v2\/product\/17398","targetHints":{"allow":["GET"]}}],"collection":[{"href":"https:\/\/www.lebens-qi.at\/qishop\/wp-json\/wp\/v2\/product"}],"about":[{"href":"https:\/\/www.lebens-qi.at\/qishop\/wp-json\/wp\/v2\/types\/product"}],"replies":[{"embeddable":true,"href":"https:\/\/www.lebens-qi.at\/qishop\/wp-json\/wp\/v2\/comments?post=17398"}],"wp:featuredmedia":[{"embeddable":true,"href":"https:\/\/www.lebens-qi.at\/qishop\/wp-json\/wp\/v2\/media\/17400"}],"wp:attachment":[{"href":"https:\/\/www.lebens-qi.at\/qishop\/wp-json\/wp\/v2\/media?parent=17398"}],"wp:term":[{"taxonomy":"pwb-brand","embeddable":true,"href":"https:\/\/www.lebens-qi.at\/qishop\/wp-json\/wp\/v2\/pwb-brand?post=17398"},{"taxonomy":"product_brand","embeddable":true,"href":"https:\/\/www.lebens-qi.at\/qishop\/wp-json\/wp\/v2\/product_brand?post=17398"},{"taxonomy":"product_cat","embeddable":true,"href":"https:\/\/www.lebens-qi.at\/qishop\/wp-json\/wp\/v2\/product_cat?post=17398"},{"taxonomy":"product_tag","embeddable":true,"href":"https:\/\/www.lebens-qi.at\/qishop\/wp-json\/wp\/v2\/product_tag?post=17398"}],"curies":[{"name":"wp","href":"https:\/\/api.w.org\/{rel}","templated":true}]}}