{"id":17449,"date":"2025-11-09T12:40:56","date_gmt":"2025-11-09T11:40:56","guid":{"rendered":"https:\/\/www.lebens-qi.at\/qishop\/?post_type=product&#038;p=17449"},"modified":"2025-11-27T14:09:23","modified_gmt":"2025-11-27T13:09:23","slug":"lebensbaum-armband-beautiful","status":"publish","type":"product","link":"https:\/\/www.lebens-qi.at\/qishop\/produkt\/lebensbaum-armband-beautiful\/","title":{"rendered":"Lebensbaum &#8211; Armband &#8222;Beautiful&#8220;"},"content":{"rendered":"<div class=\"content--description\">\n<div class=\"product--description\">\n<p><strong>Lebensbaum<\/strong><br \/>\nTrendy Armband mit dem Symbol Baum des Lebens. Einzartes Schmuckst\u00fcck aus Edelstahl, dank der Verl\u00e4ngerung variabel einstellbar.<\/p>\n<p>Symbolbedeutung: Erdung, Stabilit\u00e4t, Wachstum, Sicherheit<br \/>\n<em><strong>Am Baum des Lebens wachsen viele Augenblicke. Jeder einzelne davon ist kostbar.<\/strong><\/em><\/p>\n<p>BEAUTIFUL&#8230; trendy und absolut stylisch. Das Symbol ist mit vier kleinen Pl\u00e4ttchen zus\u00e4tzlich veredelt und liegt somit voll im Trend. Ob als Einzelschmuckst\u00fcck oder in Kombi mir anderen Armb\u00e4ndern &#8211; auf jeden Fall ein toller Hingucker.<\/p>\n<p><b>Material:<\/b> Edelstahl (je nach Farbe versilbert\/vergoldet\/ros\u00e9vergoldet) \u2013 nickelallergiefrei<br \/>\n<b>Farbe: <\/b>gem\u00e4\u00df Auswahl<br \/>\n<b>Gr\u00f6\u00dfe:<\/b> \u00f8 vom Symbol ca. 1 cm, Pl\u00e4ttchen ca. 5 mm<br \/>\n<strong>St\u00e4rke:<\/strong> ca. 1 mm<br \/>\n<strong>L\u00e4nge:<\/strong> ca. 17 cm + 3 cm Verl\u00e4ngerung<\/p>\n<p><em><strong>Hinweis:<\/strong> Lieferumfang ein Armband<\/em><\/p>\n<\/div>\n<\/div>\n","protected":false},"excerpt":{"rendered":"<p>Erdung, Stabilit\u00e4t, Wachstum, Sicherheit<\/p>\n","protected":false},"featured_media":17455,"comment_status":"open","ping_status":"closed","template":"","meta":{"_links_to":"","_links_to_target":""},"pwb-brand":[3038],"product_brand":[],"product_cat":[1011,3042],"product_tag":[1223,2960,3052,784,312,2137,118,1241,2539,1954],"class_list":{"0":"post-17449","1":"product","2":"type-product","3":"status-publish","4":"has-post-thumbnail","6":"pwb-brand-hca","7":"product_cat-symbolschmuck","8":"product_cat-zarte-symbolarmbaender","9":"product_tag-armband","10":"product_tag-baum-des-lebens","11":"product_tag-beautiful","12":"product_tag-edelstahl","13":"product_tag-lebensbaum","14":"product_tag-rosegold","15":"product_tag-schmuck","16":"product_tag-silber","17":"product_tag-vergoldet","18":"product_tag-yggdrasil","20":"first","21":"instock","22":"taxable","23":"shipping-taxable","24":"purchasable","25":"product-type-variable"},"blog_post_layout_featured_media_urls":{"thumbnail":["https:\/\/www.lebens-qi.at\/qishop\/wp-content\/uploads\/606000-armband-lebensbaum-150x150.jpg",150,150,true],"full":["https:\/\/www.lebens-qi.at\/qishop\/wp-content\/uploads\/606000-armband-lebensbaum.jpg",600,600,false]},"categories":["3038"],"categories_names":{"3038":{"name":"hca","link":"https:\/\/www.lebens-qi.at\/qishop\/brand\/hca\/"}},"comments_number":"0","brands":[{"id":3038,"name":"hca","slug":"hca"}],"_links":{"self":[{"href":"https:\/\/www.lebens-qi.at\/qishop\/wp-json\/wp\/v2\/product\/17449","targetHints":{"allow":["GET"]}}],"collection":[{"href":"https:\/\/www.lebens-qi.at\/qishop\/wp-json\/wp\/v2\/product"}],"about":[{"href":"https:\/\/www.lebens-qi.at\/qishop\/wp-json\/wp\/v2\/types\/product"}],"replies":[{"embeddable":true,"href":"https:\/\/www.lebens-qi.at\/qishop\/wp-json\/wp\/v2\/comments?post=17449"}],"wp:featuredmedia":[{"embeddable":true,"href":"https:\/\/www.lebens-qi.at\/qishop\/wp-json\/wp\/v2\/media\/17455"}],"wp:attachment":[{"href":"https:\/\/www.lebens-qi.at\/qishop\/wp-json\/wp\/v2\/media?parent=17449"}],"wp:term":[{"taxonomy":"pwb-brand","embeddable":true,"href":"https:\/\/www.lebens-qi.at\/qishop\/wp-json\/wp\/v2\/pwb-brand?post=17449"},{"taxonomy":"product_brand","embeddable":true,"href":"https:\/\/www.lebens-qi.at\/qishop\/wp-json\/wp\/v2\/product_brand?post=17449"},{"taxonomy":"product_cat","embeddable":true,"href":"https:\/\/www.lebens-qi.at\/qishop\/wp-json\/wp\/v2\/product_cat?post=17449"},{"taxonomy":"product_tag","embeddable":true,"href":"https:\/\/www.lebens-qi.at\/qishop\/wp-json\/wp\/v2\/product_tag?post=17449"}],"curies":[{"name":"wp","href":"https:\/\/api.w.org\/{rel}","templated":true}]}}