{"id":1758,"date":"2024-02-19T11:53:50","date_gmt":"2024-02-19T10:53:50","guid":{"rendered":"https:\/\/www.lebens-qi.at\/qishop\/produkt\/hollerfee-oolong-halbfermentierte-teemischung\/"},"modified":"2025-12-09T20:13:54","modified_gmt":"2025-12-09T19:13:54","slug":"hollerfee-oolong-halbfermentierte-teemischung","status":"publish","type":"product","link":"https:\/\/www.lebens-qi.at\/qishop\/produkt\/hollerfee-oolong-halbfermentierte-teemischung\/","title":{"rendered":"Hollerfee Oolong &#8211; Halbfermentierte Teemischung"},"content":{"rendered":"<p><b>Premium Qualit\u00e4t!<br \/>\nHollerfee Oolong<\/b><br \/>\nHalbfermentierte Teemischung mit Holunder-Zitrus Note<\/p>\n<p>Im perfekten Einklang steht der sehr aromatische, chinesische <b>Oolong Ti Kuan Yin<\/b> mit den zarten und typischen Noten der Holunderbl\u00fcte. Den besonderen Spritz erh\u00e4lt diese Komposition durch s\u00fc\u00dfe und herbe Noten von Zitrusfr\u00fcchten.<\/p>\n<p>2-3 Minuten Ziehzeit<br \/>\n80-90\u00b0 C Wassertemperatur<br \/>\n4-5 Teel\u00f6ffel\/1 Liter<\/p>\n<p><em><b>Zutaten:<\/b><br \/>\nhalbfermentierter Tee (58 %), Apfelst\u00fccke, Apfelw\u00fcrfel, nat\u00fcrliches Aroma, Heidekrautbl\u00fcten, rote Kornblumenbl\u00fcten<\/em><\/p>\n<p><b>Inhalt:<\/b><br \/>\n100 g loser Tee in versiegelter Aromat\u00fcte<\/p>\n<p>Bild auf der Etikette von Jassi Bis<\/p>\n","protected":false},"excerpt":{"rendered":"<p>Holunder-Zitrus Note<\/p>\n","protected":false},"featured_media":13697,"comment_status":"open","ping_status":"closed","template":"","meta":{"_links_to":"","_links_to_target":""},"pwb-brand":[434],"product_brand":[],"product_cat":[3019,2810,431],"product_tag":[1913,1505,1716,2316,1264,1506,2315,458,275],"class_list":{"0":"post-1758","1":"product","2":"type-product","3":"status-publish","4":"has-post-thumbnail","6":"pwb-brand-lebens-qi-teehaus-qualitaet","7":"product_cat-ostern","8":"product_cat-halbfermentierter-tee","9":"product_cat-teehaus-qualitaet","10":"product_tag-apfel","11":"product_tag-halbfermentierter-tee","12":"product_tag-holunder","13":"product_tag-kornblumenblueten","14":"product_tag-kuan-yin","15":"product_tag-oolong","16":"product_tag-teehaus-qualitaet","17":"product_tag-teemischung","18":"product_tag-zitrone","20":"first","21":"instock","22":"taxable","23":"shipping-taxable","24":"purchasable","25":"product-type-simple"},"blog_post_layout_featured_media_urls":{"thumbnail":["https:\/\/www.lebens-qi.at\/qishop\/wp-content\/uploads\/hollerfee-tee-150x150.png",150,150,true],"full":["https:\/\/www.lebens-qi.at\/qishop\/wp-content\/uploads\/hollerfee-tee.png",800,800,false]},"categories":["434"],"categories_names":{"434":{"name":"Teehaus-Qualit\u00e4t vom LEBENS-QI","link":"https:\/\/www.lebens-qi.at\/qishop\/brand\/lebens-qi-teehaus-qualitaet\/"}},"comments_number":"0","brands":[{"id":434,"name":"Teehaus-Qualit\u00e4t vom LEBENS-QI","slug":"lebens-qi-teehaus-qualitaet"}],"_links":{"self":[{"href":"https:\/\/www.lebens-qi.at\/qishop\/wp-json\/wp\/v2\/product\/1758","targetHints":{"allow":["GET"]}}],"collection":[{"href":"https:\/\/www.lebens-qi.at\/qishop\/wp-json\/wp\/v2\/product"}],"about":[{"href":"https:\/\/www.lebens-qi.at\/qishop\/wp-json\/wp\/v2\/types\/product"}],"replies":[{"embeddable":true,"href":"https:\/\/www.lebens-qi.at\/qishop\/wp-json\/wp\/v2\/comments?post=1758"}],"wp:featuredmedia":[{"embeddable":true,"href":"https:\/\/www.lebens-qi.at\/qishop\/wp-json\/wp\/v2\/media\/13697"}],"wp:attachment":[{"href":"https:\/\/www.lebens-qi.at\/qishop\/wp-json\/wp\/v2\/media?parent=1758"}],"wp:term":[{"taxonomy":"pwb-brand","embeddable":true,"href":"https:\/\/www.lebens-qi.at\/qishop\/wp-json\/wp\/v2\/pwb-brand?post=1758"},{"taxonomy":"product_brand","embeddable":true,"href":"https:\/\/www.lebens-qi.at\/qishop\/wp-json\/wp\/v2\/product_brand?post=1758"},{"taxonomy":"product_cat","embeddable":true,"href":"https:\/\/www.lebens-qi.at\/qishop\/wp-json\/wp\/v2\/product_cat?post=1758"},{"taxonomy":"product_tag","embeddable":true,"href":"https:\/\/www.lebens-qi.at\/qishop\/wp-json\/wp\/v2\/product_tag?post=1758"}],"curies":[{"name":"wp","href":"https:\/\/api.w.org\/{rel}","templated":true}]}}