{"id":17589,"date":"2025-11-15T09:59:41","date_gmt":"2025-11-15T08:59:41","guid":{"rendered":"https:\/\/www.lebens-qi.at\/qishop\/?post_type=product&#038;p=17589"},"modified":"2025-12-17T18:36:14","modified_gmt":"2025-12-17T17:36:14","slug":"wintergewuerze-gewuerzteemischung","status":"publish","type":"product","link":"https:\/\/www.lebens-qi.at\/qishop\/produkt\/wintergewuerze-gewuerzteemischung\/","title":{"rendered":"Wintergew\u00fcrze &#8211; Gew\u00fcrzteemischung"},"content":{"rendered":"<p><b>Wintergew\u00fcrze<\/b><br \/>\nGew\u00fcrzteemischung ohne Zusatz von Aroma<\/p>\n<p>Diese ausgewogene Gew\u00fcrzmischung\u00a0bringt wohlige W\u00e4rme in jede Tasse. Ein hoher Anteil Zimt trifft auf aromatische Orangenschale, w\u00e4hrend Nelke, Ingwer, Kardamom und Pfeffer f\u00fcr eine harmonische W\u00fcrze sorgen. Ganz ohne zugesetzte Aromen. Pure Gew\u00fcrzkraft <strong>f\u00fcr Lieblingspunsch, Gl\u00fchwein, Tee<\/strong> oder andere hei\u00dfe Kreationen.<\/p>\n<p>5-10 Minuten Ziehzeit<br \/>\n100\u00b0 C Wassertemperatur<br \/>\n4-5 gestrichene Teel\u00f6ffel\/1 Liter<\/p>\n<p><em><b>Zutaten:<\/b><br \/>\nIngwerst\u00fccke, Zimtst\u00fccke, Orangenschalen, Nelken, schwarzer Pfeffer, Kardamomsaat<\/em><\/p>\n<p><b>Wichtig: <\/b>Immer mit sprudelnd kochendem Wasser aufgie\u00dfen, mindestens 5-10 Minuten ziehen lassen! Nur so erhalten Sie ein sicheres Lebensmittel.<\/p>\n<p><b>Inhalt:<\/b><br \/>\n100 g loser Tee in versiegelter Aromat\u00fcte<\/p>\n<p>Zeichnung auf der Etikette von Vika Liverpool auf Canva<\/p>\n","protected":false},"excerpt":{"rendered":"<p>mit Orange<\/p>\n","protected":false},"featured_media":17591,"comment_status":"open","ping_status":"closed","template":"","meta":{"_links_to":"","_links_to_target":""},"pwb-brand":[434],"product_brand":[],"product_cat":[2816,431,3018],"product_tag":[1562,1915,335,2108,404,365,1945,443,2315,458,408],"class_list":{"0":"post-17589","1":"product","2":"type-product","3":"status-publish","4":"has-post-thumbnail","6":"pwb-brand-lebens-qi-teehaus-qualitaet","7":"product_cat-gewuerztee","8":"product_cat-teehaus-qualitaet","9":"product_cat-weihnachten","10":"product_tag-gewuerznelke","11":"product_tag-gewuerztee","12":"product_tag-ingwer","13":"product_tag-kardamom","14":"product_tag-nelken","15":"product_tag-orange","16":"product_tag-pfeffer","17":"product_tag-tee","18":"product_tag-teehaus-qualitaet","19":"product_tag-teemischung","20":"product_tag-zimt","22":"first","23":"instock","24":"taxable","25":"shipping-taxable","26":"purchasable","27":"product-type-simple"},"blog_post_layout_featured_media_urls":{"thumbnail":["https:\/\/www.lebens-qi.at\/qishop\/wp-content\/uploads\/wintergewuerzetee-150x150.png",150,150,true],"full":["https:\/\/www.lebens-qi.at\/qishop\/wp-content\/uploads\/wintergewuerzetee.png",800,800,false]},"categories":["434"],"categories_names":{"434":{"name":"Teehaus-Qualit\u00e4t vom LEBENS-QI","link":"https:\/\/www.lebens-qi.at\/qishop\/brand\/lebens-qi-teehaus-qualitaet\/"}},"comments_number":"0","brands":[{"id":434,"name":"Teehaus-Qualit\u00e4t vom LEBENS-QI","slug":"lebens-qi-teehaus-qualitaet"}],"_links":{"self":[{"href":"https:\/\/www.lebens-qi.at\/qishop\/wp-json\/wp\/v2\/product\/17589","targetHints":{"allow":["GET"]}}],"collection":[{"href":"https:\/\/www.lebens-qi.at\/qishop\/wp-json\/wp\/v2\/product"}],"about":[{"href":"https:\/\/www.lebens-qi.at\/qishop\/wp-json\/wp\/v2\/types\/product"}],"replies":[{"embeddable":true,"href":"https:\/\/www.lebens-qi.at\/qishop\/wp-json\/wp\/v2\/comments?post=17589"}],"wp:featuredmedia":[{"embeddable":true,"href":"https:\/\/www.lebens-qi.at\/qishop\/wp-json\/wp\/v2\/media\/17591"}],"wp:attachment":[{"href":"https:\/\/www.lebens-qi.at\/qishop\/wp-json\/wp\/v2\/media?parent=17589"}],"wp:term":[{"taxonomy":"pwb-brand","embeddable":true,"href":"https:\/\/www.lebens-qi.at\/qishop\/wp-json\/wp\/v2\/pwb-brand?post=17589"},{"taxonomy":"product_brand","embeddable":true,"href":"https:\/\/www.lebens-qi.at\/qishop\/wp-json\/wp\/v2\/product_brand?post=17589"},{"taxonomy":"product_cat","embeddable":true,"href":"https:\/\/www.lebens-qi.at\/qishop\/wp-json\/wp\/v2\/product_cat?post=17589"},{"taxonomy":"product_tag","embeddable":true,"href":"https:\/\/www.lebens-qi.at\/qishop\/wp-json\/wp\/v2\/product_tag?post=17589"}],"curies":[{"name":"wp","href":"https:\/\/api.w.org\/{rel}","templated":true}]}}