{"id":1760,"date":"2024-02-19T11:53:51","date_gmt":"2024-02-19T10:53:51","guid":{"rendered":"https:\/\/www.lebens-qi.at\/qishop\/produkt\/finnischer-waldhuettentee-kraeuterteemischung\/"},"modified":"2025-11-15T10:53:34","modified_gmt":"2025-11-15T09:53:34","slug":"finnischer-waldhuettentee-kraeuterteemischung","status":"publish","type":"product","link":"https:\/\/www.lebens-qi.at\/qishop\/produkt\/finnischer-waldhuettentee-kraeuterteemischung\/","title":{"rendered":"Finnischer Waldh\u00fcttentee &#8211; Kr\u00e4uterteemischung"},"content":{"rendered":"<p><b>Finnischer Waldh\u00fcttentee<\/b><br \/>\nKr\u00e4uterteemischung mit Fichtennadel\u00f6l<\/p>\n<p>Der Gedanke an eine schneebedeckte H\u00fctte umgeben von W\u00e4ldern, weitab von Vorweihnachtsstress und Trubel war die Inspiration f\u00fcr diese Kreation. And\u00e4chtige Stille, endlose Weite, ein Sternenhimmel zum Greifen nahe, ein knisterndes Kaminfeuer, das sein w\u00e4rmendes Licht durchs Fenster schickt und die Eiszapfen drau\u00dfen zum Glitzern bringt. Auf alle F\u00e4lle darf eine w\u00e4rmende Tasse Tee nicht fehlen. Die Highlights hier: unsere Bergbrombeer- und Blaubeerbl\u00e4tter, Pinienkerne und das ganz besondere Etwas: der einzigartige Geschmack reinen Fichtennadel\u00f6ls mit roten Johannisbeeren und Aroniabeeren. Fichte k\u00fcsst Beeren ganz nat\u00fcrlich unter dem Mistelzweig.<\/p>\n<p>8-10 Minuten Ziehzeit<br \/>\n100\u00b0 C Wassertemperatur<br \/>\n4-5 geh\u00e4ufte Teel\u00f6ffel\/1 Liter<\/p>\n<p><em><b>Zutaten:<\/b><br \/>\nApfelst\u00fccke, Bergblaubeerbl\u00e4tter, Bergbrombeerbl\u00e4tter, Zitronengras, Eukalyptusbl\u00e4tter, Brombeerbl\u00e4tter, nat\u00fcrliches Aroma, Pinienkerne, s\u00fc\u00dfe Brombeerbl\u00e4tter, Mistelkraut, Aroniabeeren, gefr.-getr. ganze rote Johannisbeeren, Fichtennadel\u00f6l<\/em><\/p>\n<p><em><b>Wichtig: <\/b>Immer mit sprudelnd kochendem Wasser aufgie\u00dfen, mindestens 5-10 Minuten ziehen lassen! Nur so erhalten Sie ein sicheres Lebensmittel.<\/em><\/p>\n<p><b>Inhalt:<\/b><br \/>\n100 g loser Tee in versiegelter Aromat\u00fcte<\/p>\n<p>Zeichnung auf der Etikette von Jassi Bis<\/p>\n","protected":false},"excerpt":{"rendered":"<p>mit Fichtennadel\u00f6l<\/p>\n","protected":false},"featured_media":13696,"comment_status":"open","ping_status":"closed","template":"","meta":{"_links_to":"","_links_to_target":""},"pwb-brand":[434],"product_brand":[],"product_cat":[2813,431],"product_tag":[2311,412,388,1912,1840,1920,2322,443,2315,458,355],"class_list":{"0":"post-1760","1":"product","2":"type-product","3":"status-publish","4":"has-post-thumbnail","6":"pwb-brand-lebens-qi-teehaus-qualitaet","7":"product_cat-kraeutertee","8":"product_cat-teehaus-qualitaet","9":"product_tag-brombeerblaetter","10":"product_tag-eukalyptus","11":"product_tag-fichtennadeln","12":"product_tag-johannisbeere","13":"product_tag-kraeutertee","14":"product_tag-mistelkraut","15":"product_tag-pinienkerne","16":"product_tag-tee","17":"product_tag-teehaus-qualitaet","18":"product_tag-teemischung","19":"product_tag-zitronengras","21":"first","22":"instock","23":"taxable","24":"shipping-taxable","25":"purchasable","26":"product-type-simple"},"blog_post_layout_featured_media_urls":{"thumbnail":["https:\/\/www.lebens-qi.at\/qishop\/wp-content\/uploads\/waldhuetten-tee-150x150.png",150,150,true],"full":["https:\/\/www.lebens-qi.at\/qishop\/wp-content\/uploads\/waldhuetten-tee.png",800,800,false]},"categories":["434"],"categories_names":{"434":{"name":"Teehaus-Qualit\u00e4t vom LEBENS-QI","link":"https:\/\/www.lebens-qi.at\/qishop\/brand\/lebens-qi-teehaus-qualitaet\/"}},"comments_number":"0","brands":[{"id":434,"name":"Teehaus-Qualit\u00e4t vom LEBENS-QI","slug":"lebens-qi-teehaus-qualitaet"}],"_links":{"self":[{"href":"https:\/\/www.lebens-qi.at\/qishop\/wp-json\/wp\/v2\/product\/1760","targetHints":{"allow":["GET"]}}],"collection":[{"href":"https:\/\/www.lebens-qi.at\/qishop\/wp-json\/wp\/v2\/product"}],"about":[{"href":"https:\/\/www.lebens-qi.at\/qishop\/wp-json\/wp\/v2\/types\/product"}],"replies":[{"embeddable":true,"href":"https:\/\/www.lebens-qi.at\/qishop\/wp-json\/wp\/v2\/comments?post=1760"}],"wp:featuredmedia":[{"embeddable":true,"href":"https:\/\/www.lebens-qi.at\/qishop\/wp-json\/wp\/v2\/media\/13696"}],"wp:attachment":[{"href":"https:\/\/www.lebens-qi.at\/qishop\/wp-json\/wp\/v2\/media?parent=1760"}],"wp:term":[{"taxonomy":"pwb-brand","embeddable":true,"href":"https:\/\/www.lebens-qi.at\/qishop\/wp-json\/wp\/v2\/pwb-brand?post=1760"},{"taxonomy":"product_brand","embeddable":true,"href":"https:\/\/www.lebens-qi.at\/qishop\/wp-json\/wp\/v2\/product_brand?post=1760"},{"taxonomy":"product_cat","embeddable":true,"href":"https:\/\/www.lebens-qi.at\/qishop\/wp-json\/wp\/v2\/product_cat?post=1760"},{"taxonomy":"product_tag","embeddable":true,"href":"https:\/\/www.lebens-qi.at\/qishop\/wp-json\/wp\/v2\/product_tag?post=1760"}],"curies":[{"name":"wp","href":"https:\/\/api.w.org\/{rel}","templated":true}]}}