{"id":17611,"date":"2025-11-17T13:59:06","date_gmt":"2025-11-17T12:59:06","guid":{"rendered":"https:\/\/www.lebens-qi.at\/qishop\/?post_type=product&#038;p=17611"},"modified":"2025-12-08T20:32:45","modified_gmt":"2025-12-08T19:32:45","slug":"ring-aus-granat","status":"publish","type":"product","link":"https:\/\/www.lebens-qi.at\/qishop\/produkt\/ring-aus-granat\/","title":{"rendered":"Ring aus Granat"},"content":{"rendered":"<p><strong>Elastischer Edelsteinring mit Perlen aus Granat<\/strong><\/p>\n<p>Kleine Steinkugeln aus Granat f\u00fcr Krisenl\u00f6sung, Lebensqualit\u00e4t, wahre Freundschaft, Willenskraft, Erfolg<\/p>\n<p><b>Material:<\/b> Stein, Elastikband<br \/>\n<b>Farbe: <\/b>dunkelrot<br \/>\n<b>Gr\u00f6\u00dfe:<\/b> ca. 2,5 cm (Innendurchmesser ca. 2 cm)<br \/>\n<strong>Perlengr\u00f6\u00dfe:<\/strong> 3 mm<\/p>\n<p><em>Lieferumfang 1 St\u00fcck<\/em><\/p>\n","protected":false},"excerpt":{"rendered":"<p>auf Elastikband<\/p>\n","protected":false},"featured_media":17614,"comment_status":"open","ping_status":"closed","template":"","meta":{"_links_to":"","_links_to_target":""},"pwb-brand":[276],"product_brand":[],"product_cat":[2123,2124],"product_tag":[1327,171,1981,1000,118],"class_list":{"0":"post-17611","1":"product","2":"type-product","3":"status-publish","4":"has-post-thumbnail","6":"pwb-brand-mani-bhadra-phoenix-import","7":"product_cat-ringe-aus-mit-stein","8":"product_cat-ringe-aus-mit-stein-steinschmuck-schmuck-mit-wirkung","9":"product_tag-edelsteine","10":"product_tag-granat","11":"product_tag-krisenloesung","12":"product_tag-ring","13":"product_tag-schmuck","14":"pa_herkunft-china","16":"first","17":"instock","18":"taxable","19":"shipping-taxable","20":"purchasable","21":"product-type-simple"},"blog_post_layout_featured_media_urls":{"thumbnail":["https:\/\/www.lebens-qi.at\/qishop\/wp-content\/uploads\/12559-granat-ring-150x150.jpg",150,150,true],"full":["https:\/\/www.lebens-qi.at\/qishop\/wp-content\/uploads\/12559-granat-ring.jpg",800,800,false]},"categories":["276"],"categories_names":{"276":{"name":"Mani Bhadra - Phoenix Import","link":"https:\/\/www.lebens-qi.at\/qishop\/brand\/mani-bhadra-phoenix-import\/"}},"comments_number":"0","brands":[{"id":276,"name":"Mani Bhadra - Phoenix Import","slug":"mani-bhadra-phoenix-import"}],"_links":{"self":[{"href":"https:\/\/www.lebens-qi.at\/qishop\/wp-json\/wp\/v2\/product\/17611","targetHints":{"allow":["GET"]}}],"collection":[{"href":"https:\/\/www.lebens-qi.at\/qishop\/wp-json\/wp\/v2\/product"}],"about":[{"href":"https:\/\/www.lebens-qi.at\/qishop\/wp-json\/wp\/v2\/types\/product"}],"replies":[{"embeddable":true,"href":"https:\/\/www.lebens-qi.at\/qishop\/wp-json\/wp\/v2\/comments?post=17611"}],"wp:featuredmedia":[{"embeddable":true,"href":"https:\/\/www.lebens-qi.at\/qishop\/wp-json\/wp\/v2\/media\/17614"}],"wp:attachment":[{"href":"https:\/\/www.lebens-qi.at\/qishop\/wp-json\/wp\/v2\/media?parent=17611"}],"wp:term":[{"taxonomy":"pwb-brand","embeddable":true,"href":"https:\/\/www.lebens-qi.at\/qishop\/wp-json\/wp\/v2\/pwb-brand?post=17611"},{"taxonomy":"product_brand","embeddable":true,"href":"https:\/\/www.lebens-qi.at\/qishop\/wp-json\/wp\/v2\/product_brand?post=17611"},{"taxonomy":"product_cat","embeddable":true,"href":"https:\/\/www.lebens-qi.at\/qishop\/wp-json\/wp\/v2\/product_cat?post=17611"},{"taxonomy":"product_tag","embeddable":true,"href":"https:\/\/www.lebens-qi.at\/qishop\/wp-json\/wp\/v2\/product_tag?post=17611"}],"curies":[{"name":"wp","href":"https:\/\/api.w.org\/{rel}","templated":true}]}}