{"id":17658,"date":"2025-11-18T12:11:14","date_gmt":"2025-11-18T11:11:14","guid":{"rendered":"https:\/\/www.lebens-qi.at\/qishop\/?post_type=product&#038;p=17658"},"modified":"2025-11-18T14:52:23","modified_gmt":"2025-11-18T13:52:23","slug":"7-chakren-orientalisches-licht","status":"publish","type":"product","link":"https:\/\/www.lebens-qi.at\/qishop\/produkt\/7-chakren-orientalisches-licht\/","title":{"rendered":"7 Chakren &#8211; Orientalisches Licht"},"content":{"rendered":"<p><strong>Orientalische Laterne f\u00fcr Teelichter<\/strong><\/p>\n<p>Diese orientalische Lampe, dekoriert mit den sieben Chakren kann sowohl hingestellt, als auch aufgeh\u00e4ngt werden.<br \/>\nDurch das T\u00fcrchen an einer der Seiten kann ein Teelicht oder eine kleine Kerze hineingesetzt werden.<br \/>\nStrahlt auf besondere Weise die 7 Chakrasymbole und -farben aus &#8211; da jede der 7 Seiten einem Chakra (durch Glasfarbe und Symbole) gewidmet ist.<\/p>\n<p>Bei Verwendung im Freien bildet sich Rost und Witterungseinfl\u00fcsse verk\u00fcrzen die Lebensdauer des Produkts. Aber f\u00fcr einige sind diese Art von Artikeln mit einem verwitterten Look noch attraktiver. Es liegt also an Ihnen, wie Sie sie am liebsten verwenden.<\/p>\n<p>Farbe: Metall grau, Glas-Eins\u00e4tze bunt<br \/>\nGr\u00f6\u00dfe: ca. 8,5 x 30 cm<br \/>\nMaterial: Eisen, Glas<\/p>\n<p><em>Teelichter im Lieferumfang nicht enthalten &#8211; bitte separat bestellen<\/em><\/p>\n","protected":false},"excerpt":{"rendered":"<p>aus Eisen &amp; Glas<\/p>\n","protected":false},"featured_media":17660,"comment_status":"open","ping_status":"closed","template":"","meta":{"_links_to":"","_links_to_target":""},"pwb-brand":[276],"product_brand":[],"product_cat":[988],"product_tag":[2261,446,3060,981,989,3059,3058,576,984],"class_list":{"0":"post-17658","1":"product","2":"type-product","3":"status-publish","4":"has-post-thumbnail","6":"pwb-brand-mani-bhadra-phoenix-import","7":"product_cat-teelicht-votivkerzenhalter","8":"product_tag-chakras","9":"product_tag-chakren","10":"product_tag-eisen","11":"product_tag-glas","12":"product_tag-kerzenhalter","13":"product_tag-laterne","14":"product_tag-orientalisches-licht","15":"product_tag-symbole","16":"product_tag-teelicht","17":"pa_herkunft-indien","19":"first","20":"instock","21":"taxable","22":"shipping-taxable","23":"purchasable","24":"product-type-simple"},"blog_post_layout_featured_media_urls":{"thumbnail":["https:\/\/www.lebens-qi.at\/qishop\/wp-content\/uploads\/17690_chakra-laterne-150x150.jpg",150,150,true],"full":["https:\/\/www.lebens-qi.at\/qishop\/wp-content\/uploads\/17690_chakra-laterne.jpg",800,800,false]},"categories":["276"],"categories_names":{"276":{"name":"Mani Bhadra - Phoenix Import","link":"https:\/\/www.lebens-qi.at\/qishop\/brand\/mani-bhadra-phoenix-import\/"}},"comments_number":"0","brands":[{"id":276,"name":"Mani Bhadra - Phoenix Import","slug":"mani-bhadra-phoenix-import"}],"_links":{"self":[{"href":"https:\/\/www.lebens-qi.at\/qishop\/wp-json\/wp\/v2\/product\/17658","targetHints":{"allow":["GET"]}}],"collection":[{"href":"https:\/\/www.lebens-qi.at\/qishop\/wp-json\/wp\/v2\/product"}],"about":[{"href":"https:\/\/www.lebens-qi.at\/qishop\/wp-json\/wp\/v2\/types\/product"}],"replies":[{"embeddable":true,"href":"https:\/\/www.lebens-qi.at\/qishop\/wp-json\/wp\/v2\/comments?post=17658"}],"wp:featuredmedia":[{"embeddable":true,"href":"https:\/\/www.lebens-qi.at\/qishop\/wp-json\/wp\/v2\/media\/17660"}],"wp:attachment":[{"href":"https:\/\/www.lebens-qi.at\/qishop\/wp-json\/wp\/v2\/media?parent=17658"}],"wp:term":[{"taxonomy":"pwb-brand","embeddable":true,"href":"https:\/\/www.lebens-qi.at\/qishop\/wp-json\/wp\/v2\/pwb-brand?post=17658"},{"taxonomy":"product_brand","embeddable":true,"href":"https:\/\/www.lebens-qi.at\/qishop\/wp-json\/wp\/v2\/product_brand?post=17658"},{"taxonomy":"product_cat","embeddable":true,"href":"https:\/\/www.lebens-qi.at\/qishop\/wp-json\/wp\/v2\/product_cat?post=17658"},{"taxonomy":"product_tag","embeddable":true,"href":"https:\/\/www.lebens-qi.at\/qishop\/wp-json\/wp\/v2\/product_tag?post=17658"}],"curies":[{"name":"wp","href":"https:\/\/api.w.org\/{rel}","templated":true}]}}