{"id":17674,"date":"2025-11-18T15:52:47","date_gmt":"2025-11-18T14:52:47","guid":{"rendered":"https:\/\/www.lebens-qi.at\/qishop\/?post_type=product&#038;p=17674"},"modified":"2025-11-18T16:04:08","modified_gmt":"2025-11-18T15:04:08","slug":"schwarz-goldene-raeucherpfanne-mandala-2","status":"publish","type":"product","link":"https:\/\/www.lebens-qi.at\/qishop\/produkt\/schwarz-goldene-raeucherpfanne-mandala-2\/","title":{"rendered":"Schwarz-goldene R\u00e4ucherpfanne Mandala"},"content":{"rendered":"<p>Klassische R\u00e4ucherpfanne aus Eisen mit durchbrochenem Mandala-Muster am Deckel. Dieses Gef\u00e4\u00df ist besonders gut geeignet f\u00fcr Raum- und Aurareinigungen. Durch den langen Holzgriff l\u00e4\u00dft es sich leicht in der Wohnung umhertragen.<br \/>\nEinfach mit leichten Schwenkbewegungen von Raum zu Raum gehen und sorgf\u00e4ltig (auch die Ecken!) ausr\u00e4uchern. Bei Aurareinigungen mit leichten Schwenkbewegungen von unten nach oben um die Person herum gehen und zu ihr die Rauchfahnen f\u00e4cheln.<\/p>\n<p>Gr\u00f6\u00dfe: ca. 5 cm hoch, L\u00e4nge mit Griff ca. 24,5 cm<br \/>\nDurchmesser: ca. 12 cm<br \/>\nMaterial: Eisen, Holz<br \/>\nFarbe: Schwarz\/Gold<\/p>\n<p>Achtung! Metallgef\u00e4\u00dfe werden beim R\u00e4uchern sehr hei\u00df!<\/p>\n","protected":false},"excerpt":{"rendered":"<p>mit Deckel und Holzgriff<\/p>\n","protected":false},"featured_media":17677,"comment_status":"open","ping_status":"closed","template":"","meta":{"_links_to":"","_links_to_target":""},"pwb-brand":[307],"product_brand":[],"product_cat":[601],"product_tag":[749,466,613,602,2292],"class_list":{"0":"post-17674","1":"product","2":"type-product","3":"status-publish","4":"has-post-thumbnail","6":"pwb-brand-berk","7":"product_cat-schalen","8":"product_tag-mandala","9":"product_tag-raeuchern","10":"product_tag-raeucherpfanne","11":"product_tag-raeucherschale","12":"product_tag-tragegefaess","14":"first","15":"instock","16":"taxable","17":"shipping-taxable","18":"purchasable","19":"product-type-simple"},"blog_post_layout_featured_media_urls":{"thumbnail":["https:\/\/www.lebens-qi.at\/qishop\/wp-content\/uploads\/KH-945_raeucherpfanne-mandala-150x150.jpg",150,150,true],"full":["https:\/\/www.lebens-qi.at\/qishop\/wp-content\/uploads\/KH-945_raeucherpfanne-mandala.jpg",800,800,false]},"categories":["307"],"categories_names":{"307":{"name":"Berk","link":"https:\/\/www.lebens-qi.at\/qishop\/brand\/berk\/"}},"comments_number":"0","brands":[{"id":307,"name":"Berk","slug":"berk"}],"_links":{"self":[{"href":"https:\/\/www.lebens-qi.at\/qishop\/wp-json\/wp\/v2\/product\/17674","targetHints":{"allow":["GET"]}}],"collection":[{"href":"https:\/\/www.lebens-qi.at\/qishop\/wp-json\/wp\/v2\/product"}],"about":[{"href":"https:\/\/www.lebens-qi.at\/qishop\/wp-json\/wp\/v2\/types\/product"}],"replies":[{"embeddable":true,"href":"https:\/\/www.lebens-qi.at\/qishop\/wp-json\/wp\/v2\/comments?post=17674"}],"wp:featuredmedia":[{"embeddable":true,"href":"https:\/\/www.lebens-qi.at\/qishop\/wp-json\/wp\/v2\/media\/17677"}],"wp:attachment":[{"href":"https:\/\/www.lebens-qi.at\/qishop\/wp-json\/wp\/v2\/media?parent=17674"}],"wp:term":[{"taxonomy":"pwb-brand","embeddable":true,"href":"https:\/\/www.lebens-qi.at\/qishop\/wp-json\/wp\/v2\/pwb-brand?post=17674"},{"taxonomy":"product_brand","embeddable":true,"href":"https:\/\/www.lebens-qi.at\/qishop\/wp-json\/wp\/v2\/product_brand?post=17674"},{"taxonomy":"product_cat","embeddable":true,"href":"https:\/\/www.lebens-qi.at\/qishop\/wp-json\/wp\/v2\/product_cat?post=17674"},{"taxonomy":"product_tag","embeddable":true,"href":"https:\/\/www.lebens-qi.at\/qishop\/wp-json\/wp\/v2\/product_tag?post=17674"}],"curies":[{"name":"wp","href":"https:\/\/api.w.org\/{rel}","templated":true}]}}