{"id":17739,"date":"2025-11-19T17:35:54","date_gmt":"2025-11-19T16:35:54","guid":{"rendered":"https:\/\/www.lebens-qi.at\/qishop\/?post_type=product&#038;p=17739"},"modified":"2025-11-19T17:47:32","modified_gmt":"2025-11-19T16:47:32","slug":"hema-speckstein-raeucherdose","status":"publish","type":"product","link":"https:\/\/www.lebens-qi.at\/qishop\/produkt\/hema-speckstein-raeucherdose\/","title":{"rendered":"Hema Speckstein R\u00e4ucherdose"},"content":{"rendered":"<p>2-f\u00e4rbige R\u00e4ucherdose f\u00fcr R\u00e4ucherkegel oder R\u00e4ucherst\u00e4bchen (der Deckel dient als R\u00e4ucherst\u00e4bchenhalter). Mit Sand gef\u00fcllt kann die Schale auch zum R\u00e4uchern mit Kohle verwendet werden.<\/p>\n<p>Gr\u00f6\u00dfe: ca. 6 cm hoch<br \/>\nDurchmesser: ca. 10 cm<br \/>\nMaterial: Speckstein<br \/>\nFarbe: gelb &#8211; schwarz<br \/>\nHinweis: Farbe kann abweichen, da es sich um ein Naturprodukt handelt!<\/p>\n","protected":false},"excerpt":{"rendered":"<p>Steinschale mit Deckel<\/p>\n","protected":false},"featured_media":17740,"comment_status":"open","ping_status":"closed","template":"","meta":{"_links_to":"","_links_to_target":""},"pwb-brand":[617],"product_brand":[],"product_cat":[601],"product_tag":[616,466,602,592],"class_list":{"0":"post-17739","1":"product","2":"type-product","3":"status-publish","4":"has-post-thumbnail","6":"pwb-brand-yantra","7":"product_cat-schalen","8":"product_tag-raeucherdose","9":"product_tag-raeuchern","10":"product_tag-raeucherschale","11":"product_tag-speckstein","13":"first","14":"instock","15":"taxable","16":"shipping-taxable","17":"purchasable","18":"product-type-simple"},"blog_post_layout_featured_media_urls":{"thumbnail":["https:\/\/www.lebens-qi.at\/qishop\/wp-content\/uploads\/rg-81-hema-raeucherdose-150x150.jpg",150,150,true],"full":["https:\/\/www.lebens-qi.at\/qishop\/wp-content\/uploads\/rg-81-hema-raeucherdose.jpg",600,600,false]},"categories":["617"],"categories_names":{"617":{"name":"Yantra","link":"https:\/\/www.lebens-qi.at\/qishop\/brand\/yantra\/"}},"comments_number":"0","brands":[{"id":617,"name":"Yantra","slug":"yantra"}],"_links":{"self":[{"href":"https:\/\/www.lebens-qi.at\/qishop\/wp-json\/wp\/v2\/product\/17739","targetHints":{"allow":["GET"]}}],"collection":[{"href":"https:\/\/www.lebens-qi.at\/qishop\/wp-json\/wp\/v2\/product"}],"about":[{"href":"https:\/\/www.lebens-qi.at\/qishop\/wp-json\/wp\/v2\/types\/product"}],"replies":[{"embeddable":true,"href":"https:\/\/www.lebens-qi.at\/qishop\/wp-json\/wp\/v2\/comments?post=17739"}],"wp:featuredmedia":[{"embeddable":true,"href":"https:\/\/www.lebens-qi.at\/qishop\/wp-json\/wp\/v2\/media\/17740"}],"wp:attachment":[{"href":"https:\/\/www.lebens-qi.at\/qishop\/wp-json\/wp\/v2\/media?parent=17739"}],"wp:term":[{"taxonomy":"pwb-brand","embeddable":true,"href":"https:\/\/www.lebens-qi.at\/qishop\/wp-json\/wp\/v2\/pwb-brand?post=17739"},{"taxonomy":"product_brand","embeddable":true,"href":"https:\/\/www.lebens-qi.at\/qishop\/wp-json\/wp\/v2\/product_brand?post=17739"},{"taxonomy":"product_cat","embeddable":true,"href":"https:\/\/www.lebens-qi.at\/qishop\/wp-json\/wp\/v2\/product_cat?post=17739"},{"taxonomy":"product_tag","embeddable":true,"href":"https:\/\/www.lebens-qi.at\/qishop\/wp-json\/wp\/v2\/product_tag?post=17739"}],"curies":[{"name":"wp","href":"https:\/\/api.w.org\/{rel}","templated":true}]}}