{"id":17823,"date":"2025-12-08T22:35:35","date_gmt":"2025-12-08T21:35:35","guid":{"rendered":"https:\/\/www.lebens-qi.at\/qishop\/?post_type=product&#038;p=17823"},"modified":"2025-12-10T22:09:59","modified_gmt":"2025-12-10T21:09:59","slug":"raeucherbox-turmalin-sagrada-madre","status":"publish","type":"product","link":"https:\/\/www.lebens-qi.at\/qishop\/produkt\/raeucherbox-turmalin-sagrada-madre\/","title":{"rendered":"R\u00e4ucherbox Turmalin &#8211; Sagrada Madre"},"content":{"rendered":"<p>Die R\u00e4ucherbox Turmalin kombiniert herrliche D\u00fcfte mit der Energie des schwarzen Turmalins, einem kraftvollen Schutzstein. Dieses innovative Set unterst\u00fctzt Transformationsprozesse, Wohlbefinden, Gleichgewicht und Harmonie. Ideal f\u00fcr pers\u00f6nliche Rituale oder als einzigartiges Geschenk.<\/p>\n<p><strong>Inhalt:<\/strong><\/p>\n<ul>\n<li>1 Lavendelblatt-Smudge &#8211; R\u00e4ucherb\u00fcndel<\/li>\n<li>2 Copal-R\u00e4ucherst\u00e4bchen<\/li>\n<li>2 Universal-R\u00e4ucherst\u00e4bchen<\/li>\n<li>2 Lavendel-R\u00e4ucherst\u00e4bchen<\/li>\n<li>2 Rosen-Pyramiden<\/li>\n<li>3 Lavendel-Weihrauch-Smudge Bombs &#8211; R\u00e4ucherbomben<\/li>\n<li>1 schwarzer Turmalin<\/li>\n<li>1 Folder mit Erkl\u00e4rung (Spanisch\/Portugiesisch\/Englisch)<\/li>\n<\/ul>\n","protected":false},"excerpt":{"rendered":"<p>Smudge, R\u00e4ucherst\u00e4bchen &amp; Smudge Bombs inkl. Stein<\/p>\n","protected":false},"featured_media":17824,"comment_status":"open","ping_status":"closed","template":"","meta":{"_links_to":"","_links_to_target":""},"pwb-brand":[2511],"product_brand":[],"product_cat":[2512,2523,674],"product_tag":[677,225,2550,466,680,121,115,675,2524],"class_list":{"0":"post-17823","1":"product","2":"type-product","3":"status-publish","4":"has-post-thumbnail","6":"pwb-brand-sagrada-madre","7":"product_cat-sagrada-madre","8":"product_cat-smudge-bombs","9":"product_cat-smudges-kraeuterbuendel","10":"product_tag-kraeuterbuendel","11":"product_tag-lavendel","12":"product_tag-raeucherbuendel","13":"product_tag-raeuchern","14":"product_tag-raeucherstaebchen","15":"product_tag-schutz","16":"product_tag-schwarzer-turmalin","17":"product_tag-smudge","18":"product_tag-smudge-bombs","19":"pa_herkunft-argentinien","21":"first","22":"instock","23":"taxable","24":"shipping-taxable","25":"purchasable","26":"product-type-simple"},"blog_post_layout_featured_media_urls":{"thumbnail":["https:\/\/www.lebens-qi.at\/qishop\/wp-content\/uploads\/7184-turmalin-raeucherbox-150x150.jpg",150,150,true],"full":["https:\/\/www.lebens-qi.at\/qishop\/wp-content\/uploads\/7184-turmalin-raeucherbox.jpg",800,800,false]},"categories":["2511"],"categories_names":{"2511":{"name":"Sagrada Madre","link":"https:\/\/www.lebens-qi.at\/qishop\/brand\/sagrada-madre\/"}},"comments_number":"0","brands":[{"id":2511,"name":"Sagrada Madre","slug":"sagrada-madre"}],"_links":{"self":[{"href":"https:\/\/www.lebens-qi.at\/qishop\/wp-json\/wp\/v2\/product\/17823","targetHints":{"allow":["GET"]}}],"collection":[{"href":"https:\/\/www.lebens-qi.at\/qishop\/wp-json\/wp\/v2\/product"}],"about":[{"href":"https:\/\/www.lebens-qi.at\/qishop\/wp-json\/wp\/v2\/types\/product"}],"replies":[{"embeddable":true,"href":"https:\/\/www.lebens-qi.at\/qishop\/wp-json\/wp\/v2\/comments?post=17823"}],"wp:featuredmedia":[{"embeddable":true,"href":"https:\/\/www.lebens-qi.at\/qishop\/wp-json\/wp\/v2\/media\/17824"}],"wp:attachment":[{"href":"https:\/\/www.lebens-qi.at\/qishop\/wp-json\/wp\/v2\/media?parent=17823"}],"wp:term":[{"taxonomy":"pwb-brand","embeddable":true,"href":"https:\/\/www.lebens-qi.at\/qishop\/wp-json\/wp\/v2\/pwb-brand?post=17823"},{"taxonomy":"product_brand","embeddable":true,"href":"https:\/\/www.lebens-qi.at\/qishop\/wp-json\/wp\/v2\/product_brand?post=17823"},{"taxonomy":"product_cat","embeddable":true,"href":"https:\/\/www.lebens-qi.at\/qishop\/wp-json\/wp\/v2\/product_cat?post=17823"},{"taxonomy":"product_tag","embeddable":true,"href":"https:\/\/www.lebens-qi.at\/qishop\/wp-json\/wp\/v2\/product_tag?post=17823"}],"curies":[{"name":"wp","href":"https:\/\/api.w.org\/{rel}","templated":true}]}}