{"id":1783,"date":"2024-02-19T11:54:16","date_gmt":"2024-02-19T10:54:16","guid":{"rendered":"https:\/\/www.lebens-qi.at\/qishop\/produkt\/engelskuss-kraeuterteemischung\/"},"modified":"2026-02-14T22:53:16","modified_gmt":"2026-02-14T21:53:16","slug":"engelskuss-kraeuterteemischung","status":"publish","type":"product","link":"https:\/\/www.lebens-qi.at\/qishop\/produkt\/engelskuss-kraeuterteemischung\/","title":{"rendered":"Engelskuss &#8211; Kr\u00e4uterteemischung"},"content":{"rendered":"<p><b>Extra Qualit\u00e4t!<br \/>\nEngelskuss<\/b><br \/>\nKr\u00e4uterteemischung ohne Zusatz von Aroma<\/p>\n<p>Diese leicht w\u00fcrzige Mischung feinster Kr\u00e4uter und Gew\u00fcrze schenkt tolle Genussmomente ganz ohne Zusatz von Aroma. Die Kombination mit Pfefferminze und S\u00fc\u00dfholz unterst\u00fctzt zus\u00e4tzlich mit einer sanften Frische und feiner S\u00fc\u00dfe. <b>Gr\u00fcne Bl\u00e4tter, violette, gelbe und rosa Bl\u00fcten, dunkelrote Cranberries&#8230;<\/b> optisch ist diese Mischung ein wahrer Augenschmaus.<\/p>\n<p>5-10 Minuten Ziehzeit<br \/>\n100\u00b0 C Wassertemperatur<br \/>\n4-5 geh\u00e4ufte Teel\u00f6ffel\/1 Liter<\/p>\n<p><em><b>Zutaten:<\/b><br \/>\nAnissamen, Fenchel, Pfefferminze, S\u00fc\u00dfholzwurzeln, Hibiskusbl\u00fcten, Zitronenverbenenbl\u00e4tter, gefr.-getr. Erdbeerst\u00fccke, gefr.-getr. Cranberries, gefr.-getr. Himbeerst\u00fccke, Malvenbl\u00fcten, Ringelblumen<\/em><\/p>\n<p><em><b>Wichtig: <\/b>Immer mit sprudelnd kochendem Wasser aufgie\u00dfen, mindestens 5-10 Minuten ziehen lassen! Nur so erhalten Sie ein sicheres Lebensmittel.<\/em><\/p>\n<p><b>Inhalt:<\/b><br \/>\n100 g loser Tee in versiegelter Aromat\u00fcte<\/p>\n<p>Zeichnung auf der Etikette von Jassi Bis<\/p>\n","protected":false},"excerpt":{"rendered":"<p>frisch &amp; s\u00fc\u00df<\/p>\n","protected":false},"featured_media":13673,"comment_status":"open","ping_status":"closed","template":"","meta":{"_links_to":"","_links_to_target":""},"pwb-brand":[434],"product_brand":[],"product_cat":[2813,431],"product_tag":[1926,1928,360,1840,1927,235,410,1730,443,2315,458],"class_list":{"0":"post-1783","1":"product","2":"type-product","3":"status-publish","4":"has-post-thumbnail","6":"pwb-brand-lebens-qi-teehaus-qualitaet","7":"product_cat-kraeutertee","8":"product_cat-teehaus-qualitaet","9":"product_tag-anis","10":"product_tag-cranberries","11":"product_tag-fenchel","12":"product_tag-kraeutertee","13":"product_tag-malve","14":"product_tag-minze","15":"product_tag-pfefferminze","16":"product_tag-ringelblume","17":"product_tag-tee","18":"product_tag-teehaus-qualitaet","19":"product_tag-teemischung","21":"first","22":"instock","23":"taxable","24":"shipping-taxable","25":"purchasable","26":"product-type-simple"},"blog_post_layout_featured_media_urls":{"thumbnail":["https:\/\/www.lebens-qi.at\/qishop\/wp-content\/uploads\/engelkuss-tee-150x150.png",150,150,true],"full":["https:\/\/www.lebens-qi.at\/qishop\/wp-content\/uploads\/engelkuss-tee.png",800,800,false]},"categories":["434"],"categories_names":{"434":{"name":"Teehaus-Qualit\u00e4t vom LEBENS-QI","link":"https:\/\/www.lebens-qi.at\/qishop\/brand\/lebens-qi-teehaus-qualitaet\/"}},"comments_number":"0","brands":[{"id":434,"name":"Teehaus-Qualit\u00e4t vom LEBENS-QI","slug":"lebens-qi-teehaus-qualitaet"}],"_links":{"self":[{"href":"https:\/\/www.lebens-qi.at\/qishop\/wp-json\/wp\/v2\/product\/1783","targetHints":{"allow":["GET"]}}],"collection":[{"href":"https:\/\/www.lebens-qi.at\/qishop\/wp-json\/wp\/v2\/product"}],"about":[{"href":"https:\/\/www.lebens-qi.at\/qishop\/wp-json\/wp\/v2\/types\/product"}],"replies":[{"embeddable":true,"href":"https:\/\/www.lebens-qi.at\/qishop\/wp-json\/wp\/v2\/comments?post=1783"}],"wp:featuredmedia":[{"embeddable":true,"href":"https:\/\/www.lebens-qi.at\/qishop\/wp-json\/wp\/v2\/media\/13673"}],"wp:attachment":[{"href":"https:\/\/www.lebens-qi.at\/qishop\/wp-json\/wp\/v2\/media?parent=1783"}],"wp:term":[{"taxonomy":"pwb-brand","embeddable":true,"href":"https:\/\/www.lebens-qi.at\/qishop\/wp-json\/wp\/v2\/pwb-brand?post=1783"},{"taxonomy":"product_brand","embeddable":true,"href":"https:\/\/www.lebens-qi.at\/qishop\/wp-json\/wp\/v2\/product_brand?post=1783"},{"taxonomy":"product_cat","embeddable":true,"href":"https:\/\/www.lebens-qi.at\/qishop\/wp-json\/wp\/v2\/product_cat?post=1783"},{"taxonomy":"product_tag","embeddable":true,"href":"https:\/\/www.lebens-qi.at\/qishop\/wp-json\/wp\/v2\/product_tag?post=1783"}],"curies":[{"name":"wp","href":"https:\/\/api.w.org\/{rel}","templated":true}]}}