{"id":17848,"date":"2025-12-10T23:19:38","date_gmt":"2025-12-10T22:19:38","guid":{"rendered":"https:\/\/www.lebens-qi.at\/qishop\/?post_type=product&#038;p=17848"},"modified":"2025-12-10T23:30:31","modified_gmt":"2025-12-10T22:30:31","slug":"palo-santo-raeucherstaebchen-2","status":"publish","type":"product","link":"https:\/\/www.lebens-qi.at\/qishop\/produkt\/palo-santo-raeucherstaebchen-2\/","title":{"rendered":"Palo Santo &#8211; R\u00e4ucherst\u00e4bchen"},"content":{"rendered":"<p>R\u00e4ucherst\u00e4bchen aus dem Hause Green Tree in der Sechseck-Packung:<\/p>\n<p><b>PALO SANTO &#8211; Heiliges Holz<\/b><\/p>\n<p>Inhalt: pro Einzelpackung 20 Stk. R\u00e4ucherst\u00e4bchen<br \/>\n<b>Box: <\/b>Bei Kauf einer gesamten Schachtel (6 Packungen \u00e1 20 Stk.) sparen Sie <b>\u20ac 2,-<\/b><\/p>\n<p>\u2022 Produziert in Indien<br \/>\n\u2022 Handgerollt<\/p>\n","protected":false},"excerpt":{"rendered":"<p>Heiliges Holz &#8211; Highly fragranced incense sticks<\/p>\n","protected":false},"featured_media":17851,"comment_status":"open","ping_status":"closed","template":"","meta":{"_links_to":"","_links_to_target":""},"pwb-brand":[694],"product_brand":[],"product_cat":[697],"product_tag":[693,339,680],"class_list":{"0":"post-17848","1":"product","2":"type-product","3":"status-publish","4":"has-post-thumbnail","6":"pwb-brand-green-tree","7":"product_cat-hexa","8":"product_tag-green-tree","9":"product_tag-palo-santo","10":"product_tag-raeucherstaebchen","12":"first","13":"instock","14":"sale","15":"taxable","16":"shipping-taxable","17":"purchasable","18":"product-type-variable"},"blog_post_layout_featured_media_urls":{"thumbnail":["https:\/\/www.lebens-qi.at\/qishop\/wp-content\/uploads\/gt-38-palo-santo-hexa-150x150.jpg",150,150,true],"full":["https:\/\/www.lebens-qi.at\/qishop\/wp-content\/uploads\/gt-38-palo-santo-hexa.jpg",600,600,false]},"categories":["694"],"categories_names":{"694":{"name":"Green Tree","link":"https:\/\/www.lebens-qi.at\/qishop\/brand\/green-tree\/"}},"comments_number":"0","brands":[{"id":694,"name":"Green Tree","slug":"green-tree"}],"_links":{"self":[{"href":"https:\/\/www.lebens-qi.at\/qishop\/wp-json\/wp\/v2\/product\/17848","targetHints":{"allow":["GET"]}}],"collection":[{"href":"https:\/\/www.lebens-qi.at\/qishop\/wp-json\/wp\/v2\/product"}],"about":[{"href":"https:\/\/www.lebens-qi.at\/qishop\/wp-json\/wp\/v2\/types\/product"}],"replies":[{"embeddable":true,"href":"https:\/\/www.lebens-qi.at\/qishop\/wp-json\/wp\/v2\/comments?post=17848"}],"wp:featuredmedia":[{"embeddable":true,"href":"https:\/\/www.lebens-qi.at\/qishop\/wp-json\/wp\/v2\/media\/17851"}],"wp:attachment":[{"href":"https:\/\/www.lebens-qi.at\/qishop\/wp-json\/wp\/v2\/media?parent=17848"}],"wp:term":[{"taxonomy":"pwb-brand","embeddable":true,"href":"https:\/\/www.lebens-qi.at\/qishop\/wp-json\/wp\/v2\/pwb-brand?post=17848"},{"taxonomy":"product_brand","embeddable":true,"href":"https:\/\/www.lebens-qi.at\/qishop\/wp-json\/wp\/v2\/product_brand?post=17848"},{"taxonomy":"product_cat","embeddable":true,"href":"https:\/\/www.lebens-qi.at\/qishop\/wp-json\/wp\/v2\/product_cat?post=17848"},{"taxonomy":"product_tag","embeddable":true,"href":"https:\/\/www.lebens-qi.at\/qishop\/wp-json\/wp\/v2\/product_tag?post=17848"}],"curies":[{"name":"wp","href":"https:\/\/api.w.org\/{rel}","templated":true}]}}