{"id":17856,"date":"2025-12-10T23:36:10","date_gmt":"2025-12-10T22:36:10","guid":{"rendered":"https:\/\/www.lebens-qi.at\/qishop\/?post_type=product&#038;p=17856"},"modified":"2025-12-10T23:47:05","modified_gmt":"2025-12-10T22:47:05","slug":"raeucherstoevchen-baum-schwarz-gold","status":"publish","type":"product","link":"https:\/\/www.lebens-qi.at\/qishop\/produkt\/raeucherstoevchen-baum-schwarz-gold\/","title":{"rendered":"R\u00e4ucherst\u00f6vchen &#8222;Baum&#8220; schwarz\/gold"},"content":{"rendered":"<p><b>Siebgef\u00e4\u00df mit Baum-Muster<br \/>\n<\/b>Metall schwarz, im Inneren goldf\u00e4rbig, Sieb Edelstahl<br \/>\nRundes Siebgef\u00e4\u00df mit durchbrochenem Lebensbaum-Design. Wegen der Goldfarbe im Inneren entsteht ein toller Effekt mit dem Kerzenlicht &#8211; daher l\u00e4sst sich dieses St\u00f6vchen ohne Sieb auch als dekoratives Windlicht (f\u00fcr Teelichter oder mit Glaseinsatz f\u00fcr Votivkerzen) verwenden!<\/p>\n<p>Gr\u00f6\u00dfe: ca. \u00f8 8 x 10 cm<br \/>\nMaterial: Metall<br \/>\nMit Edelstahl-Netz<\/p>\n<p>Lieferumfang: St\u00f6vchen und Sieb<\/p>\n<p><em><b>Praktischer Hinweis: <\/b>Diese Art des R\u00e4ucherns ist an die Aromatherapie angelehnt und sanfter als das R\u00e4uchern mit Kohle. Allerdings sind St\u00f6vchen eher zum station\u00e4ren Gebrauch geeignet, zum &#8222;Ausr\u00e4uchern&#8220; empfehlen wir Ihnen R\u00e4ucherschalen mit Griff oder Schwenkgef\u00e4\u00dfe.<\/em><\/p>\n","protected":false},"excerpt":{"rendered":"<p>Metall schwarz, innen goldf\u00e4rbig<\/p>\n","protected":false},"featured_media":17858,"comment_status":"open","ping_status":"closed","template":"","meta":{"_links_to":"","_links_to_target":""},"pwb-brand":[617],"product_brand":[],"product_cat":[603],"product_tag":[170,312,608,466,607,604,1240,2467],"class_list":{"0":"post-17856","1":"product","2":"type-product","3":"status-publish","4":"has-post-thumbnail","6":"pwb-brand-yantra","7":"product_cat-raeucherstoevchen","8":"product_tag-gold","9":"product_tag-lebensbaum","10":"product_tag-raeucherlampe","11":"product_tag-raeuchern","12":"product_tag-siebgefaess","13":"product_tag-stoevchen","14":"product_tag-teelichthalter","15":"product_tag-windlicht","17":"first","18":"instock","19":"taxable","20":"shipping-taxable","21":"purchasable","22":"product-type-simple"},"blog_post_layout_featured_media_urls":{"thumbnail":["https:\/\/www.lebens-qi.at\/qishop\/wp-content\/uploads\/rg-177-stoevchen-baum-150x150.jpg",150,150,true],"full":["https:\/\/www.lebens-qi.at\/qishop\/wp-content\/uploads\/rg-177-stoevchen-baum.jpg",500,500,false]},"categories":["617"],"categories_names":{"617":{"name":"Yantra","link":"https:\/\/www.lebens-qi.at\/qishop\/brand\/yantra\/"}},"comments_number":"0","brands":[{"id":617,"name":"Yantra","slug":"yantra"}],"_links":{"self":[{"href":"https:\/\/www.lebens-qi.at\/qishop\/wp-json\/wp\/v2\/product\/17856","targetHints":{"allow":["GET"]}}],"collection":[{"href":"https:\/\/www.lebens-qi.at\/qishop\/wp-json\/wp\/v2\/product"}],"about":[{"href":"https:\/\/www.lebens-qi.at\/qishop\/wp-json\/wp\/v2\/types\/product"}],"replies":[{"embeddable":true,"href":"https:\/\/www.lebens-qi.at\/qishop\/wp-json\/wp\/v2\/comments?post=17856"}],"wp:featuredmedia":[{"embeddable":true,"href":"https:\/\/www.lebens-qi.at\/qishop\/wp-json\/wp\/v2\/media\/17858"}],"wp:attachment":[{"href":"https:\/\/www.lebens-qi.at\/qishop\/wp-json\/wp\/v2\/media?parent=17856"}],"wp:term":[{"taxonomy":"pwb-brand","embeddable":true,"href":"https:\/\/www.lebens-qi.at\/qishop\/wp-json\/wp\/v2\/pwb-brand?post=17856"},{"taxonomy":"product_brand","embeddable":true,"href":"https:\/\/www.lebens-qi.at\/qishop\/wp-json\/wp\/v2\/product_brand?post=17856"},{"taxonomy":"product_cat","embeddable":true,"href":"https:\/\/www.lebens-qi.at\/qishop\/wp-json\/wp\/v2\/product_cat?post=17856"},{"taxonomy":"product_tag","embeddable":true,"href":"https:\/\/www.lebens-qi.at\/qishop\/wp-json\/wp\/v2\/product_tag?post=17856"}],"curies":[{"name":"wp","href":"https:\/\/api.w.org\/{rel}","templated":true}]}}