{"id":17882,"date":"2025-12-11T19:30:27","date_gmt":"2025-12-11T18:30:27","guid":{"rendered":"https:\/\/www.lebens-qi.at\/qishop\/?post_type=product&#038;p=17882"},"modified":"2026-03-11T13:56:55","modified_gmt":"2026-03-11T12:56:55","slug":"stern-mit-amethyst-suncatcher","status":"publish","type":"product","link":"https:\/\/www.lebens-qi.at\/qishop\/produkt\/stern-mit-amethyst-suncatcher\/","title":{"rendered":"Stern mit Amethyst Suncatcher"},"content":{"rendered":"<div class=\"prod-desc-container expandable expanded\">\n<div class=\"prod-desc-wrapper\">\n<div class=\"product-long-description\">\n<p data-start=\"116\" data-end=\"402\">Dieser Suncatcher besteht aus einem goldfarbenen Metallrahmen in Sternform, der mit kleinen Amethystsplittern verziert ist. Blickfang im Zentrum des Sterns ist ein in Draht gefasster Amethyst-Rohstein. Am Fenster oder an einem hellen Platz aufgeh\u00e4ngt, f\u00e4ngt er das Licht ein und reflektiert es auf sch\u00f6ne Weise, wodurch ein funkelndes Ambiente entsteht.<\/p>\n<p data-start=\"404\" data-end=\"561\">Amethyst gilt als Stein der Meditation, Intuition und inneren Ruhe und macht diesen Suncatcher zu einem ebenso dekorativen wie bedeutungsvollen Schmuckst\u00fcck.<\/p>\n<\/div>\n<\/div>\n<\/div>\n<p>Farbe: violett, gold<br \/>\nGr\u00f6\u00dfe: ca. 12 x 34 cm<\/p>\n","protected":false},"excerpt":{"rendered":"<p>mit gefasstem Rohstein<\/p>\n","protected":false},"featured_media":17884,"comment_status":"open","ping_status":"closed","template":"","meta":{"_links_to":"","_links_to_target":""},"pwb-brand":[276,617],"product_brand":[],"product_cat":[1224],"product_tag":[81,1854,1225,1233],"class_list":{"0":"post-17882","1":"product","2":"type-product","3":"status-publish","4":"has-post-thumbnail","6":"pwb-brand-mani-bhadra-phoenix-import","7":"pwb-brand-yantra","8":"product_cat-suncatcher","9":"product_tag-amethyst","10":"product_tag-stern","11":"product_tag-suncatcher","12":"product_tag-violett","14":"first","15":"instock","16":"taxable","17":"shipping-taxable","18":"purchasable","19":"product-type-simple"},"blog_post_layout_featured_media_urls":{"thumbnail":["https:\/\/www.lebens-qi.at\/qishop\/wp-content\/uploads\/4178-suncatcher-amethyst-150x150.jpg",150,150,true],"full":["https:\/\/www.lebens-qi.at\/qishop\/wp-content\/uploads\/4178-suncatcher-amethyst.jpg",797,797,false]},"categories":["276","617"],"categories_names":{"276":{"name":"Mani Bhadra - Phoenix Import","link":"https:\/\/www.lebens-qi.at\/qishop\/brand\/mani-bhadra-phoenix-import\/"},"617":{"name":"Yantra","link":"https:\/\/www.lebens-qi.at\/qishop\/brand\/yantra\/"}},"comments_number":"0","brands":[{"id":276,"name":"Mani Bhadra - Phoenix Import","slug":"mani-bhadra-phoenix-import"},{"id":617,"name":"Yantra","slug":"yantra"}],"_links":{"self":[{"href":"https:\/\/www.lebens-qi.at\/qishop\/wp-json\/wp\/v2\/product\/17882","targetHints":{"allow":["GET"]}}],"collection":[{"href":"https:\/\/www.lebens-qi.at\/qishop\/wp-json\/wp\/v2\/product"}],"about":[{"href":"https:\/\/www.lebens-qi.at\/qishop\/wp-json\/wp\/v2\/types\/product"}],"replies":[{"embeddable":true,"href":"https:\/\/www.lebens-qi.at\/qishop\/wp-json\/wp\/v2\/comments?post=17882"}],"wp:featuredmedia":[{"embeddable":true,"href":"https:\/\/www.lebens-qi.at\/qishop\/wp-json\/wp\/v2\/media\/17884"}],"wp:attachment":[{"href":"https:\/\/www.lebens-qi.at\/qishop\/wp-json\/wp\/v2\/media?parent=17882"}],"wp:term":[{"taxonomy":"pwb-brand","embeddable":true,"href":"https:\/\/www.lebens-qi.at\/qishop\/wp-json\/wp\/v2\/pwb-brand?post=17882"},{"taxonomy":"product_brand","embeddable":true,"href":"https:\/\/www.lebens-qi.at\/qishop\/wp-json\/wp\/v2\/product_brand?post=17882"},{"taxonomy":"product_cat","embeddable":true,"href":"https:\/\/www.lebens-qi.at\/qishop\/wp-json\/wp\/v2\/product_cat?post=17882"},{"taxonomy":"product_tag","embeddable":true,"href":"https:\/\/www.lebens-qi.at\/qishop\/wp-json\/wp\/v2\/product_tag?post=17882"}],"curies":[{"name":"wp","href":"https:\/\/api.w.org\/{rel}","templated":true}]}}