{"id":17891,"date":"2025-12-11T20:20:52","date_gmt":"2025-12-11T19:20:52","guid":{"rendered":"https:\/\/www.lebens-qi.at\/qishop\/?post_type=product&#038;p=17891"},"modified":"2026-04-07T11:04:26","modified_gmt":"2026-04-07T09:04:26","slug":"goettin-untersetzer-mit-steinen","status":"publish","type":"product","link":"https:\/\/www.lebens-qi.at\/qishop\/produkt\/goettin-untersetzer-mit-steinen\/","title":{"rendered":"G\u00f6ttin Untersetzer mit Steinen"},"content":{"rendered":"<p><b>G\u00f6ttin Untersetzer aus Mangoholz<\/b><\/p>\n<p>Der Untersetzer mit einem Au\u00dfenrand aus Mangoholz ist mit Halbedelsteinen und einem runden esoterischen Symbol aus leitf\u00e4higem Kupfer gef\u00fcllt. Dadurch wird die Energie der Steine verst\u00e4rkt, \u00e4hnlich wie bei Orgonit. Gegossen in Polyesterharz.<\/p>\n<p>Dieser Untersetzer enth\u00e4lt <strong>Lapislazuli- und Amethyst<\/strong>-Steinchen und ist mit einem G\u00f6ttinnen-Symbol aus Kupfer versehen.<\/p>\n<p>Der Untersetzer eignet sich nicht nur als sch\u00f6ne Dekoration auf einem Tisch oder einer Fensterbank, sondern kann <strong>zur Belebung von Wasser verwendet werden:<\/strong> einfach ein Glas oder eine (vorzugsweise Glas-) Flasche Wasser auf den Untersetzer stellen, die Steine vitalisieren\/energetisieren das Wasser. Dazu am besten 15 bis 30 Minuten stehen lassen.<\/p>\n<p><strong>Symbol der Lotusbl\u00fcte<\/strong><br \/>\n<span lang=\"EN-GB\">Der Lotus ist ein Symbol f\u00fcr die Umwandlung von Dunkelheit in Licht, f\u00fcr die eigene Transformation und Entfaltung durch das Beschreiten des spirituellen Pfades.<\/span><\/p>\n<p>Gr\u00f6\u00dfe: \u00d8 10 cm im Karton verpackt<br \/>\nSt\u00e4rke: 1,7 cm<br \/>\nMaterial: Holz, Stein, Kupfer, Polyesterharz<br \/>\nFarbe: rosa\/violett<\/p>\n","protected":false},"excerpt":{"rendered":"<p>aus Mangoholz, Lapislazuli und Amethyst<\/p>\n","protected":false},"featured_media":17893,"comment_status":"open","ping_status":"closed","template":"","meta":{"_links_to":"","_links_to_target":""},"pwb-brand":[276],"product_brand":[],"product_cat":[3168,1487],"product_tag":[81,511,241,1510,1558,1007,173,583],"class_list":{"0":"post-17891","1":"product","2":"type-product","3":"status-publish","4":"has-post-thumbnail","6":"pwb-brand-mani-bhadra-phoenix-import","7":"product_cat-fuer-goettinnen-weibliche-kraft","8":"product_cat-kleine-geschenke-fuer-grosse-freude","9":"product_tag-amethyst","10":"product_tag-goettin","11":"product_tag-lapislazuli","12":"product_tag-mangoholz","13":"product_tag-mondgoettin","14":"product_tag-orgonit","15":"product_tag-rosenquarz","16":"product_tag-untersetzer","17":"pa_herkunft-indien","19":"first","20":"instock","21":"taxable","22":"shipping-taxable","23":"purchasable","24":"product-type-simple"},"blog_post_layout_featured_media_urls":{"thumbnail":["https:\/\/www.lebens-qi.at\/qishop\/wp-content\/uploads\/6292-untersetzer-goettin-150x150.jpg",150,150,true],"full":["https:\/\/www.lebens-qi.at\/qishop\/wp-content\/uploads\/6292-untersetzer-goettin.jpg",800,800,false]},"categories":["276"],"categories_names":{"276":{"name":"Mani Bhadra - Phoenix Import","link":"https:\/\/www.lebens-qi.at\/qishop\/brand\/mani-bhadra-phoenix-import\/"}},"comments_number":"0","brands":[{"id":276,"name":"Mani Bhadra - Phoenix Import","slug":"mani-bhadra-phoenix-import"}],"_links":{"self":[{"href":"https:\/\/www.lebens-qi.at\/qishop\/wp-json\/wp\/v2\/product\/17891","targetHints":{"allow":["GET"]}}],"collection":[{"href":"https:\/\/www.lebens-qi.at\/qishop\/wp-json\/wp\/v2\/product"}],"about":[{"href":"https:\/\/www.lebens-qi.at\/qishop\/wp-json\/wp\/v2\/types\/product"}],"replies":[{"embeddable":true,"href":"https:\/\/www.lebens-qi.at\/qishop\/wp-json\/wp\/v2\/comments?post=17891"}],"wp:featuredmedia":[{"embeddable":true,"href":"https:\/\/www.lebens-qi.at\/qishop\/wp-json\/wp\/v2\/media\/17893"}],"wp:attachment":[{"href":"https:\/\/www.lebens-qi.at\/qishop\/wp-json\/wp\/v2\/media?parent=17891"}],"wp:term":[{"taxonomy":"pwb-brand","embeddable":true,"href":"https:\/\/www.lebens-qi.at\/qishop\/wp-json\/wp\/v2\/pwb-brand?post=17891"},{"taxonomy":"product_brand","embeddable":true,"href":"https:\/\/www.lebens-qi.at\/qishop\/wp-json\/wp\/v2\/product_brand?post=17891"},{"taxonomy":"product_cat","embeddable":true,"href":"https:\/\/www.lebens-qi.at\/qishop\/wp-json\/wp\/v2\/product_cat?post=17891"},{"taxonomy":"product_tag","embeddable":true,"href":"https:\/\/www.lebens-qi.at\/qishop\/wp-json\/wp\/v2\/product_tag?post=17891"}],"curies":[{"name":"wp","href":"https:\/\/api.w.org\/{rel}","templated":true}]}}