{"id":18068,"date":"2025-12-20T15:51:14","date_gmt":"2025-12-20T14:51:14","guid":{"rendered":"https:\/\/www.lebens-qi.at\/qishop\/produkt\/happy-birthday-1000-teile-puzzle\/"},"modified":"2026-03-12T23:53:53","modified_gmt":"2026-03-12T22:53:53","slug":"happy-birthday-1000-teile-puzzle","status":"publish","type":"product","link":"https:\/\/www.lebens-qi.at\/qishop\/produkt\/happy-birthday-1000-teile-puzzle\/","title":{"rendered":"Happy Birthday! &#8211; 1000 Teile Puzzle"},"content":{"rendered":"<p><b>Lustiges Puzzelmotiv \u201eHappy Birthday\u201c \u2013 alles Gute zum Geburtstag<\/b><\/p>\n<p>Der kleine L\u00f6we feiert voller Freude seinen ersten Geburtstag. Party!!! Mit bunten Luftballons, Luftschlangen und selbstverst\u00e4ndlich auch Kuchen.<\/p>\n<p>Teileanzahl: 1000 Teile<br \/>\nBildfl\u00e4che: \u00a0<span class=\"spec\"> 68 x 47<\/span> cm<br \/>\nVerpackung: Puzzlekarton<br \/>\nMaterial: Karton<br \/>\nAlter: Puzzle f\u00fcr Erwachsene<\/p>\n<p><em><b>Achtung! <\/b>Nicht f\u00fcr Kinder unter 3 Jahren geeignet!<\/em><\/p>\n","protected":false},"excerpt":{"rendered":"<p>Lustiges Puzzelmotiv \u201eHappy Birthday\u201c \u2013 alles Gute zum Geburtstag Der kleine L\u00f6we feiert voller Freude seinen ersten Geburtstag. Party!!! Mit bunten Luftballons, Luftschlangen und selbstverst\u00e4ndlich auch Kuchen. Teileanzahl: 1000 Teile Bildfl\u00e4che: \u00a0 68 x 47 cm Verpackung: Puzzlekarton Material: Karton Alter: Puzzle f\u00fcr Erwachsene Achtung! Nicht f\u00fcr Kinder unter 3 Jahren geeignet!<\/p>\n","protected":false},"featured_media":18844,"comment_status":"open","ping_status":"closed","template":"","meta":{"_links_to":"","_links_to_target":""},"pwb-brand":[143],"product_brand":[],"product_cat":[142],"product_tag":[2045,3144,529,3145,141],"class_list":{"0":"post-18068","1":"product","2":"type-product","3":"status-publish","4":"has-post-thumbnail","6":"pwb-brand-castorland","7":"product_cat-1000-teile","8":"product_tag-1000-teile","9":"product_tag-geburtstag","10":"product_tag-loewe","11":"product_tag-party","12":"product_tag-puzzle","14":"first","15":"instock","16":"sold-individually","17":"taxable","18":"shipping-taxable","19":"purchasable","20":"product-type-simple"},"blog_post_layout_featured_media_urls":{"thumbnail":["https:\/\/www.lebens-qi.at\/qishop\/wp-content\/uploads\/geburtstagspuzzle-150x150.jpg",150,150,true],"full":["https:\/\/www.lebens-qi.at\/qishop\/wp-content\/uploads\/geburtstagspuzzle.jpg",1000,1000,false]},"categories":["143"],"categories_names":{"143":{"name":"Castorland","link":"https:\/\/www.lebens-qi.at\/qishop\/brand\/castorland\/"}},"comments_number":"0","brands":[{"id":143,"name":"Castorland","slug":"castorland"}],"_links":{"self":[{"href":"https:\/\/www.lebens-qi.at\/qishop\/wp-json\/wp\/v2\/product\/18068","targetHints":{"allow":["GET"]}}],"collection":[{"href":"https:\/\/www.lebens-qi.at\/qishop\/wp-json\/wp\/v2\/product"}],"about":[{"href":"https:\/\/www.lebens-qi.at\/qishop\/wp-json\/wp\/v2\/types\/product"}],"replies":[{"embeddable":true,"href":"https:\/\/www.lebens-qi.at\/qishop\/wp-json\/wp\/v2\/comments?post=18068"}],"wp:featuredmedia":[{"embeddable":true,"href":"https:\/\/www.lebens-qi.at\/qishop\/wp-json\/wp\/v2\/media\/18844"}],"wp:attachment":[{"href":"https:\/\/www.lebens-qi.at\/qishop\/wp-json\/wp\/v2\/media?parent=18068"}],"wp:term":[{"taxonomy":"pwb-brand","embeddable":true,"href":"https:\/\/www.lebens-qi.at\/qishop\/wp-json\/wp\/v2\/pwb-brand?post=18068"},{"taxonomy":"product_brand","embeddable":true,"href":"https:\/\/www.lebens-qi.at\/qishop\/wp-json\/wp\/v2\/product_brand?post=18068"},{"taxonomy":"product_cat","embeddable":true,"href":"https:\/\/www.lebens-qi.at\/qishop\/wp-json\/wp\/v2\/product_cat?post=18068"},{"taxonomy":"product_tag","embeddable":true,"href":"https:\/\/www.lebens-qi.at\/qishop\/wp-json\/wp\/v2\/product_tag?post=18068"}],"curies":[{"name":"wp","href":"https:\/\/api.w.org\/{rel}","templated":true}]}}