{"id":18112,"date":"2025-12-20T15:52:20","date_gmt":"2025-12-20T14:52:20","guid":{"rendered":"https:\/\/www.lebens-qi.at\/qishop\/produkt\/gartenzaun-1000-teile-puzzle\/"},"modified":"2026-04-20T17:23:05","modified_gmt":"2026-04-20T15:23:05","slug":"gartenzaun-1000-teile-puzzle","status":"publish","type":"product","link":"https:\/\/www.lebens-qi.at\/qishop\/produkt\/gartenzaun-1000-teile-puzzle\/","title":{"rendered":"Garden Tool Fence &#8211; 1000 Teile Puzzle"},"content":{"rendered":"<p><b>Fr\u00fchlingshaftes Puzzle mit dem Motiv \u201eGarden Tool Fence\u201c \u2013 Gartenzaun mit Werkzeug<\/b><\/p>\n<p>Da freut sich das G\u00e4rtnerherz! Bunte Bl\u00fcten, Sament\u00fcten, Gartenwerkzeug &#8211; da kann die Gartensaison so richtig starten.<\/p>\n<p>Teileanzahl: 1000 Teile<br \/>\nBildfl\u00e4che: 69.00 x 47.80 cm<br \/>\nVerpackung: Puzzlekarton<br \/>\nMaterial: Karton<br \/>\nAlter: Puzzle f\u00fcr Erwachsene<\/p>\n<p>Copyright: Jason Taylor, Licensed by MGL, www.mglart.com<\/p>\n<p><em><b>Achtung! <\/b>Nicht f\u00fcr Kinder unter 3 Jahren geeignet!<\/em><\/p>\n","protected":false},"excerpt":{"rendered":"<p>Gartenzaun<\/p>\n","protected":false},"featured_media":18826,"comment_status":"open","ping_status":"closed","template":"","meta":{"_links_to":"","_links_to_target":""},"pwb-brand":[145],"product_brand":[],"product_cat":[142,3019],"product_tag":[2045,1060,1645,2050,2093,2357,3140,141],"class_list":{"0":"post-18112","1":"product","2":"type-product","3":"status-publish","4":"has-post-thumbnail","6":"pwb-brand-bluebird-puzzle","7":"product_cat-1000-teile","8":"product_cat-ostern","9":"product_tag-1000-teile","10":"product_tag-blumen","11":"product_tag-blueten","12":"product_tag-fruehling","13":"product_tag-garten","14":"product_tag-hase","15":"product_tag-jason-taylor","16":"product_tag-puzzle","18":"first","19":"outofstock","20":"sold-individually","21":"taxable","22":"shipping-taxable","23":"purchasable","24":"product-type-simple"},"blog_post_layout_featured_media_urls":{"thumbnail":["https:\/\/www.lebens-qi.at\/qishop\/wp-content\/uploads\/gartenzaun-puzzle-150x150.png",150,150,true],"full":["https:\/\/www.lebens-qi.at\/qishop\/wp-content\/uploads\/gartenzaun-puzzle.png",1069,1069,false]},"categories":["145"],"categories_names":{"145":{"name":"Bluebird Puzzle","link":"https:\/\/www.lebens-qi.at\/qishop\/brand\/bluebird-puzzle\/"}},"comments_number":"0","brands":[{"id":145,"name":"Bluebird Puzzle","slug":"bluebird-puzzle"}],"_links":{"self":[{"href":"https:\/\/www.lebens-qi.at\/qishop\/wp-json\/wp\/v2\/product\/18112","targetHints":{"allow":["GET"]}}],"collection":[{"href":"https:\/\/www.lebens-qi.at\/qishop\/wp-json\/wp\/v2\/product"}],"about":[{"href":"https:\/\/www.lebens-qi.at\/qishop\/wp-json\/wp\/v2\/types\/product"}],"replies":[{"embeddable":true,"href":"https:\/\/www.lebens-qi.at\/qishop\/wp-json\/wp\/v2\/comments?post=18112"}],"wp:featuredmedia":[{"embeddable":true,"href":"https:\/\/www.lebens-qi.at\/qishop\/wp-json\/wp\/v2\/media\/18826"}],"wp:attachment":[{"href":"https:\/\/www.lebens-qi.at\/qishop\/wp-json\/wp\/v2\/media?parent=18112"}],"wp:term":[{"taxonomy":"pwb-brand","embeddable":true,"href":"https:\/\/www.lebens-qi.at\/qishop\/wp-json\/wp\/v2\/pwb-brand?post=18112"},{"taxonomy":"product_brand","embeddable":true,"href":"https:\/\/www.lebens-qi.at\/qishop\/wp-json\/wp\/v2\/product_brand?post=18112"},{"taxonomy":"product_cat","embeddable":true,"href":"https:\/\/www.lebens-qi.at\/qishop\/wp-json\/wp\/v2\/product_cat?post=18112"},{"taxonomy":"product_tag","embeddable":true,"href":"https:\/\/www.lebens-qi.at\/qishop\/wp-json\/wp\/v2\/product_tag?post=18112"}],"curies":[{"name":"wp","href":"https:\/\/api.w.org\/{rel}","templated":true}]}}