{"id":18134,"date":"2025-12-20T15:52:50","date_gmt":"2025-12-20T14:52:50","guid":{"rendered":"https:\/\/www.lebens-qi.at\/qishop\/produkt\/bienenfreundlich-2000-teile-puzzle\/"},"modified":"2025-12-29T23:43:34","modified_gmt":"2025-12-29T22:43:34","slug":"bienenfreundlich-2000-teile-puzzle","status":"publish","type":"product","link":"https:\/\/www.lebens-qi.at\/qishop\/produkt\/bienenfreundlich-2000-teile-puzzle\/","title":{"rendered":"Bee Kind &#8211; 2000 Teile Puzzle"},"content":{"rendered":"<p><b>Bienen-Puzzlemotiv \u201eBee Kind\u201c \u2013 Bienenfreundlich\/Sei freundlich<\/b><\/p>\n<p>Honigs\u00fc\u00dfes Handlettering-Patchwork-Motiv mit Spr\u00fcchen und Lebensweisheiten rund um die Biene<\/p>\n<p>Teileanzahl: 2000 Teile <strong>Random Cut\u00a0<\/strong>(unregelm\u00e4\u00dfige Schnittform der Teile!)<br \/>\nBildfl\u00e4che: 67 x 100 cm<br \/>\nVerpackung: Puzzlekarton<br \/>\nMaterial: Karton<br \/>\nAlter: Puzzle f\u00fcr Erwachsene<\/p>\n<p><em><b>Achtung! <\/b><br \/>\nNicht f\u00fcr Kinder unter 3 Jahren geeignet!<\/em><\/p>\n","protected":false},"excerpt":{"rendered":"<p>Bienenfreundlich\/Sei freundlich<\/p>\n","protected":false},"featured_media":18189,"comment_status":"open","ping_status":"closed","template":"","meta":{"_links_to":"","_links_to_target":""},"pwb-brand":[1097],"product_brand":[],"product_cat":[150],"product_tag":[2080,2304,1761,141,2112,320],"class_list":{"0":"post-18134","1":"product","2":"type-product","3":"status-publish","4":"has-post-thumbnail","6":"pwb-brand-cobble-hill","7":"product_cat-2000-teile","8":"product_tag-2000-teile","9":"product_tag-biene","10":"product_tag-honig","11":"product_tag-puzzle","12":"product_tag-random-cut","13":"product_tag-spruch","15":"first","16":"instock","17":"sold-individually","18":"taxable","19":"shipping-taxable","20":"purchasable","21":"product-type-simple"},"blog_post_layout_featured_media_urls":{"thumbnail":["https:\/\/www.lebens-qi.at\/qishop\/wp-content\/uploads\/bee-kind-puzzle-150x150.jpg",150,150,true],"full":["https:\/\/www.lebens-qi.at\/qishop\/wp-content\/uploads\/bee-kind-puzzle.jpg",900,900,false]},"categories":["1097"],"categories_names":{"1097":{"name":"Cobble Hill","link":"https:\/\/www.lebens-qi.at\/qishop\/brand\/cobble-hill\/"}},"comments_number":"0","brands":[{"id":1097,"name":"Cobble Hill","slug":"cobble-hill"}],"_links":{"self":[{"href":"https:\/\/www.lebens-qi.at\/qishop\/wp-json\/wp\/v2\/product\/18134","targetHints":{"allow":["GET"]}}],"collection":[{"href":"https:\/\/www.lebens-qi.at\/qishop\/wp-json\/wp\/v2\/product"}],"about":[{"href":"https:\/\/www.lebens-qi.at\/qishop\/wp-json\/wp\/v2\/types\/product"}],"replies":[{"embeddable":true,"href":"https:\/\/www.lebens-qi.at\/qishop\/wp-json\/wp\/v2\/comments?post=18134"}],"wp:featuredmedia":[{"embeddable":true,"href":"https:\/\/www.lebens-qi.at\/qishop\/wp-json\/wp\/v2\/media\/18189"}],"wp:attachment":[{"href":"https:\/\/www.lebens-qi.at\/qishop\/wp-json\/wp\/v2\/media?parent=18134"}],"wp:term":[{"taxonomy":"pwb-brand","embeddable":true,"href":"https:\/\/www.lebens-qi.at\/qishop\/wp-json\/wp\/v2\/pwb-brand?post=18134"},{"taxonomy":"product_brand","embeddable":true,"href":"https:\/\/www.lebens-qi.at\/qishop\/wp-json\/wp\/v2\/product_brand?post=18134"},{"taxonomy":"product_cat","embeddable":true,"href":"https:\/\/www.lebens-qi.at\/qishop\/wp-json\/wp\/v2\/product_cat?post=18134"},{"taxonomy":"product_tag","embeddable":true,"href":"https:\/\/www.lebens-qi.at\/qishop\/wp-json\/wp\/v2\/product_tag?post=18134"}],"curies":[{"name":"wp","href":"https:\/\/api.w.org\/{rel}","templated":true}]}}