{"id":1814,"date":"2024-02-19T11:55:02","date_gmt":"2024-02-19T10:55:02","guid":{"rendered":"https:\/\/www.lebens-qi.at\/qishop\/produkt\/pina-colada-fruechteteemischung\/"},"modified":"2025-10-10T17:55:05","modified_gmt":"2025-10-10T15:55:05","slug":"pina-colada-fruechteteemischung","status":"publish","type":"product","link":"https:\/\/www.lebens-qi.at\/qishop\/produkt\/pina-colada-fruechteteemischung\/","title":{"rendered":"Pina Colada &#8211; Fr\u00fcchteteemischung"},"content":{"rendered":"<p><b>Pina Colada Fr\u00fcchteteemischung<\/b><br \/>\nmit Ananas-Kokos Note<\/p>\n<p>\u201eIf you like Pi\u00f1a Coladas&#8230;\u201c Oh ja, die m\u00f6gen wir! Bedarf dieser Lieblingscocktail eigentlich noch einer Vorstellung? Wir finden, auch ein alt bew\u00e4hrter Klassiker darf neu entdeckt werden und stellen Ihnen im sommerlichen Ambiente unsere s\u00e4urearme Variante vor. Saftig-s\u00fc\u00dfe Ananasnoten treffen auf weich-cremige Nuancen. Knackige, ger\u00f6stete Kokoschips und feine Kokosraspeln, mit zart-gelben Ananasst\u00fcckchen, vervollst\u00e4ndigen diese sommerliche Kreation.<\/p>\n<p><strong>Extra-Tipp:<\/strong> im Winter ist dieser Tee eine ausgezeichnete Basis f\u00fcr einen<strong> exotischen Punsch<\/strong>, dazu mit einem Schuss Cocos-Lik\u00f6r verfeinern<\/p>\n<p>10-12 Minuten Ziehzeit<br \/>\n100\u00b0 C Wassertemperatur<br \/>\n5-6 Teel\u00f6ffel\/1 Liter<\/p>\n<p><em><b>Zutaten:<\/b><br \/>\nApfelst\u00fccke, ger\u00f6stete Kokoschips, Kokosraspeln, nat\u00fcrliches Aroma, gefr.-getr. Ananasflocken<\/em><\/p>\n<p><b>Wichtig: <\/b>Immer mit sprudelnd kochendem Wasser aufgie\u00dfen, mindestens 5-10 Minuten ziehen lassen! Nur so erhalten Sie ein sicheres Lebensmittel.<\/p>\n<p><b>Inhalt:<\/b><br \/>\n100 g loser Tee in versiegelter Aromat\u00fcte<\/p>\n<p>Zeichnung auf der Etikette von Meli Binder<\/p>\n","protected":false},"excerpt":{"rendered":"<p>Ananas-Kokos Note<\/p>\n","protected":false},"featured_media":12843,"comment_status":"open","ping_status":"closed","template":"","meta":{"_links_to":"","_links_to_target":""},"pwb-brand":[434],"product_brand":[],"product_cat":[2815,3022,431],"product_tag":[2091,1913,1919,229,443,2315,458],"class_list":{"0":"post-1814","1":"product","2":"type-product","3":"status-publish","4":"has-post-thumbnail","6":"pwb-brand-lebens-qi-teehaus-qualitaet","7":"product_cat-fruechtetee","8":"product_cat-sommer-urlaubsfeeling","9":"product_cat-teehaus-qualitaet","10":"product_tag-ananas","11":"product_tag-apfel","12":"product_tag-fruechtetee","13":"product_tag-kokos","14":"product_tag-tee","15":"product_tag-teehaus-qualitaet","16":"product_tag-teemischung","18":"first","19":"instock","20":"taxable","21":"shipping-taxable","22":"purchasable","23":"product-type-simple"},"blog_post_layout_featured_media_urls":{"thumbnail":["https:\/\/www.lebens-qi.at\/qishop\/wp-content\/uploads\/pinacolada-tee-150x150.png",150,150,true],"full":["https:\/\/www.lebens-qi.at\/qishop\/wp-content\/uploads\/pinacolada-tee.png",800,800,false]},"categories":["434"],"categories_names":{"434":{"name":"Teehaus-Qualit\u00e4t vom LEBENS-QI","link":"https:\/\/www.lebens-qi.at\/qishop\/brand\/lebens-qi-teehaus-qualitaet\/"}},"comments_number":"0","brands":[{"id":434,"name":"Teehaus-Qualit\u00e4t vom LEBENS-QI","slug":"lebens-qi-teehaus-qualitaet"}],"_links":{"self":[{"href":"https:\/\/www.lebens-qi.at\/qishop\/wp-json\/wp\/v2\/product\/1814","targetHints":{"allow":["GET"]}}],"collection":[{"href":"https:\/\/www.lebens-qi.at\/qishop\/wp-json\/wp\/v2\/product"}],"about":[{"href":"https:\/\/www.lebens-qi.at\/qishop\/wp-json\/wp\/v2\/types\/product"}],"replies":[{"embeddable":true,"href":"https:\/\/www.lebens-qi.at\/qishop\/wp-json\/wp\/v2\/comments?post=1814"}],"wp:featuredmedia":[{"embeddable":true,"href":"https:\/\/www.lebens-qi.at\/qishop\/wp-json\/wp\/v2\/media\/12843"}],"wp:attachment":[{"href":"https:\/\/www.lebens-qi.at\/qishop\/wp-json\/wp\/v2\/media?parent=1814"}],"wp:term":[{"taxonomy":"pwb-brand","embeddable":true,"href":"https:\/\/www.lebens-qi.at\/qishop\/wp-json\/wp\/v2\/pwb-brand?post=1814"},{"taxonomy":"product_brand","embeddable":true,"href":"https:\/\/www.lebens-qi.at\/qishop\/wp-json\/wp\/v2\/product_brand?post=1814"},{"taxonomy":"product_cat","embeddable":true,"href":"https:\/\/www.lebens-qi.at\/qishop\/wp-json\/wp\/v2\/product_cat?post=1814"},{"taxonomy":"product_tag","embeddable":true,"href":"https:\/\/www.lebens-qi.at\/qishop\/wp-json\/wp\/v2\/product_tag?post=1814"}],"curies":[{"name":"wp","href":"https:\/\/api.w.org\/{rel}","templated":true}]}}