{"id":18149,"date":"2025-12-20T18:10:53","date_gmt":"2025-12-20T17:10:53","guid":{"rendered":"https:\/\/www.lebens-qi.at\/qishop\/?post_type=product&#038;p=18149"},"modified":"2026-02-14T23:10:54","modified_gmt":"2026-02-14T22:10:54","slug":"sweet-blossom-lenormand-karten","status":"publish","type":"product","link":"https:\/\/www.lebens-qi.at\/qishop\/produkt\/sweet-blossom-lenormand-karten\/","title":{"rendered":"Sweet Blossom Lenormand &#8211; Karten"},"content":{"rendered":"<p><b>Karten: Sweet Blossom Lenormand<br \/>\n<\/b>36+2 Karten mit Booklet<br \/>\n<em>von\u00a0<\/em><em><span class=\"posted_in\">Irene Captijn<\/span><\/em><\/p>\n<div class=\"coverText\">\n<div class=\"product-detail-description-text product-detail-show-more-content is-open\">\n<p>Das Sweet Blossom Lenormand der K\u00fcnstlerin Irene Captijn verzaubert durch die wundersch\u00f6nen, zarten und sanften Farben. Bl\u00fchende Blumen auf jeder Karte vermitteln uns die Leichtigkeit und das Gl\u00fcck der warmen Jahreszeit und lassen uns die Herausforderungen des Alltags besser meistern.<\/p>\n<p>Das Deck enth\u00e4lt <strong>36 Karten plus jeweils eine zus\u00e4tzliche Dame- und Herr-Karte<\/strong>.<\/p>\n<p>Im Booklet werden ausf\u00fchrlich die Geschichte und die Bedeutungen der Lenormandkarten beschrieben.<\/p>\n<\/div>\n<\/div>\n","protected":false},"excerpt":{"rendered":"<p>36+2 Karten mit Booklet<\/p>\n","protected":false},"featured_media":18150,"comment_status":"open","ping_status":"closed","template":"","meta":{"_links_to":"","_links_to_target":""},"pwb-brand":[828],"product_brand":[],"product_cat":[3019,892],"product_tag":[1645,595,3073,667,633,893,863],"class_list":{"0":"post-18149","1":"product","2":"type-product","3":"status-publish","4":"has-post-thumbnail","6":"pwb-brand-koenigsfurt-urania","7":"product_cat-ostern","8":"product_cat-wahrsagekarten","9":"product_tag-blueten","10":"product_tag-glueck","11":"product_tag-irene-captijn","12":"product_tag-kartendeck","13":"product_tag-leichtigkeit","14":"product_tag-lenormand","15":"product_tag-orakel","17":"first","18":"instock","19":"taxable","20":"shipping-taxable","21":"purchasable","22":"product-type-simple"},"blog_post_layout_featured_media_urls":{"thumbnail":["https:\/\/www.lebens-qi.at\/qishop\/wp-content\/uploads\/sweet-blossom-lenormand-150x150.jpg",150,150,true],"full":["https:\/\/www.lebens-qi.at\/qishop\/wp-content\/uploads\/sweet-blossom-lenormand.jpg",1000,1000,false]},"categories":["828"],"categories_names":{"828":{"name":"K\u00f6nigsfurt Urania","link":"https:\/\/www.lebens-qi.at\/qishop\/brand\/koenigsfurt-urania\/"}},"comments_number":"0","brands":[{"id":828,"name":"K\u00f6nigsfurt Urania","slug":"koenigsfurt-urania"}],"_links":{"self":[{"href":"https:\/\/www.lebens-qi.at\/qishop\/wp-json\/wp\/v2\/product\/18149","targetHints":{"allow":["GET"]}}],"collection":[{"href":"https:\/\/www.lebens-qi.at\/qishop\/wp-json\/wp\/v2\/product"}],"about":[{"href":"https:\/\/www.lebens-qi.at\/qishop\/wp-json\/wp\/v2\/types\/product"}],"replies":[{"embeddable":true,"href":"https:\/\/www.lebens-qi.at\/qishop\/wp-json\/wp\/v2\/comments?post=18149"}],"wp:featuredmedia":[{"embeddable":true,"href":"https:\/\/www.lebens-qi.at\/qishop\/wp-json\/wp\/v2\/media\/18150"}],"wp:attachment":[{"href":"https:\/\/www.lebens-qi.at\/qishop\/wp-json\/wp\/v2\/media?parent=18149"}],"wp:term":[{"taxonomy":"pwb-brand","embeddable":true,"href":"https:\/\/www.lebens-qi.at\/qishop\/wp-json\/wp\/v2\/pwb-brand?post=18149"},{"taxonomy":"product_brand","embeddable":true,"href":"https:\/\/www.lebens-qi.at\/qishop\/wp-json\/wp\/v2\/product_brand?post=18149"},{"taxonomy":"product_cat","embeddable":true,"href":"https:\/\/www.lebens-qi.at\/qishop\/wp-json\/wp\/v2\/product_cat?post=18149"},{"taxonomy":"product_tag","embeddable":true,"href":"https:\/\/www.lebens-qi.at\/qishop\/wp-json\/wp\/v2\/product_tag?post=18149"}],"curies":[{"name":"wp","href":"https:\/\/api.w.org\/{rel}","templated":true}]}}