{"id":1820,"date":"2024-02-19T11:55:08","date_gmt":"2024-02-19T10:55:08","guid":{"rendered":"https:\/\/www.lebens-qi.at\/qishop\/produkt\/lebkuchen-rotbuschteemischung\/"},"modified":"2025-09-19T15:15:16","modified_gmt":"2025-09-19T13:15:16","slug":"lebkuchen-rotbuschteemischung","status":"publish","type":"product","link":"https:\/\/www.lebens-qi.at\/qishop\/produkt\/lebkuchen-rotbuschteemischung\/","title":{"rendered":"Lebkuchen &#8211; Rotbuschteemischung"},"content":{"rendered":"<p><b>Extra Qualit\u00e4t!<br \/>\nLebkuchen<\/b><br \/>\nRotbuschteemischung aromatisiert mit Gew\u00fcrzen<\/p>\n<p>Gleich nach dem \u00d6ffnen der T\u00fcte tr\u00e4gt der verf\u00fchrerische Duft dieses Tees die unwiderstehlichen Ger\u00fcche von Muskat, s\u00fc\u00df-w\u00fcrzigem Zimt und scharf-pr\u00e4gnantem Pfeffer, einer Prise des orientalischen Kardamoms, ein wenig Nelke und s\u00fc\u00dfen Honig mit sich. Unwiderstehlich! Der k\u00f6stliche Geschmack dieser verlockenden Teekomposition ist ebenfalls eine echte Offenbarung. Dieser Traum von Lebkuchen und Gew\u00fcrzen ist genau das Richtige f\u00fcr die kalte Jahreszeit.<\/p>\n<p>8-10 Minuten Ziehzeit<br \/>\n100\u00b0 C Wassertemperatur<br \/>\n4-5 geh\u00e4ufte Teel\u00f6ffel\/1 Liter<\/p>\n<p><em><b>Zutaten:<\/b><br \/>\nRotbuschtee, Honeybuschtee, Orangenschalen, Fenchel, S\u00fc\u00dfholzwurzeln, Anissamen, ganzer Sternanis, Orangen\u00f6l, nat\u00fcrliches Aprikosenkern-Gew\u00fcrz-Aroma, F\u00e4rberdisteln<\/em><\/p>\n<p><b>Inhalt:<\/b><br \/>\n100 g loser Tee in versiegelter Aromat\u00fcte<\/p>\n<p>Zeichnung auf der Etikette von Meli Binder<\/p>\n","protected":false},"excerpt":{"rendered":"<p>aromatisiert mit Gew\u00fcrzen<\/p>\n","protected":false},"featured_media":12838,"comment_status":"open","ping_status":"closed","template":"","meta":{"_links_to":"","_links_to_target":""},"pwb-brand":[434],"product_brand":[],"product_cat":[2814,431,3018],"product_tag":[1926,360,2107,450,1929,365,455,456,2126,443,2315,458],"class_list":{"0":"post-1820","1":"product","2":"type-product","3":"status-publish","4":"has-post-thumbnail","6":"pwb-brand-lebens-qi-teehaus-qualitaet","7":"product_cat-rooibos-honeybush-tee","8":"product_cat-teehaus-qualitaet","9":"product_cat-weihnachten","10":"product_tag-anis","11":"product_tag-fenchel","12":"product_tag-gewuerze","13":"product_tag-honigbusch","14":"product_tag-lebkuchen","15":"product_tag-orange","16":"product_tag-rooibos","17":"product_tag-rotbusch","18":"product_tag-sternanis","19":"product_tag-tee","20":"product_tag-teehaus-qualitaet","21":"product_tag-teemischung","23":"first","24":"instock","25":"taxable","26":"shipping-taxable","27":"purchasable","28":"product-type-simple"},"blog_post_layout_featured_media_urls":{"thumbnail":["https:\/\/www.lebens-qi.at\/qishop\/wp-content\/uploads\/lebkuchen-tee-150x150.png",150,150,true],"full":["https:\/\/www.lebens-qi.at\/qishop\/wp-content\/uploads\/lebkuchen-tee.png",800,800,false]},"categories":["434"],"categories_names":{"434":{"name":"Teehaus-Qualit\u00e4t vom LEBENS-QI","link":"https:\/\/www.lebens-qi.at\/qishop\/brand\/lebens-qi-teehaus-qualitaet\/"}},"comments_number":"0","brands":[{"id":434,"name":"Teehaus-Qualit\u00e4t vom LEBENS-QI","slug":"lebens-qi-teehaus-qualitaet"}],"_links":{"self":[{"href":"https:\/\/www.lebens-qi.at\/qishop\/wp-json\/wp\/v2\/product\/1820","targetHints":{"allow":["GET"]}}],"collection":[{"href":"https:\/\/www.lebens-qi.at\/qishop\/wp-json\/wp\/v2\/product"}],"about":[{"href":"https:\/\/www.lebens-qi.at\/qishop\/wp-json\/wp\/v2\/types\/product"}],"replies":[{"embeddable":true,"href":"https:\/\/www.lebens-qi.at\/qishop\/wp-json\/wp\/v2\/comments?post=1820"}],"wp:featuredmedia":[{"embeddable":true,"href":"https:\/\/www.lebens-qi.at\/qishop\/wp-json\/wp\/v2\/media\/12838"}],"wp:attachment":[{"href":"https:\/\/www.lebens-qi.at\/qishop\/wp-json\/wp\/v2\/media?parent=1820"}],"wp:term":[{"taxonomy":"pwb-brand","embeddable":true,"href":"https:\/\/www.lebens-qi.at\/qishop\/wp-json\/wp\/v2\/pwb-brand?post=1820"},{"taxonomy":"product_brand","embeddable":true,"href":"https:\/\/www.lebens-qi.at\/qishop\/wp-json\/wp\/v2\/product_brand?post=1820"},{"taxonomy":"product_cat","embeddable":true,"href":"https:\/\/www.lebens-qi.at\/qishop\/wp-json\/wp\/v2\/product_cat?post=1820"},{"taxonomy":"product_tag","embeddable":true,"href":"https:\/\/www.lebens-qi.at\/qishop\/wp-json\/wp\/v2\/product_tag?post=1820"}],"curies":[{"name":"wp","href":"https:\/\/api.w.org\/{rel}","templated":true}]}}