{"id":1826,"date":"2024-02-19T11:55:12","date_gmt":"2024-02-19T10:55:12","guid":{"rendered":"https:\/\/www.lebens-qi.at\/qishop\/produkt\/entspannungszeit-gruene-rotbusch-honeybuschteemischung\/"},"modified":"2025-04-08T18:40:21","modified_gmt":"2025-04-08T16:40:21","slug":"entspannungszeit-gruene-rotbusch-honeybuschteemischung","status":"publish","type":"product","link":"https:\/\/www.lebens-qi.at\/qishop\/produkt\/entspannungszeit-gruene-rotbusch-honeybuschteemischung\/","title":{"rendered":"Entspannungszeit &#8211; Gr\u00fcne Rotbusch- \/ Honeybuschteemischung"},"content":{"rendered":"<p><b>Extra Qualit\u00e4t!<br \/>\nEntspannungszeit<\/b><br \/>\nGr\u00fcne Rotbusch- \/ Honeybuschteemischung<\/p>\n<p><b>Am Ende eines anstrengenden Tages machen Sie doch mal eine Traumreise mit uns: <\/b><br \/>\nSchlie\u00dfen Sie die Augen und stellen sie sich vor, Sie sind an einem Ort der Ruhe: Sie legen sich auf eine Wiese voll mit Bl\u00fcten unter einen gr\u00fcnen Entspannungsbusch. Die Luft ist erf\u00fcllt von s\u00fc\u00dfen D\u00fcften, das Herz ist frei, die Seele baumelt und die Sonne neigt sich dem Horizont zu. Die beruhigende Wirkung der Natur l\u00e4sst Sie mit ihr in Einklang kommen. Probieren Sie doch auch einmal die Zubereitung mit Milch und Honig und sp\u00fcren Sie, wie das Konzept der Nachhaltigkeit sich auch auf Ihre Entspannung \u00fcbertr\u00e4gt.<\/p>\n<p>8-10 Minuten Ziehzeit<br \/>\n100\u00b0 C Wassertemperatur<br \/>\n4-5 geh\u00e4ufte Teel\u00f6ffel\/1 Liter<\/p>\n<p><em><b>Zutaten:<\/b><br \/>\nGr\u00fcner Honeybusch, gr\u00fcner Rotbusch, Fenchel, Anis, Kamille, F\u00e4rberdisteln<\/em><\/p>\n<p><b>Inhalt:<\/b><br \/>\n100 g loser Tee in versiegelter Aromat\u00fcte<\/p>\n<p>Zeichnung auf der Etikette von Jassi Bis<\/p>\n","protected":false},"excerpt":{"rendered":"<p>mit Kamille<\/p>\n","protected":false},"featured_media":12835,"comment_status":"open","ping_status":"closed","template":"","meta":{"_links_to":"","_links_to_target":""},"pwb-brand":[434],"product_brand":[],"product_cat":[2814,431],"product_tag":[1926,360,1925,336,1840,455,456,443,2315,458],"class_list":{"0":"post-1826","1":"product","2":"type-product","3":"status-publish","4":"has-post-thumbnail","6":"pwb-brand-lebens-qi-teehaus-qualitaet","7":"product_cat-rooibos-honeybush-tee","8":"product_cat-teehaus-qualitaet","9":"product_tag-anis","10":"product_tag-fenchel","11":"product_tag-honeybush","12":"product_tag-kamille","13":"product_tag-kraeutertee","14":"product_tag-rooibos","15":"product_tag-rotbusch","16":"product_tag-tee","17":"product_tag-teehaus-qualitaet","18":"product_tag-teemischung","20":"first","21":"instock","22":"taxable","23":"shipping-taxable","24":"purchasable","25":"product-type-simple"},"blog_post_layout_featured_media_urls":{"thumbnail":["https:\/\/www.lebens-qi.at\/qishop\/wp-content\/uploads\/entspannungszeit-tee-150x150.png",150,150,true],"full":["https:\/\/www.lebens-qi.at\/qishop\/wp-content\/uploads\/entspannungszeit-tee.png",800,800,false]},"categories":["434"],"categories_names":{"434":{"name":"Teehaus-Qualit\u00e4t vom LEBENS-QI","link":"https:\/\/www.lebens-qi.at\/qishop\/brand\/lebens-qi-teehaus-qualitaet\/"}},"comments_number":"0","brands":[{"id":434,"name":"Teehaus-Qualit\u00e4t vom LEBENS-QI","slug":"lebens-qi-teehaus-qualitaet"}],"_links":{"self":[{"href":"https:\/\/www.lebens-qi.at\/qishop\/wp-json\/wp\/v2\/product\/1826","targetHints":{"allow":["GET"]}}],"collection":[{"href":"https:\/\/www.lebens-qi.at\/qishop\/wp-json\/wp\/v2\/product"}],"about":[{"href":"https:\/\/www.lebens-qi.at\/qishop\/wp-json\/wp\/v2\/types\/product"}],"replies":[{"embeddable":true,"href":"https:\/\/www.lebens-qi.at\/qishop\/wp-json\/wp\/v2\/comments?post=1826"}],"wp:featuredmedia":[{"embeddable":true,"href":"https:\/\/www.lebens-qi.at\/qishop\/wp-json\/wp\/v2\/media\/12835"}],"wp:attachment":[{"href":"https:\/\/www.lebens-qi.at\/qishop\/wp-json\/wp\/v2\/media?parent=1826"}],"wp:term":[{"taxonomy":"pwb-brand","embeddable":true,"href":"https:\/\/www.lebens-qi.at\/qishop\/wp-json\/wp\/v2\/pwb-brand?post=1826"},{"taxonomy":"product_brand","embeddable":true,"href":"https:\/\/www.lebens-qi.at\/qishop\/wp-json\/wp\/v2\/product_brand?post=1826"},{"taxonomy":"product_cat","embeddable":true,"href":"https:\/\/www.lebens-qi.at\/qishop\/wp-json\/wp\/v2\/product_cat?post=1826"},{"taxonomy":"product_tag","embeddable":true,"href":"https:\/\/www.lebens-qi.at\/qishop\/wp-json\/wp\/v2\/product_tag?post=1826"}],"curies":[{"name":"wp","href":"https:\/\/api.w.org\/{rel}","templated":true}]}}