{"id":18280,"date":"2026-01-17T23:07:14","date_gmt":"2026-01-17T22:07:14","guid":{"rendered":"https:\/\/www.lebens-qi.at\/qishop\/?post_type=product&#038;p=18280"},"modified":"2026-01-17T23:18:59","modified_gmt":"2026-01-17T22:18:59","slug":"zimt-raeucherkegel","status":"publish","type":"product","link":"https:\/\/www.lebens-qi.at\/qishop\/produkt\/zimt-raeucherkegel\/","title":{"rendered":"Zimt R\u00e4ucherkegel"},"content":{"rendered":"<p><strong>Zimt R\u00e4ucherkegel<\/strong><em><br \/>\n<\/em><\/p>\n<p>Zimt entfaltet beim Verr\u00e4uchern eine warme, w\u00fcrzige und <strong>energetisierende Kraft<\/strong>. Er wirkt seelisch st\u00e4rkend, schenkt neuen Antrieb und vertreibt tr\u00e4ge oder dunkle Stimmungen.<\/p>\n<h3><span style=\"color: #993366;\">~~~ Holy Smokes R\u00e4ucherkegel ~~~<\/span><\/h3>\n<p>Eine Masala-Paste aus H\u00f6lzern, Harzen, Kr\u00e4utern, Bl\u00fcten und \u00d6len wird per Hand in Kegelform gebracht und an der indischen Sonne luftgetrocknet. Ob aus Sandelholz, Lavendel, Zimt oder Weihrauch \u2013 jeder Kegel tr\u00e4gt einen eigenen Duft in sich und erf\u00fcllt die Atmosph\u00e4re mit seiner unverwechselbaren Energie.<\/p>\n<p><em>P\u00e4ckchen enth\u00e4lt 14 Kegel (20 g) und einen kleinen Keramikhalter.<\/em><\/p>\n","protected":false},"excerpt":{"rendered":"<p><span class=\"entry--content\">warmer, w\u00fcrziger Duft<\/span>\u00a0&#8211; f<span class=\"entry--content\">\u00fcr St\u00e4rke &amp; Energie<\/span><\/p>\n<p>&nbsp;<\/p>\n","protected":false},"featured_media":18281,"comment_status":"open","ping_status":"closed","template":"","meta":{"_links_to":"","_links_to_target":""},"pwb-brand":[307],"product_brand":[],"product_cat":[711],"product_tag":[1723,640,681,701,2835,408],"class_list":{"0":"post-18280","1":"product","2":"type-product","3":"status-publish","4":"has-post-thumbnail","6":"pwb-brand-berk","7":"product_cat-holy-smokes","8":"product_tag-antrieb","9":"product_tag-energie","10":"product_tag-holy-smokes","11":"product_tag-raeucherkegel","12":"product_tag-waerme","13":"product_tag-zimt","15":"first","16":"instock","17":"taxable","18":"shipping-taxable","19":"purchasable","20":"product-type-simple"},"blog_post_layout_featured_media_urls":{"thumbnail":["https:\/\/www.lebens-qi.at\/qishop\/wp-content\/uploads\/holysmokes-kegel-zimt-150x150.jpg",150,150,true],"full":["https:\/\/www.lebens-qi.at\/qishop\/wp-content\/uploads\/holysmokes-kegel-zimt.jpg",800,800,false]},"categories":["307"],"categories_names":{"307":{"name":"Berk","link":"https:\/\/www.lebens-qi.at\/qishop\/brand\/berk\/"}},"comments_number":"0","brands":[{"id":307,"name":"Berk","slug":"berk"}],"_links":{"self":[{"href":"https:\/\/www.lebens-qi.at\/qishop\/wp-json\/wp\/v2\/product\/18280","targetHints":{"allow":["GET"]}}],"collection":[{"href":"https:\/\/www.lebens-qi.at\/qishop\/wp-json\/wp\/v2\/product"}],"about":[{"href":"https:\/\/www.lebens-qi.at\/qishop\/wp-json\/wp\/v2\/types\/product"}],"replies":[{"embeddable":true,"href":"https:\/\/www.lebens-qi.at\/qishop\/wp-json\/wp\/v2\/comments?post=18280"}],"wp:featuredmedia":[{"embeddable":true,"href":"https:\/\/www.lebens-qi.at\/qishop\/wp-json\/wp\/v2\/media\/18281"}],"wp:attachment":[{"href":"https:\/\/www.lebens-qi.at\/qishop\/wp-json\/wp\/v2\/media?parent=18280"}],"wp:term":[{"taxonomy":"pwb-brand","embeddable":true,"href":"https:\/\/www.lebens-qi.at\/qishop\/wp-json\/wp\/v2\/pwb-brand?post=18280"},{"taxonomy":"product_brand","embeddable":true,"href":"https:\/\/www.lebens-qi.at\/qishop\/wp-json\/wp\/v2\/product_brand?post=18280"},{"taxonomy":"product_cat","embeddable":true,"href":"https:\/\/www.lebens-qi.at\/qishop\/wp-json\/wp\/v2\/product_cat?post=18280"},{"taxonomy":"product_tag","embeddable":true,"href":"https:\/\/www.lebens-qi.at\/qishop\/wp-json\/wp\/v2\/product_tag?post=18280"}],"curies":[{"name":"wp","href":"https:\/\/api.w.org\/{rel}","templated":true}]}}