{"id":18300,"date":"2026-01-20T19:27:40","date_gmt":"2026-01-20T18:27:40","guid":{"rendered":"https:\/\/www.lebens-qi.at\/qishop\/?post_type=product&#038;p=18300"},"modified":"2026-01-20T19:40:04","modified_gmt":"2026-01-20T18:40:04","slug":"palo-santo-raeucherkegel-3","status":"publish","type":"product","link":"https:\/\/www.lebens-qi.at\/qishop\/produkt\/palo-santo-raeucherkegel-3\/","title":{"rendered":"Palo Santo R\u00e4ucherkegel"},"content":{"rendered":"<p><strong>Palo Santo R\u00e4ucherkegel<\/strong><em><br \/>\n100 % nat\u00fcrlich<br \/>\n<\/em><\/p>\n<p>In den alten Andenv\u00f6lkern war Palo Santo ein Hauptbestandteil der rituellen, religi\u00f6sen und magischen Feste. Es hat die Kraft negative Energien zu vertreiben und ist ein starker Atmosph\u00e4renreiniger.<\/p>\n<h3><span style=\"color: #ffcc00;\">~~~ Holy Smokes R\u00e4ucherpyramiden ~~~<\/span><\/h3>\n<p>Eine Masala-Paste aus nat\u00fcrlichen Zutaten wird per Hand zu Pyramiden-Kegel geformt. Diese strahlen so schon eine mystische Atmosph\u00e4re aus. Lass dich entf\u00fchren in die magische Welt der fabelhaften Duftkreationen!<\/p>\n<p><em>P\u00e4ckchen enth\u00e4lt 8 Pyramiden-Kegel (20 g) und einen kleinen Keramikhalter.<\/em><\/p>\n","protected":false},"excerpt":{"rendered":"<p>naturreine Pyramidenkegel zur Reinigung von Raum und Atmosph\u00e4re<\/p>\n","protected":false},"featured_media":18303,"comment_status":"open","ping_status":"closed","template":"","meta":{"_links_to":"","_links_to_target":""},"pwb-brand":[307],"product_brand":[],"product_cat":[711],"product_tag":[681,339,701,2290],"class_list":{"0":"post-18300","1":"product","2":"type-product","3":"status-publish","4":"has-post-thumbnail","6":"pwb-brand-berk","7":"product_cat-holy-smokes","8":"product_tag-holy-smokes","9":"product_tag-palo-santo","10":"product_tag-raeucherkegel","11":"product_tag-raeucherpyramiden","13":"first","14":"instock","15":"taxable","16":"shipping-taxable","17":"purchasable","18":"product-type-simple"},"blog_post_layout_featured_media_urls":{"thumbnail":["https:\/\/www.lebens-qi.at\/qishop\/wp-content\/uploads\/palosanto-kegel-150x150.jpg",150,150,true],"full":["https:\/\/www.lebens-qi.at\/qishop\/wp-content\/uploads\/palosanto-kegel.jpg",800,800,false]},"categories":["307"],"categories_names":{"307":{"name":"Berk","link":"https:\/\/www.lebens-qi.at\/qishop\/brand\/berk\/"}},"comments_number":"0","brands":[{"id":307,"name":"Berk","slug":"berk"}],"_links":{"self":[{"href":"https:\/\/www.lebens-qi.at\/qishop\/wp-json\/wp\/v2\/product\/18300","targetHints":{"allow":["GET"]}}],"collection":[{"href":"https:\/\/www.lebens-qi.at\/qishop\/wp-json\/wp\/v2\/product"}],"about":[{"href":"https:\/\/www.lebens-qi.at\/qishop\/wp-json\/wp\/v2\/types\/product"}],"replies":[{"embeddable":true,"href":"https:\/\/www.lebens-qi.at\/qishop\/wp-json\/wp\/v2\/comments?post=18300"}],"wp:featuredmedia":[{"embeddable":true,"href":"https:\/\/www.lebens-qi.at\/qishop\/wp-json\/wp\/v2\/media\/18303"}],"wp:attachment":[{"href":"https:\/\/www.lebens-qi.at\/qishop\/wp-json\/wp\/v2\/media?parent=18300"}],"wp:term":[{"taxonomy":"pwb-brand","embeddable":true,"href":"https:\/\/www.lebens-qi.at\/qishop\/wp-json\/wp\/v2\/pwb-brand?post=18300"},{"taxonomy":"product_brand","embeddable":true,"href":"https:\/\/www.lebens-qi.at\/qishop\/wp-json\/wp\/v2\/product_brand?post=18300"},{"taxonomy":"product_cat","embeddable":true,"href":"https:\/\/www.lebens-qi.at\/qishop\/wp-json\/wp\/v2\/product_cat?post=18300"},{"taxonomy":"product_tag","embeddable":true,"href":"https:\/\/www.lebens-qi.at\/qishop\/wp-json\/wp\/v2\/product_tag?post=18300"}],"curies":[{"name":"wp","href":"https:\/\/api.w.org\/{rel}","templated":true}]}}