{"id":1832,"date":"2024-02-19T11:55:20","date_gmt":"2024-02-19T10:55:20","guid":{"rendered":"https:\/\/www.lebens-qi.at\/qishop\/produkt\/taste-of-austria-hanf-pur-kraeutertee\/"},"modified":"2026-02-06T12:01:07","modified_gmt":"2026-02-06T11:01:07","slug":"taste-of-austria-hanf-pur-kraeutertee","status":"publish","type":"product","link":"https:\/\/www.lebens-qi.at\/qishop\/produkt\/taste-of-austria-hanf-pur-kraeutertee\/","title":{"rendered":"Taste of Austria &#8211; Hanf pur"},"content":{"rendered":"<p><b>Extra Qualit\u00e4t!<br \/>\nHanf pur<\/b><br \/>\nBl\u00e4tter<br \/>\nvom Biohof Holzbauer aus Sch\u00f6nfeld im Marchfeld<\/p>\n<p>Entspann\u00b4 dich Tee \ud83d\ude42<\/p>\n<p>Hanf wird seit langem f\u00fcr seine beruhigende Wirkung gesch\u00e4tzt &#8211; f\u00fcr Entspannung und guten Schlaf<\/p>\n<p>3 Minuten Ziehzeit<br \/>\n100\u00b0 C Wassertemperatur<br \/>\n4 geh\u00e4ufte TL\/Liter<\/p>\n<p><em><b>Zutaten:<\/b><br \/>\nHanfbl\u00e4tter<\/em><\/p>\n<p><em><b>Wichtig:<\/b> Immer mit sprudelnd kochendem Wasser aufgie\u00dfen! Nur so erhalten Sie ein sicheres Lebensmittel<\/em><\/p>\n<p><b>Inhalt:<\/b><br \/>\n30 g in versiegelter Aromat\u00fcte<\/p>\n<p>Zeichnung auf der Etikette von Meli Binder<\/p>\n","protected":false},"excerpt":{"rendered":"<p>aus Sch\u00f6nfeld im Marchfeld<\/p>\n","protected":false},"featured_media":18467,"comment_status":"open","ping_status":"closed","template":"","meta":{"_links_to":"","_links_to_target":""},"pwb-brand":[434],"product_brand":[],"product_cat":[2813,1760,435],"product_tag":[535,1221,278,1893,1220,656,443,2315],"class_list":{"0":"post-1832","1":"product","2":"type-product","3":"status-publish","4":"has-post-thumbnail","6":"pwb-brand-lebens-qi-teehaus-qualitaet","7":"product_cat-kraeutertee","8":"product_cat-marchfelder-genusseck","9":"product_cat-taste-of","10":"product_tag-entspannung","11":"product_tag-extra-qualitaet","12":"product_tag-hanf","13":"product_tag-marchfeld","14":"product_tag-oesterreich","15":"product_tag-pur","16":"product_tag-tee","17":"product_tag-teehaus-qualitaet","19":"first","20":"instock","21":"taxable","22":"shipping-taxable","23":"purchasable","24":"product-type-simple"},"blog_post_layout_featured_media_urls":{"thumbnail":["https:\/\/www.lebens-qi.at\/qishop\/wp-content\/uploads\/hanf-marchfeld-150x150.png",150,150,true],"full":["https:\/\/www.lebens-qi.at\/qishop\/wp-content\/uploads\/hanf-marchfeld.png",800,800,false]},"categories":["434"],"categories_names":{"434":{"name":"Teehaus-Qualit\u00e4t vom LEBENS-QI","link":"https:\/\/www.lebens-qi.at\/qishop\/brand\/lebens-qi-teehaus-qualitaet\/"}},"comments_number":"0","brands":[{"id":434,"name":"Teehaus-Qualit\u00e4t vom LEBENS-QI","slug":"lebens-qi-teehaus-qualitaet"}],"_links":{"self":[{"href":"https:\/\/www.lebens-qi.at\/qishop\/wp-json\/wp\/v2\/product\/1832","targetHints":{"allow":["GET"]}}],"collection":[{"href":"https:\/\/www.lebens-qi.at\/qishop\/wp-json\/wp\/v2\/product"}],"about":[{"href":"https:\/\/www.lebens-qi.at\/qishop\/wp-json\/wp\/v2\/types\/product"}],"replies":[{"embeddable":true,"href":"https:\/\/www.lebens-qi.at\/qishop\/wp-json\/wp\/v2\/comments?post=1832"}],"wp:featuredmedia":[{"embeddable":true,"href":"https:\/\/www.lebens-qi.at\/qishop\/wp-json\/wp\/v2\/media\/18467"}],"wp:attachment":[{"href":"https:\/\/www.lebens-qi.at\/qishop\/wp-json\/wp\/v2\/media?parent=1832"}],"wp:term":[{"taxonomy":"pwb-brand","embeddable":true,"href":"https:\/\/www.lebens-qi.at\/qishop\/wp-json\/wp\/v2\/pwb-brand?post=1832"},{"taxonomy":"product_brand","embeddable":true,"href":"https:\/\/www.lebens-qi.at\/qishop\/wp-json\/wp\/v2\/product_brand?post=1832"},{"taxonomy":"product_cat","embeddable":true,"href":"https:\/\/www.lebens-qi.at\/qishop\/wp-json\/wp\/v2\/product_cat?post=1832"},{"taxonomy":"product_tag","embeddable":true,"href":"https:\/\/www.lebens-qi.at\/qishop\/wp-json\/wp\/v2\/product_tag?post=1832"}],"curies":[{"name":"wp","href":"https:\/\/api.w.org\/{rel}","templated":true}]}}