{"id":18329,"date":"2026-01-21T17:59:02","date_gmt":"2026-01-21T16:59:02","guid":{"rendered":"https:\/\/www.lebens-qi.at\/qishop\/?post_type=product&#038;p=18329"},"modified":"2026-01-21T21:05:16","modified_gmt":"2026-01-21T20:05:16","slug":"essiggurken-scharf","status":"publish","type":"product","link":"https:\/\/www.lebens-qi.at\/qishop\/produkt\/essiggurken-scharf\/","title":{"rendered":"Essiggurken &#8211; scharf"},"content":{"rendered":"<p><strong>Bio Essiggurken SCHARF &#8211; s\u00fc\u00dfsaure Gew\u00fcrzgurken, verfeinert mit Zwiebel und Karottenscheiben<\/strong><\/p>\n<p>Die beliebten s\u00fc\u00dfsauren Gew\u00fcrzgurken werden am Biohof Bubenicek Meiberger schon seit \u00fcber 20 Jahren nach einem traditionellen Rezept hergestellt. Dies ist die pikante Variante: Dank miteingelgter Chili bekommen diese Essiggurkerl eine angenehmer Sch\u00e4rfe.<\/p>\n<p><strong>Zutaten:<\/strong> Gurkerl*, G\u00e4rungsessig*, R\u00fcbenzucker*, Karotten*, Zwiebel*, Chili*, Dillkraut*, <strong>Senfk\u00f6rner<\/strong>*, Gew\u00fcrze*, Salz.<br \/>\n<em>*aus kontrolliert biologischer Landwirtschaft<\/em><\/p>\n<p>F\u00fcllgewicht: 520 g<br \/>\nAbtropfgewicht: 320 g<\/p>\n<h2 class=\"preamble\"><span style=\"color: #008000;\">~~~ BIOHOF BUBENICEK MEIBERGER ~~~<\/span><\/h2>\n<div id=\"m3080\" class=\"module text\">\n<p class=\"bodytext\">Seit etwa zwanzig Jahren werden am Biohof Bubenicek Meiberger bereits Gurken angebaut. \u201ePepis Gurkerl\u201c werden nach einem alten Rezept der tschechischen Vorfahren eingelegt. Das Besondere an Pepis Gurkerl sind der hohe Anteil an Gew\u00fcrzen und Gem\u00fcse (Karotten und Zwiebel), der s\u00fc\u00dfsaure Geschmack und die knackige Konsistenz.<\/p>\n<\/div>\n<div id=\"m3773\" class=\"module text\">\n<p class=\"bodytext\">Im Lauf der Jahre erweiterte sich aufgrund der gro\u00dfen Beliebtheit das Sauergem\u00fcse-Sortiment, das Angebot variiert nach Saison und Ernte. Aber es gilt stets das Motto:<\/p>\n<p><em><strong>&#8222;Bio-Gem\u00fcse auf unseren Feldern gewachsen und direkt am Biohof von Hand eingelegt&#8220;<\/strong><\/em><\/p>\n<\/div>\n","protected":false},"excerpt":{"rendered":"<p>Bio Eingelegtes aus dem Marchfeld<\/p>\n","protected":false},"featured_media":18330,"comment_status":"open","ping_status":"closed","template":"","meta":{"_links_to":"","_links_to_target":""},"pwb-brand":[3077],"product_brand":[],"product_cat":[1760],"product_tag":[3078,1764,3084,1893,1220],"class_list":{"0":"post-18329","1":"product","2":"type-product","3":"status-publish","4":"has-post-thumbnail","6":"pwb-brand-bioihof-bubenicek-meiberger","7":"product_cat-marchfelder-genusseck","8":"product_tag-bio-eingelegtes","9":"product_tag-gaenserndorf","10":"product_tag-gurken","11":"product_tag-marchfeld","12":"product_tag-oesterreich","13":"pa_herkunft-oesterreich","15":"first","16":"instock","17":"taxable","18":"shipping-taxable","19":"purchasable","20":"product-type-simple"},"blog_post_layout_featured_media_urls":{"thumbnail":["https:\/\/www.lebens-qi.at\/qishop\/wp-content\/uploads\/bio-essiggurken-scharf-150x150.png",150,150,true],"full":["https:\/\/www.lebens-qi.at\/qishop\/wp-content\/uploads\/bio-essiggurken-scharf.png",600,600,false]},"categories":["3077"],"categories_names":{"3077":{"name":"Biohof Bubenicek Meiberger","link":"https:\/\/www.lebens-qi.at\/qishop\/brand\/bioihof-bubenicek-meiberger\/"}},"comments_number":"0","brands":[{"id":3077,"name":"Biohof Bubenicek Meiberger","slug":"bioihof-bubenicek-meiberger"}],"_links":{"self":[{"href":"https:\/\/www.lebens-qi.at\/qishop\/wp-json\/wp\/v2\/product\/18329","targetHints":{"allow":["GET"]}}],"collection":[{"href":"https:\/\/www.lebens-qi.at\/qishop\/wp-json\/wp\/v2\/product"}],"about":[{"href":"https:\/\/www.lebens-qi.at\/qishop\/wp-json\/wp\/v2\/types\/product"}],"replies":[{"embeddable":true,"href":"https:\/\/www.lebens-qi.at\/qishop\/wp-json\/wp\/v2\/comments?post=18329"}],"wp:featuredmedia":[{"embeddable":true,"href":"https:\/\/www.lebens-qi.at\/qishop\/wp-json\/wp\/v2\/media\/18330"}],"wp:attachment":[{"href":"https:\/\/www.lebens-qi.at\/qishop\/wp-json\/wp\/v2\/media?parent=18329"}],"wp:term":[{"taxonomy":"pwb-brand","embeddable":true,"href":"https:\/\/www.lebens-qi.at\/qishop\/wp-json\/wp\/v2\/pwb-brand?post=18329"},{"taxonomy":"product_brand","embeddable":true,"href":"https:\/\/www.lebens-qi.at\/qishop\/wp-json\/wp\/v2\/product_brand?post=18329"},{"taxonomy":"product_cat","embeddable":true,"href":"https:\/\/www.lebens-qi.at\/qishop\/wp-json\/wp\/v2\/product_cat?post=18329"},{"taxonomy":"product_tag","embeddable":true,"href":"https:\/\/www.lebens-qi.at\/qishop\/wp-json\/wp\/v2\/product_tag?post=18329"}],"curies":[{"name":"wp","href":"https:\/\/api.w.org\/{rel}","templated":true}]}}