{"id":18338,"date":"2026-01-21T22:28:55","date_gmt":"2026-01-21T21:28:55","guid":{"rendered":"https:\/\/www.lebens-qi.at\/qishop\/?post_type=product&#038;p=18338"},"modified":"2026-01-29T19:42:18","modified_gmt":"2026-01-29T18:42:18","slug":"ambrosia-herzen","status":"publish","type":"product","link":"https:\/\/www.lebens-qi.at\/qishop\/produkt\/ambrosia-herzen\/","title":{"rendered":"Ambrosia Herzen"},"content":{"rendered":"<p><strong>Ambrosia R\u00e4ucherherzen<\/strong><\/p>\n<p>Ambrosia pur&#8230;.. der Duft der G\u00f6tter.<\/p>\n<p>Seit Jahren geh\u00f6ren die Ambrosia R\u00e4ucherst\u00e4bchen zu den beliebtesten in unserem Sortiment. F\u00fcr alle Liebhaber des Duftes bieten wir auch Ambrosiaherzen pur zum R\u00e4uchern auf Kohle oder Sieb an. Die gleichen wundervollen Ingredienzien in geballter Form sorgen f\u00fcr ein unvergessliches Erlebnis. Ein g\u00f6ttlicher Duft, den man sich selbst g\u00f6nnen sollte, jedoch auch von Herz zu Herz als liebevolles Geschenk weiterreichen kann.<\/p>\n<p><strong>Inhalt:<\/strong> 12 R\u00e4ucherherzen \u00e0 ca. 2 g<\/p>\n","protected":false},"excerpt":{"rendered":"<p>Duft der G\u00f6tter<\/p>\n","protected":false},"featured_media":18392,"comment_status":"open","ping_status":"closed","template":"","meta":{"_links_to":"","_links_to_target":""},"pwb-brand":[307],"product_brand":[],"product_cat":[464],"product_tag":[1037,3085,466],"class_list":{"0":"post-18338","1":"product","2":"type-product","3":"status-publish","4":"has-post-thumbnail","6":"pwb-brand-berk","7":"product_cat-raeucherwerk","8":"product_tag-ambrosia","9":"product_tag-raeucherherzen","10":"product_tag-raeuchern","12":"first","13":"instock","14":"taxable","15":"shipping-taxable","16":"purchasable","17":"product-type-simple"},"blog_post_layout_featured_media_urls":{"thumbnail":["https:\/\/www.lebens-qi.at\/qishop\/wp-content\/uploads\/Ambrosia-Glas-150x150.png",150,150,true],"full":["https:\/\/www.lebens-qi.at\/qishop\/wp-content\/uploads\/Ambrosia-Glas.png",800,800,false]},"categories":["307"],"categories_names":{"307":{"name":"Berk","link":"https:\/\/www.lebens-qi.at\/qishop\/brand\/berk\/"}},"comments_number":"0","brands":[{"id":307,"name":"Berk","slug":"berk"}],"_links":{"self":[{"href":"https:\/\/www.lebens-qi.at\/qishop\/wp-json\/wp\/v2\/product\/18338","targetHints":{"allow":["GET"]}}],"collection":[{"href":"https:\/\/www.lebens-qi.at\/qishop\/wp-json\/wp\/v2\/product"}],"about":[{"href":"https:\/\/www.lebens-qi.at\/qishop\/wp-json\/wp\/v2\/types\/product"}],"replies":[{"embeddable":true,"href":"https:\/\/www.lebens-qi.at\/qishop\/wp-json\/wp\/v2\/comments?post=18338"}],"wp:featuredmedia":[{"embeddable":true,"href":"https:\/\/www.lebens-qi.at\/qishop\/wp-json\/wp\/v2\/media\/18392"}],"wp:attachment":[{"href":"https:\/\/www.lebens-qi.at\/qishop\/wp-json\/wp\/v2\/media?parent=18338"}],"wp:term":[{"taxonomy":"pwb-brand","embeddable":true,"href":"https:\/\/www.lebens-qi.at\/qishop\/wp-json\/wp\/v2\/pwb-brand?post=18338"},{"taxonomy":"product_brand","embeddable":true,"href":"https:\/\/www.lebens-qi.at\/qishop\/wp-json\/wp\/v2\/product_brand?post=18338"},{"taxonomy":"product_cat","embeddable":true,"href":"https:\/\/www.lebens-qi.at\/qishop\/wp-json\/wp\/v2\/product_cat?post=18338"},{"taxonomy":"product_tag","embeddable":true,"href":"https:\/\/www.lebens-qi.at\/qishop\/wp-json\/wp\/v2\/product_tag?post=18338"}],"curies":[{"name":"wp","href":"https:\/\/api.w.org\/{rel}","templated":true}]}}