{"id":18349,"date":"2026-01-23T12:14:49","date_gmt":"2026-01-23T11:14:49","guid":{"rendered":"https:\/\/www.lebens-qi.at\/qishop\/?post_type=product&#038;p=18349"},"modified":"2026-01-23T13:09:29","modified_gmt":"2026-01-23T12:09:29","slug":"liebliche-michi-wald-und-wiesen-cremehonig-mit-himbeeren","status":"publish","type":"product","link":"https:\/\/www.lebens-qi.at\/qishop\/produkt\/liebliche-michi-wald-und-wiesen-cremehonig-mit-himbeeren\/","title":{"rendered":"Liebliche Michi &#8211; Wald- und Wiesen-Cremehonig mit Himbeeren"},"content":{"rendered":"<h3 class=\"jw-heading-70\">Liebliche Michi<\/h3>\n<p><em>&#8222;Die Eltern von Michi, meiner besten Freundin, haben einen gro\u00dfen Obst- und Gem\u00fcsegarten und da darf ich im Sommer Himbeeren holen. Und &#8222;lieblich&#8220; passt ebenso absolut zu Michaela. Sie ist eine Freundin mit Herz und Seele, die mich schon sehr sehr lange durchs Leben begleitet.&#8220;<\/em> &#8212; Martin St\u00f6ger, FlorBee<\/p>\n<p>F\u00fcr den Honig &#8222;Liebliche Michi&#8220; wird der Honig mit gefriergetrockneten, gemahlenen Himbeeren anger\u00fchrt. Die S\u00fc\u00dfe und auch die milde S\u00e4ure der Himbeeren verleiht diesem Honig eine einzigartige Fruchtigkeit, eine wunderbare Alternative zur Himbeer-Marmelade.<\/p>\n<p><strong>Inhalt:<\/strong> 200 g<br \/>\n<strong>Zutaten:<\/strong> Wald- und Wiesen-Cremehonig, 5 % Himbeeren (gefriergetrocknet, gemahlen)<\/p>\n<p>Regional aus G\u00e4nserndorf\/Nieder\u00f6sterreich<\/p>\n<h3><span class=\"OYPEnA font-feature-liga-off font-feature-clig-off font-feature-calt-off text-decoration-none text-strikethrough-none\"><strong>~ FlorBee Honigsorten mit Geschmack ~<br \/>\n<\/strong><\/span><\/h3>\n<p><span id=\"output-sentence~0\"><span id=\"output-word~0~0\" data-segment-position=\"0\">Bienenhonig<\/span><span id=\"output-word~0~2\" data-segment-position=\"2\">\u00a0<\/span><span id=\"output-word~0~3\" data-segment-position=\"3\">aus <\/span><span id=\"output-word~0~4\" data-segment-position=\"4\">eigener <\/span><span id=\"output-word~0~5\" data-segment-position=\"5\">Herstellung <\/span><span id=\"output-word~0~6\" data-segment-position=\"6\">von <\/span><span id=\"output-word~0~7\" data-segment-position=\"7\">FlorBee.<\/span><\/span> <span id=\"output-sentence~1\"><span id=\"output-word~1~0\" data-segment-position=\"0\">Die <\/span><span id=\"output-word~1~1\" data-segment-position=\"1\">Herstellung <\/span><span id=\"output-word~1~2\" data-segment-position=\"2\">aller <\/span><span id=\"output-word~1~3\" data-segment-position=\"3\">Honigprodukte <\/span><span id=\"output-word~1~4\" data-segment-position=\"4\">erfolgt <\/span><span id=\"output-word~1~5\" data-segment-position=\"5\">selbstst\u00e4ndig <\/span><span id=\"output-word~1~6\" data-segment-position=\"6\">und <\/span><span id=\"output-word~1~7\" data-segment-position=\"7\">entspricht <\/span><span id=\"output-word~1~8\" data-segment-position=\"8\">den <\/span><span id=\"output-word~1~9\" data-segment-position=\"9\">h\u00f6chsten <\/span><span id=\"output-word~1~10\" data-segment-position=\"10\">Qualit\u00e4tsstandards.<\/span><\/span> <span id=\"output-sentence~2\"><span id=\"output-word~2~0\" data-segment-position=\"0\">Honig <\/span><span id=\"output-word~2~1\" data-segment-position=\"1\">wird <\/span><span id=\"output-word~2~2\" data-segment-position=\"2\">von <\/span><span id=\"output-word~2~3\" data-segment-position=\"3\">Natur <\/span><span id=\"output-word~2~4\" data-segment-position=\"4\">aus <\/span><span id=\"output-word~2~5\" data-segment-position=\"5\">hergestellt <\/span><span id=\"output-word~2~6\" data-segment-position=\"6\">und <\/span><span id=\"output-word~2~7\" data-segment-position=\"7\">enth\u00e4lt <\/span><span id=\"output-word~2~8\" data-segment-position=\"8\">keine <\/span><span id=\"output-word~2~9\" data-segment-position=\"9\">chemischen <\/span><span id=\"output-word~2~10\" data-segment-position=\"10\">Zusatzstoffe, <\/span><span id=\"output-word~2~11\" data-segment-position=\"11\">Farbstoffe <\/span><span id=\"output-word~2~12\" data-segment-position=\"12\">oder <\/span><span id=\"output-word~2~13\" data-segment-position=\"13\">Konservierungsmittel!<\/span><\/span><\/p>\n<p><span class=\"OYPEnA font-feature-liga-off font-feature-clig-off font-feature-calt-off text-decoration-none text-strikethrough-none\">Alle FlorBee Honigsorten mit Geschmack sind benannt nach den Mitgliedern und Freunden der Familie Nickmann-St\u00f6ger. <strong>Das ist Honig mit Geschichte!<\/strong><\/span><\/p>\n<div class=\"product-page__container\">\n<div class=\"product-page__description\">\n<p>&nbsp;<\/p>\n<\/div>\n<\/div>\n","protected":false},"excerpt":{"rendered":"<p>Bienenhonig mit Geschmack aus G\u00e4nserndorf\/Nieder\u00f6sterreich<\/p>\n","protected":false},"featured_media":18352,"comment_status":"open","ping_status":"closed","template":"","meta":{"_links_to":"","_links_to_target":""},"pwb-brand":[2019],"product_brand":[],"product_cat":[1760],"product_tag":[1764,1714,1761,1763,1762,1220],"class_list":{"0":"post-18349","1":"product","2":"type-product","3":"status-publish","4":"has-post-thumbnail","6":"pwb-brand-florbee","7":"product_cat-marchfelder-genusseck","8":"product_tag-gaenserndorf","9":"product_tag-himbeere","10":"product_tag-honig","11":"product_tag-imker","12":"product_tag-naturbelassen","13":"product_tag-oesterreich","14":"pa_herkunft-oesterreich","16":"first","17":"instock","18":"taxable","19":"shipping-taxable","20":"purchasable","21":"product-type-simple"},"blog_post_layout_featured_media_urls":{"thumbnail":["https:\/\/www.lebens-qi.at\/qishop\/wp-content\/uploads\/liebliche-michi-honig-150x150.png",150,150,true],"full":["https:\/\/www.lebens-qi.at\/qishop\/wp-content\/uploads\/liebliche-michi-honig.png",600,600,false]},"categories":["2019"],"categories_names":{"2019":{"name":"FlorBee","link":"https:\/\/www.lebens-qi.at\/qishop\/brand\/florbee\/"}},"comments_number":"0","brands":[{"id":2019,"name":"FlorBee","slug":"florbee"}],"_links":{"self":[{"href":"https:\/\/www.lebens-qi.at\/qishop\/wp-json\/wp\/v2\/product\/18349","targetHints":{"allow":["GET"]}}],"collection":[{"href":"https:\/\/www.lebens-qi.at\/qishop\/wp-json\/wp\/v2\/product"}],"about":[{"href":"https:\/\/www.lebens-qi.at\/qishop\/wp-json\/wp\/v2\/types\/product"}],"replies":[{"embeddable":true,"href":"https:\/\/www.lebens-qi.at\/qishop\/wp-json\/wp\/v2\/comments?post=18349"}],"wp:featuredmedia":[{"embeddable":true,"href":"https:\/\/www.lebens-qi.at\/qishop\/wp-json\/wp\/v2\/media\/18352"}],"wp:attachment":[{"href":"https:\/\/www.lebens-qi.at\/qishop\/wp-json\/wp\/v2\/media?parent=18349"}],"wp:term":[{"taxonomy":"pwb-brand","embeddable":true,"href":"https:\/\/www.lebens-qi.at\/qishop\/wp-json\/wp\/v2\/pwb-brand?post=18349"},{"taxonomy":"product_brand","embeddable":true,"href":"https:\/\/www.lebens-qi.at\/qishop\/wp-json\/wp\/v2\/product_brand?post=18349"},{"taxonomy":"product_cat","embeddable":true,"href":"https:\/\/www.lebens-qi.at\/qishop\/wp-json\/wp\/v2\/product_cat?post=18349"},{"taxonomy":"product_tag","embeddable":true,"href":"https:\/\/www.lebens-qi.at\/qishop\/wp-json\/wp\/v2\/product_tag?post=18349"}],"curies":[{"name":"wp","href":"https:\/\/api.w.org\/{rel}","templated":true}]}}