{"id":1841,"date":"2024-02-19T11:55:28","date_gmt":"2024-02-19T10:55:28","guid":{"rendered":"https:\/\/www.lebens-qi.at\/qishop\/produkt\/taste-of-georgia-wild-orange-pekoe-grusinien\/"},"modified":"2025-04-09T11:15:09","modified_gmt":"2025-04-09T09:15:09","slug":"taste-of-georgia-wild-orange-pekoe-grusinien","status":"publish","type":"product","link":"https:\/\/www.lebens-qi.at\/qishop\/produkt\/taste-of-georgia-wild-orange-pekoe-grusinien\/","title":{"rendered":"Taste of Georgia &#8211; Orange Pekoe Wild Grusinien"},"content":{"rendered":"<p><b>RARIT\u00c4T!<br \/>\nOrange Pekoe <\/b><b>Wild <\/b><b> Grusinien<\/b><br \/>\nSchwarztee aus Georgien<\/p>\n<p>Tees aus Georgien (Russisch: Grusinien) haben eine lange Tradition und waren lange Zeit sehr rar. Wir freuen uns daher umso mehr, diese Spezialit\u00e4t anbieten zu k\u00f6nnen. Seit Mitte des 18. Jahrhunderts wird Tee in Georgien angebaut und produziert. Basis der Kultivierung sind chinesische Teepflanzen. Diese Qualit\u00e4t stammt<b> von wild wachsenden Teeb\u00fcschen<\/b>. Die Blattstruktur wirkt matt-schwarz, lang und drahtig mit einigen Tips. Das aufgegossene Blattgut ist s\u00fc\u00dflich brotig, die messingfarbene Tasse vollmundig w\u00fcrzig mit feiner Fruchtnote.<\/p>\n<p>3-5 Minuten Ziehzeit<br \/>\n100\u00b0 C Wassertemperatur<br \/>\n4-5 gestrichene Teel\u00f6ffel\/1 Liter<\/p>\n<p><em><b>Zutaten:<\/b><br \/>\nschwarzer Tee<br \/>\n<\/em><br \/>\n<b>Inhalt:<\/b><br \/>\n60 g loser Tee in versiegelter Aromat\u00fcte<\/p>\n<p>Zeichnung auf der Etikette von Meli Binder<\/p>\n<p><em>Hinweis: &#8222;Orange Pekoe&#8220; hat nichts mit der Frucht Orange zu tun, sondern bezeichnet einen Schwarztee mit mittlerer Blattgr\u00f6\u00dfe<\/em><\/p>\n","protected":false},"excerpt":{"rendered":"<p>georgischer Schwarztee<\/p>\n","protected":false},"featured_media":13810,"comment_status":"open","ping_status":"closed","template":"","meta":{"_links_to":"","_links_to_target":""},"pwb-brand":[434],"product_brand":[],"product_cat":[2809,435],"product_tag":[1846,1503,2330,1665,1502,1504,443,2315,1845],"class_list":{"0":"post-1841","1":"product","2":"type-product","3":"status-publish","4":"has-post-thumbnail","6":"pwb-brand-lebens-qi-teehaus-qualitaet","7":"product_cat-schwarzer-tee","8":"product_cat-taste-of","9":"product_tag-georgien","10":"product_tag-lose","11":"product_tag-orange-pekoe","12":"product_tag-raritaet","13":"product_tag-schwarztee","14":"product_tag-spezialitaet","15":"product_tag-tee","16":"product_tag-teehaus-qualitaet","17":"product_tag-wildwuchs","19":"first","20":"instock","21":"taxable","22":"shipping-taxable","23":"purchasable","24":"product-type-simple"},"blog_post_layout_featured_media_urls":{"thumbnail":["https:\/\/www.lebens-qi.at\/qishop\/wp-content\/uploads\/orange-pekoe-tee-150x150.png",150,150,true],"full":["https:\/\/www.lebens-qi.at\/qishop\/wp-content\/uploads\/orange-pekoe-tee.png",800,800,false]},"categories":["434"],"categories_names":{"434":{"name":"Teehaus-Qualit\u00e4t vom LEBENS-QI","link":"https:\/\/www.lebens-qi.at\/qishop\/brand\/lebens-qi-teehaus-qualitaet\/"}},"comments_number":"0","brands":[{"id":434,"name":"Teehaus-Qualit\u00e4t vom LEBENS-QI","slug":"lebens-qi-teehaus-qualitaet"}],"_links":{"self":[{"href":"https:\/\/www.lebens-qi.at\/qishop\/wp-json\/wp\/v2\/product\/1841","targetHints":{"allow":["GET"]}}],"collection":[{"href":"https:\/\/www.lebens-qi.at\/qishop\/wp-json\/wp\/v2\/product"}],"about":[{"href":"https:\/\/www.lebens-qi.at\/qishop\/wp-json\/wp\/v2\/types\/product"}],"replies":[{"embeddable":true,"href":"https:\/\/www.lebens-qi.at\/qishop\/wp-json\/wp\/v2\/comments?post=1841"}],"wp:featuredmedia":[{"embeddable":true,"href":"https:\/\/www.lebens-qi.at\/qishop\/wp-json\/wp\/v2\/media\/13810"}],"wp:attachment":[{"href":"https:\/\/www.lebens-qi.at\/qishop\/wp-json\/wp\/v2\/media?parent=1841"}],"wp:term":[{"taxonomy":"pwb-brand","embeddable":true,"href":"https:\/\/www.lebens-qi.at\/qishop\/wp-json\/wp\/v2\/pwb-brand?post=1841"},{"taxonomy":"product_brand","embeddable":true,"href":"https:\/\/www.lebens-qi.at\/qishop\/wp-json\/wp\/v2\/product_brand?post=1841"},{"taxonomy":"product_cat","embeddable":true,"href":"https:\/\/www.lebens-qi.at\/qishop\/wp-json\/wp\/v2\/product_cat?post=1841"},{"taxonomy":"product_tag","embeddable":true,"href":"https:\/\/www.lebens-qi.at\/qishop\/wp-json\/wp\/v2\/product_tag?post=1841"}],"curies":[{"name":"wp","href":"https:\/\/api.w.org\/{rel}","templated":true}]}}