{"id":18416,"date":"2026-02-05T18:05:53","date_gmt":"2026-02-05T17:05:53","guid":{"rendered":"https:\/\/www.lebens-qi.at\/qishop\/?post_type=product&#038;p=18416"},"modified":"2026-02-05T18:23:21","modified_gmt":"2026-02-05T17:23:21","slug":"magic-mind-tarot-karten","status":"publish","type":"product","link":"https:\/\/www.lebens-qi.at\/qishop\/produkt\/magic-mind-tarot-karten\/","title":{"rendered":"Magic Mind Tarot &#8211; Karten"},"content":{"rendered":"<p><b>Karten: Magic Mind Tarot<br \/>\n<\/b>78 Karten f\u00fcr ein magisches Leben von @witchtimewithanna<br \/>\n<em>von Anna Hypnarowski<\/em><\/p>\n<div class=\"coverText\">\n<div class=\"product-detail-description-text product-detail-show-more-content is-open\">\n<div class=\"prh-heading-h3 prh-font-shift prh-mb-5 md:prh-mb-6\"><strong>Erwecke deine innere Magie!<\/strong><\/div>\n<div class=\"prh-font-fort prh-mb-8 md:prh-mb-10 prh-transition-all prh-ease-in-out prh-duration-300\">\n<div class=\"prh-line-clamp-none prh-font-lg prh-leading-relaxed prh-mb-2.5\" data-detail-text=\"\">\n<p>F\u00fcr alle, die ein freies, individuelles und magisches Leben f\u00fchren m\u00f6chten.<br \/>\nMit 78 kunstvoll gestalteten Karten, die starke und mystische Frauenfiguren abbilden, bietet Anna Hypnarowski eine moderne Interpretation klassischer Tarotkarten.<\/p>\n<p>Dieses Set ist ein <strong>Werkzeug zur Selbsttransformation<\/strong> und eine Einladung, die eigene innere Magie zu entdecken und zu leben. Die Texte im <strong>Begleitbuch<\/strong> f\u00fchren zug\u00e4nglich in die Tarot-Praxis ein. Die Karten sind inspiriert von dem klassischen Waite-Smith-Tarot, aber mit einem <strong>modernen, femininen Touch<\/strong>. Kuratiert von Anna Hypnarowski selbst, reflektieren die Motive ihre pers\u00f6nliche Vision und spirituelle Praxis.<\/p>\n<\/div>\n<\/div>\n<\/div>\n<\/div>\n","protected":false},"excerpt":{"rendered":"<p>78 Karten f\u00fcr ein magisches Leben von @witchtimewithanna<\/p>\n","protected":false},"featured_media":18417,"comment_status":"open","ping_status":"closed","template":"","meta":{"_links_to":"","_links_to_target":""},"pwb-brand":[3069],"product_brand":[],"product_cat":[892],"product_tag":[3094,1062,667,1159,863,889,1606],"class_list":{"0":"post-18416","1":"product","2":"type-product","3":"status-publish","4":"has-post-thumbnail","6":"pwb-brand-arkana-verlag","7":"product_cat-wahrsagekarten","8":"product_tag-anna-hypnarowski","9":"product_tag-hexe","10":"product_tag-kartendeck","11":"product_tag-magie","12":"product_tag-orakel","13":"product_tag-tarot","14":"product_tag-transformation","16":"first","17":"instock","18":"taxable","19":"shipping-taxable","20":"purchasable","21":"product-type-simple"},"blog_post_layout_featured_media_urls":{"thumbnail":["https:\/\/www.lebens-qi.at\/qishop\/wp-content\/uploads\/magic-mind-tarot-150x150.jpg",150,150,true],"full":["https:\/\/www.lebens-qi.at\/qishop\/wp-content\/uploads\/magic-mind-tarot.jpg",394,394,false]},"categories":["3069"],"categories_names":{"3069":{"name":"arkana Verlag","link":"https:\/\/www.lebens-qi.at\/qishop\/brand\/arkana-verlag\/"}},"comments_number":"0","brands":[{"id":3069,"name":"arkana Verlag","slug":"arkana-verlag"}],"_links":{"self":[{"href":"https:\/\/www.lebens-qi.at\/qishop\/wp-json\/wp\/v2\/product\/18416","targetHints":{"allow":["GET"]}}],"collection":[{"href":"https:\/\/www.lebens-qi.at\/qishop\/wp-json\/wp\/v2\/product"}],"about":[{"href":"https:\/\/www.lebens-qi.at\/qishop\/wp-json\/wp\/v2\/types\/product"}],"replies":[{"embeddable":true,"href":"https:\/\/www.lebens-qi.at\/qishop\/wp-json\/wp\/v2\/comments?post=18416"}],"wp:featuredmedia":[{"embeddable":true,"href":"https:\/\/www.lebens-qi.at\/qishop\/wp-json\/wp\/v2\/media\/18417"}],"wp:attachment":[{"href":"https:\/\/www.lebens-qi.at\/qishop\/wp-json\/wp\/v2\/media?parent=18416"}],"wp:term":[{"taxonomy":"pwb-brand","embeddable":true,"href":"https:\/\/www.lebens-qi.at\/qishop\/wp-json\/wp\/v2\/pwb-brand?post=18416"},{"taxonomy":"product_brand","embeddable":true,"href":"https:\/\/www.lebens-qi.at\/qishop\/wp-json\/wp\/v2\/product_brand?post=18416"},{"taxonomy":"product_cat","embeddable":true,"href":"https:\/\/www.lebens-qi.at\/qishop\/wp-json\/wp\/v2\/product_cat?post=18416"},{"taxonomy":"product_tag","embeddable":true,"href":"https:\/\/www.lebens-qi.at\/qishop\/wp-json\/wp\/v2\/product_tag?post=18416"}],"curies":[{"name":"wp","href":"https:\/\/api.w.org\/{rel}","templated":true}]}}