{"id":18420,"date":"2026-02-05T18:41:01","date_gmt":"2026-02-05T17:41:01","guid":{"rendered":"https:\/\/www.lebens-qi.at\/qishop\/?post_type=product&#038;p=18420"},"modified":"2026-02-14T23:14:49","modified_gmt":"2026-02-14T22:14:49","slug":"bluetenorakel-karten-set","status":"publish","type":"product","link":"https:\/\/www.lebens-qi.at\/qishop\/produkt\/bluetenorakel-karten-set\/","title":{"rendered":"Bl\u00fctenorakel &#8211; Karten-Set"},"content":{"rendered":"<p><b>Kartenset: Bl\u00fctenorakel<br \/>\n<\/b>Nutze die faszinierende Energie der Blumen und sp\u00fcre die Kraft der Natur &#8211; 52 florale Karten mit Begleitbuch<br \/>\n<em>von Elvira Gettinger<\/em><\/p>\n<div id=\"description-tab-ce5a598bcee05b24b8677b504f2f2988-pane\" class=\"tab-pane fade show active\" role=\"tabpanel\" aria-labelledby=\"description-tab-ce5a598bcee05b24b8677b504f2f2988\">\n<div class=\"product-detail-show-more-container\" data-show-more=\"\">\n<div class=\"product-detail-description-text product-detail-show-more-content is-open\">\n<p><strong>Treibenlassen im Bl\u00fctenmeer<\/strong><\/p>\n<p>\u00d6ffne deinen Geist f\u00fcr die Sch\u00f6nheit der Natur und lasse die zarte Pflanze der Selbsterkenntnis zu einer strahlenden Bl\u00fcte heranwachsen.\u00a0Trete ein in die Welt der Bl\u00fcten und Blumen und lerne ihre Botschaften zu lesen.\u00a0<strong>Finde heraus, wie du ihre spezifische Bedeutung f\u00fcr dich nutzen kannst, und lasse dich von ihnen leiten<\/strong>: Welche Botschaft h\u00e4lt die Magnolie f\u00fcr deine berufliche Zukunft bereit? Und was bedeutet das Schneegl\u00f6ckchen f\u00fcr deine aktuellen Beziehungsthemen? Ziehe eine Orakelkarte und finde die Antworten, nach denen du schon lange suchst.<\/p>\n<ul>\n<li><strong>Die Kraft der Bl\u00fctenweisheiten<\/strong>: Faszinierendes Blumenwissen begleitet dich in deiner Orakellegung bei deinen Fragen zu Beruf, Liebe und mehr<\/li>\n<li><strong>Mit Begleitbuch und Zusatzfunktionen<\/strong>: Jede Karte stellt einen Bezug zu Tarotdeutung und Astrologie her und l\u00e4sst sich auch als Zeitkarte nutzen. Wie du die Karten am besten nutzt, erf\u00e4hrst du im umfassenden Begleitbuch<\/li>\n<li><strong>Zauberhafte Blumenkunst: <\/strong>52 malerisch in Szene gesetzte Bl\u00fcten lassen die romantischen Kartenmotive erstrahlen<\/li>\n<li><strong>Hochwertige Kartenbox mit Folienpr\u00e4gung<\/strong> auf dem Cover und Karten mit<strong> edlem Goldschnitt<\/strong><\/li>\n<\/ul>\n<p>Bist du bereit, deiner Zukunft zu begegnen? Werde zur Floristin deines Schicksals und arrangiere den Blumenstrau\u00df deines Lebens nach deinen Vorstellungen.<\/p>\n<p>Seit Anbeginn der Zeit \u00fcbt die Pflanzenwelt eine einmalige Faszination auf die Menschen aus und beeindruckt uns immer wieder aufs neue mit ihrer einzigartigen Sch\u00f6nheit und Vielfalt. <strong>Kartenlegerin und YouTuberin Elvira Gettinger<\/strong> hat sich von der <strong>Magie der Blumen <\/strong>inspirieren lassen und f\u00fcr dich diese wundervollen <strong>Orakelkarten<\/strong> kreiert. In ihrem Kartenset extrahiert sie die magische Anziehungskraft der Blumen wie den Duft einer zarten Bl\u00fcte und verwandelt sie in ein <strong>Instrument f\u00fcr deine Lebensdeutung, <\/strong>das nicht nur mit <strong>leuchtenden Bl\u00fctenillustrationen<\/strong> verzaubert, sondern auch <strong>wertvolles Pflanzenwissen aus Botanik, Mythologie und Geschichte<\/strong> mitliefert.<\/p>\n<\/div>\n<\/div>\n<\/div>\n","protected":false},"excerpt":{"rendered":"<p>Nutze die faszinierende Energie der Blumen und sp\u00fcre die Kraft der Natur- 52 florale Karten mit Begleitbuch<\/p>\n","protected":false},"featured_media":18421,"comment_status":"open","ping_status":"closed","template":"","meta":{"_links_to":"","_links_to_target":""},"pwb-brand":[2029],"product_brand":[],"product_cat":[3019,862],"product_tag":[1060,1645,873,2362,3095,872,667,1088,863],"class_list":{"0":"post-18420","1":"product","2":"type-product","3":"status-publish","4":"has-post-thumbnail","6":"pwb-brand-emf-edition-michael-fischer","7":"product_cat-ostern","8":"product_cat-impulskarten","9":"product_tag-blumen","10":"product_tag-blueten","11":"product_tag-botschaften","12":"product_tag-deutung","13":"product_tag-elvira-gettinger","14":"product_tag-impulse","15":"product_tag-kartendeck","16":"product_tag-kunst","17":"product_tag-orakel","19":"first","20":"instock","21":"taxable","22":"shipping-taxable","23":"purchasable","24":"product-type-simple"},"blog_post_layout_featured_media_urls":{"thumbnail":["https:\/\/www.lebens-qi.at\/qishop\/wp-content\/uploads\/bluetenorakel-150x150.jpg",150,150,true],"full":["https:\/\/www.lebens-qi.at\/qishop\/wp-content\/uploads\/bluetenorakel.jpg",354,354,false]},"categories":["2029"],"categories_names":{"2029":{"name":"EMF - Edition Michael Fischer","link":"https:\/\/www.lebens-qi.at\/qishop\/brand\/emf-edition-michael-fischer\/"}},"comments_number":"0","brands":[{"id":2029,"name":"EMF - Edition Michael Fischer","slug":"emf-edition-michael-fischer"}],"_links":{"self":[{"href":"https:\/\/www.lebens-qi.at\/qishop\/wp-json\/wp\/v2\/product\/18420","targetHints":{"allow":["GET"]}}],"collection":[{"href":"https:\/\/www.lebens-qi.at\/qishop\/wp-json\/wp\/v2\/product"}],"about":[{"href":"https:\/\/www.lebens-qi.at\/qishop\/wp-json\/wp\/v2\/types\/product"}],"replies":[{"embeddable":true,"href":"https:\/\/www.lebens-qi.at\/qishop\/wp-json\/wp\/v2\/comments?post=18420"}],"wp:featuredmedia":[{"embeddable":true,"href":"https:\/\/www.lebens-qi.at\/qishop\/wp-json\/wp\/v2\/media\/18421"}],"wp:attachment":[{"href":"https:\/\/www.lebens-qi.at\/qishop\/wp-json\/wp\/v2\/media?parent=18420"}],"wp:term":[{"taxonomy":"pwb-brand","embeddable":true,"href":"https:\/\/www.lebens-qi.at\/qishop\/wp-json\/wp\/v2\/pwb-brand?post=18420"},{"taxonomy":"product_brand","embeddable":true,"href":"https:\/\/www.lebens-qi.at\/qishop\/wp-json\/wp\/v2\/product_brand?post=18420"},{"taxonomy":"product_cat","embeddable":true,"href":"https:\/\/www.lebens-qi.at\/qishop\/wp-json\/wp\/v2\/product_cat?post=18420"},{"taxonomy":"product_tag","embeddable":true,"href":"https:\/\/www.lebens-qi.at\/qishop\/wp-json\/wp\/v2\/product_tag?post=18420"}],"curies":[{"name":"wp","href":"https:\/\/api.w.org\/{rel}","templated":true}]}}