{"id":18423,"date":"2026-02-05T19:31:52","date_gmt":"2026-02-05T18:31:52","guid":{"rendered":"https:\/\/www.lebens-qi.at\/qishop\/?post_type=product&#038;p=18423"},"modified":"2026-02-05T20:02:27","modified_gmt":"2026-02-05T19:02:27","slug":"lebensbaum-schluesselanhaenger-little-stories","status":"publish","type":"product","link":"https:\/\/www.lebens-qi.at\/qishop\/produkt\/lebensbaum-schluesselanhaenger-little-stories\/","title":{"rendered":"Lebensbaum &#8211; Schl\u00fcsselanh\u00e4nger &#8222;little stories&#8220;"},"content":{"rendered":"<p><strong>Lebensbaum<\/strong><br \/>\nSymbol mit Bedeutung &#8211; Emaille-veredelter Schl\u00fcsselanh\u00e4nger mit einem kleinen Blatt-Charm und den Worten<br \/>\n&#8222;Enjoy your life.&#8220;<\/p>\n<p>Die zauberhaften Schl\u00fcsselanh\u00e4nger <b>little stories<\/b>\u00a0begeistern mit liebevoll gestalteten Emaille-Anh\u00e4ngern. Sechs einzigartige Symbole bieten eine vielf\u00e4ltige Auswahl. Jeder Schl\u00fcsselanh\u00e4nger wird von einer Karte mit einem pers\u00f6nlichen Spruch begleitet, der ihre Bedeutung unterstreicht.<\/p>\n<p><b>Material:<\/b> Metall nickelallergiefrei mit Emaille<br \/>\n<b>Farbe: <\/b>gold, Emaille naturwei\u00df<br \/>\n<b>Gr\u00f6\u00dfe:<\/b> \u00f8 3,2 cm<br \/>\n<strong>Gesamtl\u00e4nge:<\/strong> ca. 7 cm<\/p>\n<p><em><strong>Hinweis:<\/strong> Lieferumfang ein Schl\u00fcsselanh\u00e4nger<\/em><\/p>\n","protected":false},"excerpt":{"rendered":"<p>mit kleinem Blatt-Charm<\/p>\n","protected":false},"featured_media":18424,"comment_status":"open","ping_status":"closed","template":"","meta":{"_links_to":"","_links_to_target":""},"pwb-brand":[3038],"product_brand":[],"product_cat":[1487],"product_tag":[314,312,3096,1752],"class_list":{"0":"post-18423","1":"product","2":"type-product","3":"status-publish","4":"has-post-thumbnail","6":"pwb-brand-hca","7":"product_cat-kleine-geschenke-fuer-grosse-freude","8":"product_tag-blatt","9":"product_tag-lebensbaum","10":"product_tag-little-stories","11":"product_tag-schluesselanhaenger","13":"first","14":"instock","15":"taxable","16":"shipping-taxable","17":"purchasable","18":"product-type-simple"},"blog_post_layout_featured_media_urls":{"thumbnail":["https:\/\/www.lebens-qi.at\/qishop\/wp-content\/uploads\/608235-frei_baum-150x150.jpg",150,150,true],"full":["https:\/\/www.lebens-qi.at\/qishop\/wp-content\/uploads\/608235-frei_baum.jpg",800,800,false]},"categories":["3038"],"categories_names":{"3038":{"name":"hca","link":"https:\/\/www.lebens-qi.at\/qishop\/brand\/hca\/"}},"comments_number":"0","brands":[{"id":3038,"name":"hca","slug":"hca"}],"_links":{"self":[{"href":"https:\/\/www.lebens-qi.at\/qishop\/wp-json\/wp\/v2\/product\/18423","targetHints":{"allow":["GET"]}}],"collection":[{"href":"https:\/\/www.lebens-qi.at\/qishop\/wp-json\/wp\/v2\/product"}],"about":[{"href":"https:\/\/www.lebens-qi.at\/qishop\/wp-json\/wp\/v2\/types\/product"}],"replies":[{"embeddable":true,"href":"https:\/\/www.lebens-qi.at\/qishop\/wp-json\/wp\/v2\/comments?post=18423"}],"wp:featuredmedia":[{"embeddable":true,"href":"https:\/\/www.lebens-qi.at\/qishop\/wp-json\/wp\/v2\/media\/18424"}],"wp:attachment":[{"href":"https:\/\/www.lebens-qi.at\/qishop\/wp-json\/wp\/v2\/media?parent=18423"}],"wp:term":[{"taxonomy":"pwb-brand","embeddable":true,"href":"https:\/\/www.lebens-qi.at\/qishop\/wp-json\/wp\/v2\/pwb-brand?post=18423"},{"taxonomy":"product_brand","embeddable":true,"href":"https:\/\/www.lebens-qi.at\/qishop\/wp-json\/wp\/v2\/product_brand?post=18423"},{"taxonomy":"product_cat","embeddable":true,"href":"https:\/\/www.lebens-qi.at\/qishop\/wp-json\/wp\/v2\/product_cat?post=18423"},{"taxonomy":"product_tag","embeddable":true,"href":"https:\/\/www.lebens-qi.at\/qishop\/wp-json\/wp\/v2\/product_tag?post=18423"}],"curies":[{"name":"wp","href":"https:\/\/api.w.org\/{rel}","templated":true}]}}