{"id":18426,"date":"2026-02-05T19:55:47","date_gmt":"2026-02-05T18:55:47","guid":{"rendered":"https:\/\/www.lebens-qi.at\/qishop\/?post_type=product&#038;p=18426"},"modified":"2026-02-05T20:00:57","modified_gmt":"2026-02-05T19:00:57","slug":"engel-schluesselanhaenger-little-stories","status":"publish","type":"product","link":"https:\/\/www.lebens-qi.at\/qishop\/produkt\/engel-schluesselanhaenger-little-stories\/","title":{"rendered":"Engel &#8211; Schl\u00fcsselanh\u00e4nger &#8222;little stories&#8220;"},"content":{"rendered":"<p><strong>Engel<\/strong><br \/>\nSymbol mit Bedeutung &#8211; Emaille-veredelter Schl\u00fcsselanh\u00e4nger mit einem kleinen Schutzengel-Charm und den Worten<br \/>\n&#8222;I will protect you.&#8220;<\/p>\n<p>Die zauberhaften Schl\u00fcsselanh\u00e4nger <b>little stories<\/b>\u00a0begeistern mit liebevoll gestalteten Emaille-Anh\u00e4ngern. Sechs einzigartige Symbole bieten eine vielf\u00e4ltige Auswahl. Jeder Schl\u00fcsselanh\u00e4nger wird von einer Karte mit einem pers\u00f6nlichen Spruch begleitet, der ihre Bedeutung unterstreicht.<\/p>\n<p><b>Material:<\/b> Metall nickelallergiefrei mit Emaille<br \/>\n<b>Farbe: <\/b>gold, Emaille hellblau<br \/>\n<b>Gr\u00f6\u00dfe:<\/b> \u00f8 3,2 cm<br \/>\n<strong>Gesamtl\u00e4nge:<\/strong> ca. 7 cm<\/p>\n<p><em><strong>Hinweis:<\/strong> Lieferumfang ein Schl\u00fcsselanh\u00e4nger<\/em><\/p>\n","protected":false},"excerpt":{"rendered":"<p>mit kleinem Schutzengel-Charm<\/p>\n","protected":false},"featured_media":18428,"comment_status":"open","ping_status":"closed","template":"","meta":{"_links_to":"","_links_to_target":""},"pwb-brand":[3038],"product_brand":[],"product_cat":[2043,1487],"product_tag":[545,3096,1752,544],"class_list":{"0":"post-18426","1":"product","2":"type-product","3":"status-publish","4":"has-post-thumbnail","6":"pwb-brand-hca","7":"product_cat-engelfiguren-deko","8":"product_cat-kleine-geschenke-fuer-grosse-freude","9":"product_tag-engel","10":"product_tag-little-stories","11":"product_tag-schluesselanhaenger","12":"product_tag-schutzengel","14":"first","15":"instock","16":"taxable","17":"shipping-taxable","18":"purchasable","19":"product-type-simple"},"blog_post_layout_featured_media_urls":{"thumbnail":["https:\/\/www.lebens-qi.at\/qishop\/wp-content\/uploads\/608238-frei_engel-150x150.jpg",150,150,true],"full":["https:\/\/www.lebens-qi.at\/qishop\/wp-content\/uploads\/608238-frei_engel.jpg",800,800,false]},"categories":["3038"],"categories_names":{"3038":{"name":"hca","link":"https:\/\/www.lebens-qi.at\/qishop\/brand\/hca\/"}},"comments_number":"0","brands":[{"id":3038,"name":"hca","slug":"hca"}],"_links":{"self":[{"href":"https:\/\/www.lebens-qi.at\/qishop\/wp-json\/wp\/v2\/product\/18426","targetHints":{"allow":["GET"]}}],"collection":[{"href":"https:\/\/www.lebens-qi.at\/qishop\/wp-json\/wp\/v2\/product"}],"about":[{"href":"https:\/\/www.lebens-qi.at\/qishop\/wp-json\/wp\/v2\/types\/product"}],"replies":[{"embeddable":true,"href":"https:\/\/www.lebens-qi.at\/qishop\/wp-json\/wp\/v2\/comments?post=18426"}],"wp:featuredmedia":[{"embeddable":true,"href":"https:\/\/www.lebens-qi.at\/qishop\/wp-json\/wp\/v2\/media\/18428"}],"wp:attachment":[{"href":"https:\/\/www.lebens-qi.at\/qishop\/wp-json\/wp\/v2\/media?parent=18426"}],"wp:term":[{"taxonomy":"pwb-brand","embeddable":true,"href":"https:\/\/www.lebens-qi.at\/qishop\/wp-json\/wp\/v2\/pwb-brand?post=18426"},{"taxonomy":"product_brand","embeddable":true,"href":"https:\/\/www.lebens-qi.at\/qishop\/wp-json\/wp\/v2\/product_brand?post=18426"},{"taxonomy":"product_cat","embeddable":true,"href":"https:\/\/www.lebens-qi.at\/qishop\/wp-json\/wp\/v2\/product_cat?post=18426"},{"taxonomy":"product_tag","embeddable":true,"href":"https:\/\/www.lebens-qi.at\/qishop\/wp-json\/wp\/v2\/product_tag?post=18426"}],"curies":[{"name":"wp","href":"https:\/\/api.w.org\/{rel}","templated":true}]}}